{"id":13243,"date":"2025-07-03T10:25:52","date_gmt":"2025-07-03T10:25:52","guid":{"rendered":"https:\/\/clone.vinomatos.com\/?page_id=13243"},"modified":"2025-07-21T14:23:35","modified_gmt":"2025-07-21T14:23:35","slug":"missao-valores-visao","status":"publish","type":"page","link":"https:\/\/clone.vinomatos.com\/pt-pt\/missao-valores-visao\/","title":{"rendered":"Miss\u00e3o | Valores | Vis\u00e3o"},"content":{"rendered":"\t\t<div data-elementor-type=\"wp-page\" data-elementor-id=\"13243\" class=\"elementor elementor-13243\" data-elementor-settings=\"{&quot;ha_cmc_init_switcher&quot;:&quot;no&quot;}\" data-elementor-post-type=\"page\">\n\t\t\t\t<div class=\"elementor-element elementor-element-78b30d5 e-grid e-con-boxed e-con e-parent\" data-id=\"78b30d5\" data-element_type=\"container\" data-e-type=\"container\" data-settings=\"{&quot;_ha_eqh_enable&quot;:false}\">\n\t\t\t\t\t<div class=\"e-con-inner\">\n\t\t<div class=\"elementor-element elementor-element-614fd9b e-con-full e-flex e-con e-child\" data-id=\"614fd9b\" data-element_type=\"container\" data-e-type=\"container\" data-settings=\"{&quot;_ha_eqh_enable&quot;:false}\">\n\t\t\t\t<div class=\"elementor-element elementor-element-bb24ab2 elementor-widget elementor-widget-heading\" data-id=\"bb24ab2\" data-element_type=\"widget\" data-e-type=\"widget\" data-widget_type=\"heading.default\">\n\t\t\t\t<div class=\"elementor-widget-container\">\n\t\t\t\t\t<span class=\"elementor-heading-title elementor-size-default\">VINOMATOS<\/span>\t\t\t\t<\/div>\n\t\t\t\t<\/div>\n\t\t\t\t<div class=\"elementor-element elementor-element-99acb59 elementor-widget elementor-widget-heading\" data-id=\"99acb59\" data-element_type=\"widget\" data-e-type=\"widget\" data-widget_type=\"heading.default\">\n\t\t\t\t<div class=\"elementor-widget-container\">\n\t\t\t\t\t<h2 class=\"elementor-heading-title elementor-size-default\">Explore nossa tecnologia de planta\u00e7\u00e3o de ponta<\/h2>\t\t\t\t<\/div>\n\t\t\t\t<\/div>\n\t\t\t\t<div class=\"elementor-element elementor-element-2403490 elementor-widget-divider--view-line_icon elementor-view-default elementor-widget-divider--element-align-center elementor-widget elementor-widget-divider\" data-id=\"2403490\" data-element_type=\"widget\" data-e-type=\"widget\" data-widget_type=\"divider.default\">\n\t\t\t\t<div class=\"elementor-widget-container\">\n\t\t\t\t\t\t\t<div class=\"elementor-divider\">\n\t\t\t<span class=\"elementor-divider-separator\">\n\t\t\t\t\t\t\t<div class=\"elementor-icon elementor-divider__element\">\n\t\t\t\t\t<svg aria-hidden=\"true\" class=\"e-font-icon-svg e-fas-feather-alt\" viewBox=\"0 0 512 512\" xmlns=\"http:\/\/www.w3.org\/2000\/svg\"><path d=\"M512 0C460.22 3.56 96.44 38.2 71.01 287.61c-3.09 26.66-4.84 53.44-5.99 80.24l178.87-178.69c6.25-6.25 16.4-6.25 22.65 0s6.25 16.38 0 22.63L7.04 471.03c-9.38 9.37-9.38 24.57 0 33.94 9.38 9.37 24.59 9.37 33.98 0l57.13-57.07c42.09-.14 84.15-2.53 125.96-7.36 53.48-5.44 97.02-26.47 132.58-56.54H255.74l146.79-48.88c11.25-14.89 21.37-30.71 30.45-47.12h-81.14l106.54-53.21C500.29 132.86 510.19 26.26 512 0z\"><\/path><\/svg><\/div>\n\t\t\t\t\t\t<\/span>\n\t\t<\/div>\n\t\t\t\t\t\t<\/div>\n\t\t\t\t<\/div>\n\t\t<div class=\"elementor-element elementor-element-8664f44 e-con-full e-flex e-con e-child\" data-id=\"8664f44\" data-element_type=\"container\" data-e-type=\"container\" data-settings=\"{&quot;_ha_eqh_enable&quot;:false}\">\n\t\t\t\t<div class=\"elementor-element elementor-element-577cbcb elementor-widget elementor-widget-image\" data-id=\"577cbcb\" data-element_type=\"widget\" data-e-type=\"widget\" data-widget_type=\"image.default\">\n\t\t\t\t<div class=\"elementor-widget-container\">\n\t\t\t\t\t\t\t\t\t\t\t\t\t\t\t<img fetchpriority=\"high\" decoding=\"async\" width=\"1024\" height=\"482\" src=\"https:\/\/clone.vinomatos.com\/wp-content\/uploads\/2025\/06\/vinha-2-1024x482.jpg\" class=\"attachment-large size-large wp-image-11253\" alt=\"\" srcset=\"https:\/\/clone.vinomatos.com\/wp-content\/uploads\/2025\/06\/vinha-2-1024x482.jpg 1024w, https:\/\/clone.vinomatos.com\/wp-content\/uploads\/2025\/06\/vinha-2-300x141.jpg 300w, https:\/\/clone.vinomatos.com\/wp-content\/uploads\/2025\/06\/vinha-2-768x362.jpg 768w, https:\/\/clone.vinomatos.com\/wp-content\/uploads\/2025\/06\/vinha-2.jpg 1440w\" sizes=\"(max-width: 1024px) 100vw, 1024px\" \/>\t\t\t\t\t\t\t\t\t\t\t\t\t\t\t<\/div>\n\t\t\t\t<\/div>\n\t\t\t\t<\/div>\n\t\t\t\t<\/div>\n\t\t<div class=\"elementor-element elementor-element-0444196 e-con-full e-flex e-con e-child\" data-id=\"0444196\" data-element_type=\"container\" data-e-type=\"container\" data-settings=\"{&quot;_ha_eqh_enable&quot;:false}\">\n\t\t\t\t<div class=\"elementor-element elementor-element-6a4d1ce elementor-widget elementor-widget-text-editor\" data-id=\"6a4d1ce\" data-element_type=\"widget\" data-e-type=\"widget\" data-widget_type=\"text-editor.default\">\n\t\t\t\t<div class=\"elementor-widget-container\">\n\t\t\t\t\t\t\t\t\t<h5><span style=\"text-decoration: underline;\"><strong>Foco no Cliente<\/strong><\/span><\/h5>\t\t\t\t\t\t\t\t<\/div>\n\t\t\t\t<\/div>\n\t\t\t\t<div class=\"elementor-element elementor-element-c63271a elementor-widget elementor-widget-text-editor\" data-id=\"c63271a\" data-element_type=\"widget\" data-e-type=\"widget\" data-widget_type=\"text-editor.default\">\n\t\t\t\t<div class=\"elementor-widget-container\">\n\t\t\t\t\t\t\t\t\t<p>Na VINOMATOS, o cliente est\u00e1 sempre no centro de tudo o que fazemos. A nossa equipa est\u00e1 empenhada em entender as necessidades dos nossos clientes e em fornecer solu\u00e7\u00f5es personalizadas que criem valor real. Desde a primeira consulta at\u00e9 \u00e0 instala\u00e7\u00e3o final, trabalhamos incansavelmente para garantir a satisfa\u00e7\u00e3o do cliente.<\/p>\t\t\t\t\t\t\t\t<\/div>\n\t\t\t\t<\/div>\n\t\t\t\t<div class=\"elementor-element elementor-element-339a912 elementor-widget elementor-widget-text-editor\" data-id=\"339a912\" data-element_type=\"widget\" data-e-type=\"widget\" data-widget_type=\"text-editor.default\">\n\t\t\t\t<div class=\"elementor-widget-container\">\n\t\t\t\t\t\t\t\t\t<h5><span style=\"text-decoration: underline;\"><strong>Equipa Diversificada e Inclusiva<\/strong><\/span><\/h5>\t\t\t\t\t\t\t\t<\/div>\n\t\t\t\t<\/div>\n\t\t\t\t<div class=\"elementor-element elementor-element-8c7017e elementor-widget elementor-widget-text-editor\" data-id=\"8c7017e\" data-element_type=\"widget\" data-e-type=\"widget\" data-widget_type=\"text-editor.default\">\n\t\t\t\t<div class=\"elementor-widget-container\">\n\t\t\t\t\t\t\t\t\t<div class=\"fusion-layout-column fusion_builder_column fusion-builder-column-2 fusion-flex-column\"><div class=\"fusion-column-wrapper fusion-flex-justify-content-flex-start fusion-content-layout-column\"><div class=\"fusion-text fusion-text-2 fusion-text-no-margin\"><p>Acreditamos na for\u00e7a da diversidade e na inclus\u00e3o. A nossa equipa \u00e9 composta por pessoas de diferentes origens e experi\u00eancias de vida, e \u00e9 essa diversidade que nos permite olhar para os desafios sob diferentes \u00e2ngulos e chegar a solu\u00e7\u00f5es inovadoras.<\/p><p>Estamos orgulhosos da equipa que constru\u00edmos na VINOMATOS e estamos confiantes de que, com o nosso talento coletivo, dedica\u00e7\u00e3o e paix\u00e3o, continuaremos a definir o padr\u00e3o de excel\u00eancia na ind\u00fastria de Planta\u00e7\u00e3o, Fabrico de M\u00e1quinas e Com\u00e9rcio Agr\u00edcola.<\/p><\/div><\/div><\/div>\t\t\t\t\t\t\t\t<\/div>\n\t\t\t\t<\/div>\n\t\t\t\t<\/div>\n\t\t\t\t\t<\/div>\n\t\t\t\t<\/div>\n\t\t<div class=\"elementor-element elementor-element-3b3deb9 e-flex e-con-boxed e-con e-parent\" data-id=\"3b3deb9\" data-element_type=\"container\" data-e-type=\"container\" data-settings=\"{&quot;_ha_eqh_enable&quot;:false}\">\n\t\t\t\t\t<div class=\"e-con-inner\">\n\t\t\t\t<div class=\"elementor-element elementor-element-b2b7e2b elementor-widget-divider--view-line_icon elementor-view-default elementor-widget-divider--element-align-center elementor-widget elementor-widget-divider\" data-id=\"b2b7e2b\" data-element_type=\"widget\" data-e-type=\"widget\" data-widget_type=\"divider.default\">\n\t\t\t\t<div class=\"elementor-widget-container\">\n\t\t\t\t\t\t\t<div class=\"elementor-divider\">\n\t\t\t<span class=\"elementor-divider-separator\">\n\t\t\t\t\t\t\t<div class=\"elementor-icon elementor-divider__element\">\n\t\t\t\t\t<i aria-hidden=\"true\" class=\"hm hm-tree-square\"><\/i><\/div>\n\t\t\t\t\t\t<\/span>\n\t\t<\/div>\n\t\t\t\t\t\t<\/div>\n\t\t\t\t<\/div>\n\t\t\t\t\t<\/div>\n\t\t\t\t<\/div>\n\t\t<div class=\"elementor-element elementor-element-a0eef46 e-flex e-con-boxed e-con e-parent\" data-id=\"a0eef46\" data-element_type=\"container\" data-e-type=\"container\" data-settings=\"{&quot;_ha_eqh_enable&quot;:false}\">\n\t\t\t\t\t<div class=\"e-con-inner\">\n\t\t\t\t<div class=\"elementor-element elementor-element-d1a8685 elementor-widget elementor-widget-heading\" data-id=\"d1a8685\" data-element_type=\"widget\" data-e-type=\"widget\" data-widget_type=\"heading.default\">\n\t\t\t\t<div class=\"elementor-widget-container\">\n\t\t\t\t\t<h2 class=\"elementor-heading-title elementor-size-default\">Pol\u00edtica de Gest\u00e3o<\/h2>\t\t\t\t<\/div>\n\t\t\t\t<\/div>\n\t\t\t\t<div class=\"elementor-element elementor-element-1705fdd elementor-widget elementor-widget-spacer\" data-id=\"1705fdd\" data-element_type=\"widget\" data-e-type=\"widget\" data-widget_type=\"spacer.default\">\n\t\t\t\t<div class=\"elementor-widget-container\">\n\t\t\t\t\t\t\t<div class=\"elementor-spacer\">\n\t\t\t<div class=\"elementor-spacer-inner\"><\/div>\n\t\t<\/div>\n\t\t\t\t\t\t<\/div>\n\t\t\t\t<\/div>\n\t\t\t\t\t<\/div>\n\t\t\t\t<\/div>\n\t\t<div class=\"elementor-element elementor-element-f93d5cb e-flex e-con-boxed e-con e-parent\" data-id=\"f93d5cb\" data-element_type=\"container\" data-e-type=\"container\" data-settings=\"{&quot;_ha_eqh_enable&quot;:false}\">\n\t\t\t\t\t<div class=\"e-con-inner\">\n\t\t\t\t\t<\/div>\n\t\t\t\t<\/div>\n\t\t<div class=\"elementor-element elementor-element-7ac32dc e-flex e-con-boxed e-con e-parent\" data-id=\"7ac32dc\" data-element_type=\"container\" data-e-type=\"container\" data-settings=\"{&quot;_ha_eqh_enable&quot;:false}\">\n\t\t\t\t\t<div class=\"e-con-inner\">\n\t\t\t\t<div class=\"elementor-element elementor-element-ff0273b elementor-widget elementor-widget-spacer\" data-id=\"ff0273b\" data-element_type=\"widget\" data-e-type=\"widget\" data-widget_type=\"spacer.default\">\n\t\t\t\t<div class=\"elementor-widget-container\">\n\t\t\t\t\t\t\t<div class=\"elementor-spacer\">\n\t\t\t<div class=\"elementor-spacer-inner\"><\/div>\n\t\t<\/div>\n\t\t\t\t\t\t<\/div>\n\t\t\t\t<\/div>\n\t\t\t\t\t<\/div>\n\t\t\t\t<\/div>\n\t\t\t\t<\/div>\n\t\t","protected":false},"excerpt":{"rendered":"<p>VINOMATOS Explore nossa tecnologia de planta\u00e7\u00e3o de ponta Foco no Cliente Na VINOMATOS, o cliente est\u00e1 sempre no centro de tudo o que fazemos. A nossa equipa est\u00e1 empenhada em entender as necessidades dos nossos clientes e em fornecer solu\u00e7\u00f5es personalizadas que criem valor real. Desde a primeira consulta at\u00e9 \u00e0 instala\u00e7\u00e3o final, trabalhamos incansavelmente&hellip;<\/p>\n","protected":false},"author":1,"featured_media":20798,"parent":0,"menu_order":0,"comment_status":"closed","ping_status":"closed","template":"","meta":{"_monsterinsights_skip_tracking":false,"_monsterinsights_sitenote_active":false,"_monsterinsights_sitenote_note":"","_monsterinsights_sitenote_category":0,"footnotes":""},"class_list":["post-13243","page","type-page","status-publish","has-post-thumbnail","hentry"],"yoast_head":"<!-- This site is optimized with the Yoast SEO plugin v27.2 - https:\/\/yoast.com\/product\/yoast-seo-wordpress\/ -->\n<title>Miss\u00e3o | Valores | Vis\u00e3o - Vinomatos \u00ae L\u00edder Mundial em Planta\u00e7\u00e3o Mecanizada por GPS<\/title>\n<meta name=\"robots\" content=\"index, follow, max-snippet:-1, max-image-preview:large, max-video-preview:-1\" \/>\n<link rel=\"canonical\" href=\"https:\/\/clone.vinomatos.com\/pt-pt\/missao-valores-visao\/\" \/>\n<meta property=\"og:locale\" content=\"pt_PT\" \/>\n<meta property=\"og:type\" content=\"article\" \/>\n<meta property=\"og:title\" content=\"Miss\u00e3o | Valores | Vis\u00e3o - Vinomatos \u00ae L\u00edder Mundial em Planta\u00e7\u00e3o Mecanizada por GPS\" \/>\n<meta property=\"og:description\" content=\"VINOMATOS Explore nossa tecnologia de planta\u00e7\u00e3o de ponta Foco no Cliente Na VINOMATOS, o cliente est\u00e1 sempre no centro de tudo o que fazemos. A nossa equipa est\u00e1 empenhada em entender as necessidades dos nossos clientes e em fornecer solu\u00e7\u00f5es personalizadas que criem valor real. Desde a primeira consulta at\u00e9 \u00e0 instala\u00e7\u00e3o final, trabalhamos incansavelmente&hellip;\" \/>\n<meta property=\"og:url\" content=\"https:\/\/clone.vinomatos.com\/pt-pt\/missao-valores-visao\/\" \/>\n<meta property=\"og:site_name\" content=\"Vinomatos \u00ae L\u00edder Mundial em Planta\u00e7\u00e3o Mecanizada por GPS\" \/>\n<meta property=\"article:publisher\" content=\"https:\/\/facebook.com\/vinomatos\" \/>\n<meta property=\"article:modified_time\" content=\"2025-07-21T14:23:35+00:00\" \/>\n<meta property=\"og:image\" content=\"https:\/\/clone.vinomatos.com\/wp-content\/uploads\/2025\/07\/fotocapa-scaled.jpg\" \/>\n\t<meta property=\"og:image:width\" content=\"2560\" \/>\n\t<meta property=\"og:image:height\" content=\"1151\" \/>\n\t<meta property=\"og:image:type\" content=\"image\/jpeg\" \/>\n<meta name=\"twitter:card\" content=\"summary_large_image\" \/>\n<meta name=\"twitter:site\" content=\"@vinomatos\" \/>\n<meta name=\"twitter:label1\" content=\"Tempo estimado de leitura\" \/>\n\t<meta name=\"twitter:data1\" content=\"2 minutos\" \/>\n<script type=\"application\/ld+json\" class=\"yoast-schema-graph\">{\"@context\":\"https:\/\/schema.org\",\"@graph\":[{\"@type\":\"WebPage\",\"@id\":\"https:\/\/clone.vinomatos.com\/pt-pt\/missao-valores-visao\/\",\"url\":\"https:\/\/clone.vinomatos.com\/pt-pt\/missao-valores-visao\/\",\"name\":\"Miss\u00e3o | Valores | Vis\u00e3o - Vinomatos \u00ae L\u00edder Mundial em Planta\u00e7\u00e3o Mecanizada por GPS\",\"isPartOf\":{\"@id\":\"https:\/\/clone.vinomatos.com\/pt-pt\/#website\"},\"primaryImageOfPage\":{\"@id\":\"https:\/\/clone.vinomatos.com\/pt-pt\/missao-valores-visao\/#primaryimage\"},\"image\":{\"@id\":\"https:\/\/clone.vinomatos.com\/pt-pt\/missao-valores-visao\/#primaryimage\"},\"thumbnailUrl\":\"https:\/\/clone.vinomatos.com\/wp-content\/uploads\/2025\/07\/fotocapa-scaled.jpg\",\"datePublished\":\"2025-07-03T10:25:52+00:00\",\"dateModified\":\"2025-07-21T14:23:35+00:00\",\"breadcrumb\":{\"@id\":\"https:\/\/clone.vinomatos.com\/pt-pt\/missao-valores-visao\/#breadcrumb\"},\"inLanguage\":\"pt-PT\",\"potentialAction\":[{\"@type\":\"ReadAction\",\"target\":[\"https:\/\/clone.vinomatos.com\/pt-pt\/missao-valores-visao\/\"]}]},{\"@type\":\"ImageObject\",\"inLanguage\":\"pt-PT\",\"@id\":\"https:\/\/clone.vinomatos.com\/pt-pt\/missao-valores-visao\/#primaryimage\",\"url\":\"https:\/\/clone.vinomatos.com\/wp-content\/uploads\/2025\/07\/fotocapa-scaled.jpg\",\"contentUrl\":\"https:\/\/clone.vinomatos.com\/wp-content\/uploads\/2025\/07\/fotocapa-scaled.jpg\",\"width\":2560,\"height\":1151},{\"@type\":\"BreadcrumbList\",\"@id\":\"https:\/\/clone.vinomatos.com\/pt-pt\/missao-valores-visao\/#breadcrumb\",\"itemListElement\":[{\"@type\":\"ListItem\",\"position\":1,\"name\":\"Home\",\"item\":\"https:\/\/clone.vinomatos.com\/pt-pt\/\"},{\"@type\":\"ListItem\",\"position\":2,\"name\":\"Miss\u00e3o | Valores | Vis\u00e3o\"}]},{\"@type\":\"WebSite\",\"@id\":\"https:\/\/clone.vinomatos.com\/pt-pt\/#website\",\"url\":\"https:\/\/clone.vinomatos.com\/pt-pt\/\",\"name\":\"Vinomatos \u00ae L\u00edder Mundial em Planta\u00e7\u00e3o Mecanizada por GPS\",\"description\":\"\",\"publisher\":{\"@id\":\"https:\/\/clone.vinomatos.com\/pt-pt\/#organization\"},\"potentialAction\":[{\"@type\":\"SearchAction\",\"target\":{\"@type\":\"EntryPoint\",\"urlTemplate\":\"https:\/\/clone.vinomatos.com\/pt-pt\/?s={search_term_string}\"},\"query-input\":{\"@type\":\"PropertyValueSpecification\",\"valueRequired\":true,\"valueName\":\"search_term_string\"}}],\"inLanguage\":\"pt-PT\"},{\"@type\":\"Organization\",\"@id\":\"https:\/\/clone.vinomatos.com\/pt-pt\/#organization\",\"name\":\"Vinomatos - L\u00edder Mundial em Planta\u00e7\u00e3o Mecanizada por GPS\",\"url\":\"https:\/\/clone.vinomatos.com\/pt-pt\/\",\"logo\":{\"@type\":\"ImageObject\",\"inLanguage\":\"pt-PT\",\"@id\":\"https:\/\/clone.vinomatos.com\/pt-pt\/#\/schema\/logo\/image\/\",\"url\":\"https:\/\/clone.vinomatos.com\/wp-content\/uploads\/2025\/07\/V-Logo.png\",\"contentUrl\":\"https:\/\/clone.vinomatos.com\/wp-content\/uploads\/2025\/07\/V-Logo.png\",\"width\":711,\"height\":247,\"caption\":\"Vinomatos - L\u00edder Mundial em Planta\u00e7\u00e3o Mecanizada por GPS\"},\"image\":{\"@id\":\"https:\/\/clone.vinomatos.com\/pt-pt\/#\/schema\/logo\/image\/\"},\"sameAs\":[\"https:\/\/facebook.com\/vinomatos\",\"https:\/\/x.com\/vinomatos\",\"https:\/\/instagram.com\/vinomatos\",\"https:\/\/linkedin.com\/company\/vinomatos\"]}]}<\/script>\n<!-- \/ Yoast SEO plugin. -->","yoast_head_json":{"title":"Miss\u00e3o | Valores | Vis\u00e3o - Vinomatos \u00ae L\u00edder Mundial em Planta\u00e7\u00e3o Mecanizada por GPS","robots":{"index":"index","follow":"follow","max-snippet":"max-snippet:-1","max-image-preview":"max-image-preview:large","max-video-preview":"max-video-preview:-1"},"canonical":"https:\/\/clone.vinomatos.com\/pt-pt\/missao-valores-visao\/","og_locale":"pt_PT","og_type":"article","og_title":"Miss\u00e3o | Valores | Vis\u00e3o - Vinomatos \u00ae L\u00edder Mundial em Planta\u00e7\u00e3o Mecanizada por GPS","og_description":"VINOMATOS Explore nossa tecnologia de planta\u00e7\u00e3o de ponta Foco no Cliente Na VINOMATOS, o cliente est\u00e1 sempre no centro de tudo o que fazemos. A nossa equipa est\u00e1 empenhada em entender as necessidades dos nossos clientes e em fornecer solu\u00e7\u00f5es personalizadas que criem valor real. Desde a primeira consulta at\u00e9 \u00e0 instala\u00e7\u00e3o final, trabalhamos incansavelmente&hellip;","og_url":"https:\/\/clone.vinomatos.com\/pt-pt\/missao-valores-visao\/","og_site_name":"Vinomatos \u00ae L\u00edder Mundial em Planta\u00e7\u00e3o Mecanizada por GPS","article_publisher":"https:\/\/facebook.com\/vinomatos","article_modified_time":"2025-07-21T14:23:35+00:00","og_image":[{"width":2560,"height":1151,"url":"https:\/\/clone.vinomatos.com\/wp-content\/uploads\/2025\/07\/fotocapa-scaled.jpg","type":"image\/jpeg"}],"twitter_card":"summary_large_image","twitter_site":"@vinomatos","twitter_misc":{"Tempo estimado de leitura":"2 minutos"},"schema":{"@context":"https:\/\/schema.org","@graph":[{"@type":"WebPage","@id":"https:\/\/clone.vinomatos.com\/pt-pt\/missao-valores-visao\/","url":"https:\/\/clone.vinomatos.com\/pt-pt\/missao-valores-visao\/","name":"Miss\u00e3o | Valores | Vis\u00e3o - Vinomatos \u00ae L\u00edder Mundial em Planta\u00e7\u00e3o Mecanizada por GPS","isPartOf":{"@id":"https:\/\/clone.vinomatos.com\/pt-pt\/#website"},"primaryImageOfPage":{"@id":"https:\/\/clone.vinomatos.com\/pt-pt\/missao-valores-visao\/#primaryimage"},"image":{"@id":"https:\/\/clone.vinomatos.com\/pt-pt\/missao-valores-visao\/#primaryimage"},"thumbnailUrl":"https:\/\/clone.vinomatos.com\/wp-content\/uploads\/2025\/07\/fotocapa-scaled.jpg","datePublished":"2025-07-03T10:25:52+00:00","dateModified":"2025-07-21T14:23:35+00:00","breadcrumb":{"@id":"https:\/\/clone.vinomatos.com\/pt-pt\/missao-valores-visao\/#breadcrumb"},"inLanguage":"pt-PT","potentialAction":[{"@type":"ReadAction","target":["https:\/\/clone.vinomatos.com\/pt-pt\/missao-valores-visao\/"]}]},{"@type":"ImageObject","inLanguage":"pt-PT","@id":"https:\/\/clone.vinomatos.com\/pt-pt\/missao-valores-visao\/#primaryimage","url":"https:\/\/clone.vinomatos.com\/wp-content\/uploads\/2025\/07\/fotocapa-scaled.jpg","contentUrl":"https:\/\/clone.vinomatos.com\/wp-content\/uploads\/2025\/07\/fotocapa-scaled.jpg","width":2560,"height":1151},{"@type":"BreadcrumbList","@id":"https:\/\/clone.vinomatos.com\/pt-pt\/missao-valores-visao\/#breadcrumb","itemListElement":[{"@type":"ListItem","position":1,"name":"Home","item":"https:\/\/clone.vinomatos.com\/pt-pt\/"},{"@type":"ListItem","position":2,"name":"Miss\u00e3o | Valores | Vis\u00e3o"}]},{"@type":"WebSite","@id":"https:\/\/clone.vinomatos.com\/pt-pt\/#website","url":"https:\/\/clone.vinomatos.com\/pt-pt\/","name":"Vinomatos \u00ae L\u00edder Mundial em Planta\u00e7\u00e3o Mecanizada por GPS","description":"","publisher":{"@id":"https:\/\/clone.vinomatos.com\/pt-pt\/#organization"},"potentialAction":[{"@type":"SearchAction","target":{"@type":"EntryPoint","urlTemplate":"https:\/\/clone.vinomatos.com\/pt-pt\/?s={search_term_string}"},"query-input":{"@type":"PropertyValueSpecification","valueRequired":true,"valueName":"search_term_string"}}],"inLanguage":"pt-PT"},{"@type":"Organization","@id":"https:\/\/clone.vinomatos.com\/pt-pt\/#organization","name":"Vinomatos - L\u00edder Mundial em Planta\u00e7\u00e3o Mecanizada por GPS","url":"https:\/\/clone.vinomatos.com\/pt-pt\/","logo":{"@type":"ImageObject","inLanguage":"pt-PT","@id":"https:\/\/clone.vinomatos.com\/pt-pt\/#\/schema\/logo\/image\/","url":"https:\/\/clone.vinomatos.com\/wp-content\/uploads\/2025\/07\/V-Logo.png","contentUrl":"https:\/\/clone.vinomatos.com\/wp-content\/uploads\/2025\/07\/V-Logo.png","width":711,"height":247,"caption":"Vinomatos - L\u00edder Mundial em Planta\u00e7\u00e3o Mecanizada por GPS"},"image":{"@id":"https:\/\/clone.vinomatos.com\/pt-pt\/#\/schema\/logo\/image\/"},"sameAs":["https:\/\/facebook.com\/vinomatos","https:\/\/x.com\/vinomatos","https:\/\/instagram.com\/vinomatos","https:\/\/linkedin.com\/company\/vinomatos"]}]}},"_links":{"self":[{"href":"https:\/\/clone.vinomatos.com\/pt-pt\/wp-json\/wp\/v2\/pages\/13243","targetHints":{"allow":["GET"]}}],"collection":[{"href":"https:\/\/clone.vinomatos.com\/pt-pt\/wp-json\/wp\/v2\/pages"}],"about":[{"href":"https:\/\/clone.vinomatos.com\/pt-pt\/wp-json\/wp\/v2\/types\/page"}],"author":[{"embeddable":true,"href":"https:\/\/clone.vinomatos.com\/pt-pt\/wp-json\/wp\/v2\/users\/1"}],"replies":[{"embeddable":true,"href":"https:\/\/clone.vinomatos.com\/pt-pt\/wp-json\/wp\/v2\/comments?post=13243"}],"version-history":[{"count":15,"href":"https:\/\/clone.vinomatos.com\/pt-pt\/wp-json\/wp\/v2\/pages\/13243\/revisions"}],"predecessor-version":[{"id":20835,"href":"https:\/\/clone.vinomatos.com\/pt-pt\/wp-json\/wp\/v2\/pages\/13243\/revisions\/20835"}],"wp:featuredmedia":[{"embeddable":true,"href":"https:\/\/clone.vinomatos.com\/pt-pt\/wp-json\/wp\/v2\/media\/20798"}],"wp:attachment":[{"href":"https:\/\/clone.vinomatos.com\/pt-pt\/wp-json\/wp\/v2\/media?parent=13243"}],"curies":[{"name":"wp","href":"https:\/\/api.w.org\/{rel}","templated":true}]}}