{"id":11109,"date":"2025-06-12T15:14:58","date_gmt":"2025-06-12T15:14:58","guid":{"rendered":"https:\/\/clone.vinomatos.com\/?page_id=11109"},"modified":"2025-07-25T10:48:30","modified_gmt":"2025-07-25T10:48:30","slug":"plantacao-arvores-fruto","status":"publish","type":"page","link":"https:\/\/clone.vinomatos.com\/pt-pt\/plantacao-arvores-fruto\/","title":{"rendered":"Planta\u00e7\u00e3o de \u00c1rvores de Fruto"},"content":{"rendered":"\t\t<div data-elementor-type=\"wp-page\" data-elementor-id=\"11109\" class=\"elementor elementor-11109\" data-elementor-settings=\"{&quot;ha_cmc_init_switcher&quot;:&quot;no&quot;}\" data-elementor-post-type=\"page\">\n\t\t\t\t<div class=\"elementor-element elementor-element-c798174 e-flex e-con-boxed e-con e-parent\" data-id=\"c798174\" data-element_type=\"container\" data-e-type=\"container\" data-settings=\"{&quot;_ha_eqh_enable&quot;:false}\">\n\t\t\t\t\t<div class=\"e-con-inner\">\n\t\t\t\t<div class=\"elementor-element elementor-element-e2dc0c9 elementor-widget elementor-widget-text-editor\" data-id=\"e2dc0c9\" data-element_type=\"widget\" data-e-type=\"widget\" data-widget_type=\"text-editor.default\">\n\t\t\t\t<div class=\"elementor-widget-container\">\n\t\t\t\t\t\t\t\t\t<h4>Vinomatos \u00e9 especialista em programas de planta\u00e7\u00e3o de \u00e1rvores de fruto.<\/h4>\t\t\t\t\t\t\t\t<\/div>\n\t\t\t\t<\/div>\n\t\t\t\t\t<\/div>\n\t\t\t\t<\/div>\n\t\t<div class=\"elementor-element elementor-element-ecbd734 e-grid e-con-boxed e-con e-parent\" data-id=\"ecbd734\" data-element_type=\"container\" data-e-type=\"container\" data-settings=\"{&quot;_ha_eqh_enable&quot;:false}\">\n\t\t\t\t\t<div class=\"e-con-inner\">\n\t\t\t\t<div class=\"elementor-element elementor-element-7d0654c elementor-widget__width-initial elementor-widget elementor-widget-text-editor\" data-id=\"7d0654c\" data-element_type=\"widget\" data-e-type=\"widget\" data-widget_type=\"text-editor.default\">\n\t\t\t\t<div class=\"elementor-widget-container\">\n\t\t\t\t\t\t\t\t\t<p>Com a m\u00e1quina plantadora guiada por GPS, a nossa empresa tem efetuado trabalhos em diversas regi\u00f5es do pa\u00eds, por exemplo, na zona Oeste de Portugal. As m\u00e1quinas de plantar fabricadas pela Vinomatos permitem fazer com que a sua planta\u00e7\u00e3o alcance rigor centim\u00e9trico e uma precis\u00e3o \u00fanica, rentabilizando o tempo investido.<\/p><p>A\u00a0<strong>planta\u00e7\u00e3o mecanizada de pomares como macieiras, pereiras, amendoeiras e rom\u00e3zeiras<\/strong>\u00a0\u00e9 uma das especialidades da nossa empresa que tem vindo a conquistar o mercado, pelas vantagens associadas \u00e0 planta\u00e7\u00e3o mecanizada e ao GPS.\u00a0<\/p>\t\t\t\t\t\t\t\t<\/div>\n\t\t\t\t<\/div>\n\t\t\t\t<div class=\"elementor-element elementor-element-da5b3bd elementor-widget__width-inherit elementor-widget elementor-widget-spacer\" data-id=\"da5b3bd\" data-element_type=\"widget\" data-e-type=\"widget\" data-widget_type=\"spacer.default\">\n\t\t\t\t<div class=\"elementor-widget-container\">\n\t\t\t\t\t\t\t<div class=\"elementor-spacer\">\n\t\t\t<div class=\"elementor-spacer-inner\"><\/div>\n\t\t<\/div>\n\t\t\t\t\t\t<\/div>\n\t\t\t\t<\/div>\n\t\t<div class=\"elementor-element elementor-element-ced9e3f e-con-full e-flex e-con e-child\" data-id=\"ced9e3f\" data-element_type=\"container\" data-e-type=\"container\" data-settings=\"{&quot;_ha_eqh_enable&quot;:false}\">\n\t\t<div class=\"elementor-element elementor-element-5c1f3eb e-con-full e-flex e-con e-child\" data-id=\"5c1f3eb\" data-element_type=\"container\" data-e-type=\"container\" data-settings=\"{&quot;_ha_eqh_enable&quot;:false}\">\n\t\t\t\t<div class=\"elementor-element elementor-element-32eaacb preserve-img-ratio-fill elementor-widget elementor-widget-the7-image-ticker-widget\" data-id=\"32eaacb\" data-element_type=\"widget\" data-e-type=\"widget\" data-settings=\"{&quot;ticker_transition_speed&quot;:30}\" data-widget_type=\"the7-image-ticker-widget.default\">\n\t\t\t\t<div class=\"elementor-widget-container\">\n\t\t\t\t\t<div class=\"the7-ticker\"><div class=\"the7-ticker-content\"><div class=\"the7-image-wrapper post-thumbnail-rollover layzr-bg img-css-resize-wrapper\"><img fetchpriority=\"high\" decoding=\"async\" width=\"900\" height=\"599\" src=\"data:image\/svg+xml,%3Csvg%20xmlns%3D&#039;http%3A%2F%2Fwww.w3.org%2F2000%2Fsvg&#039;%20viewBox%3D&#039;0%200%201%201&#039;%2F%3E\" class=\"attachment- size- preload-me aspect lazy lazy-load\" alt=\"\" sizes=\"(max-width: 900px) 100vw, 900px\" data-src=\"https:\/\/clone.vinomatos.com\/wp-content\/uploads\/2025\/07\/aaa082d2257ab65aecf61c2340e9c5b9_XL.jpg\" loading=\"eager\" data-srcset=\"https:\/\/clone.vinomatos.com\/wp-content\/uploads\/2025\/07\/aaa082d2257ab65aecf61c2340e9c5b9_XL.jpg 900w, https:\/\/clone.vinomatos.com\/wp-content\/uploads\/2025\/07\/aaa082d2257ab65aecf61c2340e9c5b9_XL-300x200.jpg 300w, https:\/\/clone.vinomatos.com\/wp-content\/uploads\/2025\/07\/aaa082d2257ab65aecf61c2340e9c5b9_XL-768x511.jpg 768w\" \/><\/div><div class=\"the7-image-wrapper post-thumbnail-rollover layzr-bg img-css-resize-wrapper\"><img decoding=\"async\" width=\"756\" height=\"567\" src=\"data:image\/svg+xml,%3Csvg%20xmlns%3D&#039;http%3A%2F%2Fwww.w3.org%2F2000%2Fsvg&#039;%20viewBox%3D&#039;0%200%201%201&#039;%2F%3E\" class=\"attachment- size- preload-me aspect lazy lazy-load\" alt=\"\" sizes=\"(max-width: 756px) 100vw, 756px\" data-src=\"https:\/\/clone.vinomatos.com\/wp-content\/uploads\/2025\/07\/60715893_1020936271445374_2805562643081854976_n.jpg\" loading=\"eager\" data-srcset=\"https:\/\/clone.vinomatos.com\/wp-content\/uploads\/2025\/07\/60715893_1020936271445374_2805562643081854976_n.jpg 756w, https:\/\/clone.vinomatos.com\/wp-content\/uploads\/2025\/07\/60715893_1020936271445374_2805562643081854976_n-300x225.jpg 300w\" \/><\/div><div class=\"the7-image-wrapper post-thumbnail-rollover layzr-bg img-css-resize-wrapper\"><img decoding=\"async\" width=\"2158\" height=\"2560\" src=\"data:image\/svg+xml,%3Csvg%20xmlns%3D&#039;http%3A%2F%2Fwww.w3.org%2F2000%2Fsvg&#039;%20viewBox%3D&#039;0%200%201%201&#039;%2F%3E\" class=\"attachment- size- preload-me aspect lazy lazy-load\" alt=\"\" sizes=\"(max-width: 2158px) 100vw, 2158px\" data-src=\"https:\/\/clone.vinomatos.com\/wp-content\/uploads\/2025\/07\/4-scaled.jpg\" loading=\"eager\" data-srcset=\"https:\/\/clone.vinomatos.com\/wp-content\/uploads\/2025\/07\/4-scaled.jpg 2158w, https:\/\/clone.vinomatos.com\/wp-content\/uploads\/2025\/07\/4-253x300.jpg 253w, https:\/\/clone.vinomatos.com\/wp-content\/uploads\/2025\/07\/4-863x1024.jpg 863w, https:\/\/clone.vinomatos.com\/wp-content\/uploads\/2025\/07\/4-768x911.jpg 768w, https:\/\/clone.vinomatos.com\/wp-content\/uploads\/2025\/07\/4-1295x1536.jpg 1295w, https:\/\/clone.vinomatos.com\/wp-content\/uploads\/2025\/07\/4-1726x2048.jpg 1726w\" \/><\/div><\/div><\/div>\t\t\t\t<\/div>\n\t\t\t\t<\/div>\n\t\t\t\t<\/div>\n\t\t\t\t<\/div>\n\t\t\t\t<div class=\"elementor-element elementor-element-5bee33c elementor-widget-divider--view-line elementor-widget elementor-widget-divider\" data-id=\"5bee33c\" data-element_type=\"widget\" data-e-type=\"widget\" data-widget_type=\"divider.default\">\n\t\t\t\t<div class=\"elementor-widget-container\">\n\t\t\t\t\t\t\t<div class=\"elementor-divider\">\n\t\t\t<span class=\"elementor-divider-separator\">\n\t\t\t\t\t\t<\/span>\n\t\t<\/div>\n\t\t\t\t\t\t<\/div>\n\t\t\t\t<\/div>\n\t\t\t\t<div class=\"elementor-element elementor-element-488b5d5 elementor-widget elementor-widget-text-editor\" data-id=\"488b5d5\" data-element_type=\"widget\" data-e-type=\"widget\" data-widget_type=\"text-editor.default\">\n\t\t\t\t<div class=\"elementor-widget-container\">\n\t\t\t\t\t\t\t\t\t<p>Uma das culturas em grande destaque \u00e9 a\u00a0<strong>amendoeira<\/strong>, esp\u00e9cie que tem tido muita procura nos \u00faltimos tempos. A planta\u00e7\u00e3o de amendoeira \u00e9 uma das mais solicitadas pelos nossos clientes.\u00a0<strong>A Vinomatos presta servi\u00e7os de planta\u00e7\u00e3o mecanizada de amendoal para v\u00e1rias partes do mundo<\/strong>.<\/p>\t\t\t\t\t\t\t\t<\/div>\n\t\t\t\t<\/div>\n\t\t\t\t\t<\/div>\n\t\t\t\t<\/div>\n\t\t<div class=\"elementor-element elementor-element-25975bf e-flex e-con-boxed e-con e-parent\" data-id=\"25975bf\" data-element_type=\"container\" data-e-type=\"container\" data-settings=\"{&quot;_ha_eqh_enable&quot;:false}\">\n\t\t\t\t\t<div class=\"e-con-inner\">\n\t\t<div class=\"elementor-element elementor-element-4cb0a76 e-con-full e-flex e-con e-child\" data-id=\"4cb0a76\" data-element_type=\"container\" data-e-type=\"container\" data-settings=\"{&quot;_ha_eqh_enable&quot;:false}\">\n\t\t\t\t<div class=\"elementor-element elementor-element-bb8ffe2 elementor-absolute elementor-view-default elementor-widget elementor-widget-icon\" data-id=\"bb8ffe2\" data-element_type=\"widget\" data-e-type=\"widget\" data-settings=\"{&quot;_position&quot;:&quot;absolute&quot;}\" data-widget_type=\"icon.default\">\n\t\t\t\t<div class=\"elementor-widget-container\">\n\t\t\t\t\t\t\t<div class=\"elementor-icon-wrapper\">\n\t\t\t<div class=\"elementor-icon\">\n\t\t\t<i aria-hidden=\"true\" class=\"hm hm-tree-square\"><\/i>\t\t\t<\/div>\n\t\t<\/div>\n\t\t\t\t\t\t<\/div>\n\t\t\t\t<\/div>\n\t\t\t\t<\/div>\n\t\t\t\t\t<\/div>\n\t\t\t\t<\/div>\n\t\t\t\t<section class=\"elementor-section elementor-top-section elementor-element elementor-element-62e52f0 elementor-section-stretched elementor-section-full_width elementor-section-height-default elementor-section-height-default\" data-id=\"62e52f0\" data-element_type=\"section\" data-e-type=\"section\" data-settings=\"{&quot;stretch_section&quot;:&quot;section-stretched&quot;,&quot;background_background&quot;:&quot;classic&quot;,&quot;_ha_eqh_enable&quot;:false}\">\n\t\t\t\t\t\t<div class=\"elementor-container elementor-column-gap-wider\">\n\t\t\t\t\t<div class=\"elementor-column elementor-col-50 elementor-top-column elementor-element elementor-element-39db8f2\" data-id=\"39db8f2\" data-element_type=\"column\" data-e-type=\"column\" data-settings=\"{&quot;background_background&quot;:&quot;classic&quot;}\">\n\t\t\t<div class=\"elementor-widget-wrap elementor-element-populated\">\n\t\t\t\t\t\t<div class=\"elementor-element elementor-element-46d2d07 elementor-widget__width-initial elementor-widget elementor-widget-text-editor\" data-id=\"46d2d07\" data-element_type=\"widget\" data-e-type=\"widget\" data-widget_type=\"text-editor.default\">\n\t\t\t\t<div class=\"elementor-widget-container\">\n\t\t\t\t\t\t\t\t\t<p data-start=\"133\" data-end=\"468\">A am\u00eandoa \u00e9 uma das culturas mais valorizadas da agricultura mediterr\u00e2nea, destacando-se pela sua versatilidade, valor nutricional e forte presen\u00e7a no mercado internacional. Com o aumento da procura por frutos secos de qualidade, a planta\u00e7\u00e3o de amendoeiras tem conquistado cada vez mais espa\u00e7o em projetos agr\u00edcolas de grande escala.<\/p><p data-start=\"476\" data-end=\"785\">A <strong data-start=\"478\" data-end=\"491\">Vinomatos<\/strong> desenvolve e implementa <strong data-start=\"516\" data-end=\"551\">solu\u00e7\u00f5es mecanizadas inovadoras<\/strong>, que tornam o processo de planta\u00e7\u00e3o mais eficiente, r\u00e1pido e rent\u00e1vel. Com tecnologia de ponta e uma equipa especializada, garantimos a m\u00e1xima produtividade desde a prepara\u00e7\u00e3o do terreno at\u00e9 \u00e0 execu\u00e7\u00e3o precisa do plantio de amendoal.<\/p>\t\t\t\t\t\t\t\t<\/div>\n\t\t\t\t<\/div>\n\t\t\t\t\t<\/div>\n\t\t<\/div>\n\t\t\t\t<div class=\"elementor-column elementor-col-50 elementor-top-column elementor-element elementor-element-8fc0164 elementor-hidden-tablet elementor-hidden-mobile\" data-id=\"8fc0164\" data-element_type=\"column\" data-e-type=\"column\" data-settings=\"{&quot;background_background&quot;:&quot;classic&quot;}\">\n\t\t\t<div class=\"elementor-widget-wrap elementor-element-populated\">\n\t\t\t\t\t<div class=\"elementor-background-overlay\"><\/div>\n\t\t\t\t\t\t<div class=\"elementor-element elementor-element-6d90bfe elementor-widget elementor-widget-spacer\" data-id=\"6d90bfe\" data-element_type=\"widget\" data-e-type=\"widget\" data-widget_type=\"spacer.default\">\n\t\t\t\t<div class=\"elementor-widget-container\">\n\t\t\t\t\t\t\t<div class=\"elementor-spacer\">\n\t\t\t<div class=\"elementor-spacer-inner\"><\/div>\n\t\t<\/div>\n\t\t\t\t\t\t<\/div>\n\t\t\t\t<\/div>\n\t\t\t\t\t<\/div>\n\t\t<\/div>\n\t\t\t\t\t<\/div>\n\t\t<\/section>\n\t\t<div class=\"elementor-element elementor-element-a78acea e-flex e-con-boxed e-con e-parent\" data-id=\"a78acea\" data-element_type=\"container\" data-e-type=\"container\" data-settings=\"{&quot;_ha_eqh_enable&quot;:false}\">\n\t\t\t\t\t<div class=\"e-con-inner\">\n\t\t\t\t<div class=\"elementor-element elementor-element-b178b2c elementor-widget elementor-widget-spacer\" data-id=\"b178b2c\" data-element_type=\"widget\" data-e-type=\"widget\" data-widget_type=\"spacer.default\">\n\t\t\t\t<div class=\"elementor-widget-container\">\n\t\t\t\t\t\t\t<div class=\"elementor-spacer\">\n\t\t\t<div class=\"elementor-spacer-inner\"><\/div>\n\t\t<\/div>\n\t\t\t\t\t\t<\/div>\n\t\t\t\t<\/div>\n\t\t\t\t<div class=\"elementor-element elementor-element-20f9b3f elementor-widget elementor-widget-html\" data-id=\"20f9b3f\" data-element_type=\"widget\" data-e-type=\"widget\" data-widget_type=\"html.default\">\n\t\t\t\t<div class=\"elementor-widget-container\">\n\t\t\t\t\t<script charset=\"utf-8\" type=\"text\/javascript\" src=\"\/\/js-eu1.hsforms.net\/forms\/embed\/v2.js\"><\/script>\r\n<script>\r\n  hbspt.forms.create({\r\n    portalId: \"27059144\",\r\n    formId: \"b4af4282-9ddb-447d-9bf5-08066b9055cf\",\r\n    region: \"eu1\"\r\n  });\r\n<\/script>\t\t\t\t<\/div>\n\t\t\t\t<\/div>\n\t\t\t\t<div class=\"elementor-element elementor-element-83bd849 elementor-widget elementor-widget-spacer\" data-id=\"83bd849\" data-element_type=\"widget\" data-e-type=\"widget\" data-widget_type=\"spacer.default\">\n\t\t\t\t<div class=\"elementor-widget-container\">\n\t\t\t\t\t\t\t<div class=\"elementor-spacer\">\n\t\t\t<div class=\"elementor-spacer-inner\"><\/div>\n\t\t<\/div>\n\t\t\t\t\t\t<\/div>\n\t\t\t\t<\/div>\n\t\t\t\t\t<\/div>\n\t\t\t\t<\/div>\n\t\t\t\t<\/div>\n\t\t","protected":false},"excerpt":{"rendered":"<p>Vinomatos \u00e9 especialista em programas de planta\u00e7\u00e3o de \u00e1rvores de fruto. Com a m\u00e1quina plantadora guiada por GPS, a nossa empresa tem efetuado trabalhos em diversas regi\u00f5es do pa\u00eds, por exemplo, na zona Oeste de Portugal. As m\u00e1quinas de plantar fabricadas pela Vinomatos permitem fazer com que a sua planta\u00e7\u00e3o alcance rigor centim\u00e9trico e uma&hellip;<\/p>\n","protected":false},"author":1,"featured_media":11272,"parent":0,"menu_order":0,"comment_status":"closed","ping_status":"closed","template":"","meta":{"_monsterinsights_skip_tracking":false,"_monsterinsights_sitenote_active":false,"_monsterinsights_sitenote_note":"","_monsterinsights_sitenote_category":0,"footnotes":""},"class_list":["post-11109","page","type-page","status-publish","has-post-thumbnail","hentry"],"yoast_head":"<!-- This site is optimized with the Yoast SEO plugin v27.2 - https:\/\/yoast.com\/product\/yoast-seo-wordpress\/ -->\n<title>Planta\u00e7\u00e3o de \u00c1rvores de Fruto - Vinomatos \u00ae L\u00edder Mundial em Planta\u00e7\u00e3o Mecanizada por GPS<\/title>\n<meta name=\"robots\" content=\"index, follow, max-snippet:-1, max-image-preview:large, max-video-preview:-1\" \/>\n<link rel=\"canonical\" href=\"https:\/\/clone.vinomatos.com\/pt-pt\/plantacao-arvores-fruto\/\" \/>\n<meta property=\"og:locale\" content=\"pt_PT\" \/>\n<meta property=\"og:type\" content=\"article\" \/>\n<meta property=\"og:title\" content=\"Planta\u00e7\u00e3o de \u00c1rvores de Fruto - Vinomatos \u00ae L\u00edder Mundial em Planta\u00e7\u00e3o Mecanizada por GPS\" \/>\n<meta property=\"og:description\" content=\"Vinomatos \u00e9 especialista em programas de planta\u00e7\u00e3o de \u00e1rvores de fruto. Com a m\u00e1quina plantadora guiada por GPS, a nossa empresa tem efetuado trabalhos em diversas regi\u00f5es do pa\u00eds, por exemplo, na zona Oeste de Portugal. As m\u00e1quinas de plantar fabricadas pela Vinomatos permitem fazer com que a sua planta\u00e7\u00e3o alcance rigor centim\u00e9trico e uma&hellip;\" \/>\n<meta property=\"og:url\" content=\"https:\/\/clone.vinomatos.com\/pt-pt\/plantacao-arvores-fruto\/\" \/>\n<meta property=\"og:site_name\" content=\"Vinomatos \u00ae L\u00edder Mundial em Planta\u00e7\u00e3o Mecanizada por GPS\" \/>\n<meta property=\"article:publisher\" content=\"https:\/\/facebook.com\/vinomatos\" \/>\n<meta property=\"article:modified_time\" content=\"2025-07-25T10:48:30+00:00\" \/>\n<meta property=\"og:image\" content=\"https:\/\/clone.vinomatos.com\/wp-content\/uploads\/2025\/06\/o.jpg\" \/>\n\t<meta property=\"og:image:width\" content=\"800\" \/>\n\t<meta property=\"og:image:height\" content=\"534\" \/>\n\t<meta property=\"og:image:type\" content=\"image\/jpeg\" \/>\n<meta name=\"twitter:card\" content=\"summary_large_image\" \/>\n<meta name=\"twitter:site\" content=\"@vinomatos\" \/>\n<meta name=\"twitter:label1\" content=\"Tempo estimado de leitura\" \/>\n\t<meta name=\"twitter:data1\" content=\"1 minuto\" \/>\n<script type=\"application\/ld+json\" class=\"yoast-schema-graph\">{\"@context\":\"https:\/\/schema.org\",\"@graph\":[{\"@type\":\"WebPage\",\"@id\":\"https:\/\/clone.vinomatos.com\/pt-pt\/plantacao-arvores-fruto\/\",\"url\":\"https:\/\/clone.vinomatos.com\/pt-pt\/plantacao-arvores-fruto\/\",\"name\":\"Planta\u00e7\u00e3o de \u00c1rvores de Fruto - Vinomatos \u00ae L\u00edder Mundial em Planta\u00e7\u00e3o Mecanizada por GPS\",\"isPartOf\":{\"@id\":\"https:\/\/clone.vinomatos.com\/pt-pt\/#website\"},\"primaryImageOfPage\":{\"@id\":\"https:\/\/clone.vinomatos.com\/pt-pt\/plantacao-arvores-fruto\/#primaryimage\"},\"image\":{\"@id\":\"https:\/\/clone.vinomatos.com\/pt-pt\/plantacao-arvores-fruto\/#primaryimage\"},\"thumbnailUrl\":\"https:\/\/clone.vinomatos.com\/wp-content\/uploads\/2025\/06\/o.jpg\",\"datePublished\":\"2025-06-12T15:14:58+00:00\",\"dateModified\":\"2025-07-25T10:48:30+00:00\",\"breadcrumb\":{\"@id\":\"https:\/\/clone.vinomatos.com\/pt-pt\/plantacao-arvores-fruto\/#breadcrumb\"},\"inLanguage\":\"pt-PT\",\"potentialAction\":[{\"@type\":\"ReadAction\",\"target\":[\"https:\/\/clone.vinomatos.com\/pt-pt\/plantacao-arvores-fruto\/\"]}]},{\"@type\":\"ImageObject\",\"inLanguage\":\"pt-PT\",\"@id\":\"https:\/\/clone.vinomatos.com\/pt-pt\/plantacao-arvores-fruto\/#primaryimage\",\"url\":\"https:\/\/clone.vinomatos.com\/wp-content\/uploads\/2025\/06\/o.jpg\",\"contentUrl\":\"https:\/\/clone.vinomatos.com\/wp-content\/uploads\/2025\/06\/o.jpg\",\"width\":800,\"height\":534},{\"@type\":\"BreadcrumbList\",\"@id\":\"https:\/\/clone.vinomatos.com\/pt-pt\/plantacao-arvores-fruto\/#breadcrumb\",\"itemListElement\":[{\"@type\":\"ListItem\",\"position\":1,\"name\":\"Home\",\"item\":\"https:\/\/clone.vinomatos.com\/pt-pt\/\"},{\"@type\":\"ListItem\",\"position\":2,\"name\":\"Planta\u00e7\u00e3o de \u00c1rvores de Fruto\"}]},{\"@type\":\"WebSite\",\"@id\":\"https:\/\/clone.vinomatos.com\/pt-pt\/#website\",\"url\":\"https:\/\/clone.vinomatos.com\/pt-pt\/\",\"name\":\"Vinomatos \u00ae L\u00edder Mundial em Planta\u00e7\u00e3o Mecanizada por GPS\",\"description\":\"\",\"publisher\":{\"@id\":\"https:\/\/clone.vinomatos.com\/pt-pt\/#organization\"},\"potentialAction\":[{\"@type\":\"SearchAction\",\"target\":{\"@type\":\"EntryPoint\",\"urlTemplate\":\"https:\/\/clone.vinomatos.com\/pt-pt\/?s={search_term_string}\"},\"query-input\":{\"@type\":\"PropertyValueSpecification\",\"valueRequired\":true,\"valueName\":\"search_term_string\"}}],\"inLanguage\":\"pt-PT\"},{\"@type\":\"Organization\",\"@id\":\"https:\/\/clone.vinomatos.com\/pt-pt\/#organization\",\"name\":\"Vinomatos - L\u00edder Mundial em Planta\u00e7\u00e3o Mecanizada por GPS\",\"url\":\"https:\/\/clone.vinomatos.com\/pt-pt\/\",\"logo\":{\"@type\":\"ImageObject\",\"inLanguage\":\"pt-PT\",\"@id\":\"https:\/\/clone.vinomatos.com\/pt-pt\/#\/schema\/logo\/image\/\",\"url\":\"https:\/\/clone.vinomatos.com\/wp-content\/uploads\/2025\/07\/V-Logo.png\",\"contentUrl\":\"https:\/\/clone.vinomatos.com\/wp-content\/uploads\/2025\/07\/V-Logo.png\",\"width\":711,\"height\":247,\"caption\":\"Vinomatos - L\u00edder Mundial em Planta\u00e7\u00e3o Mecanizada por GPS\"},\"image\":{\"@id\":\"https:\/\/clone.vinomatos.com\/pt-pt\/#\/schema\/logo\/image\/\"},\"sameAs\":[\"https:\/\/facebook.com\/vinomatos\",\"https:\/\/x.com\/vinomatos\",\"https:\/\/instagram.com\/vinomatos\",\"https:\/\/linkedin.com\/company\/vinomatos\"]}]}<\/script>\n<!-- \/ Yoast SEO plugin. -->","yoast_head_json":{"title":"Planta\u00e7\u00e3o de \u00c1rvores de Fruto - Vinomatos \u00ae L\u00edder Mundial em Planta\u00e7\u00e3o Mecanizada por GPS","robots":{"index":"index","follow":"follow","max-snippet":"max-snippet:-1","max-image-preview":"max-image-preview:large","max-video-preview":"max-video-preview:-1"},"canonical":"https:\/\/clone.vinomatos.com\/pt-pt\/plantacao-arvores-fruto\/","og_locale":"pt_PT","og_type":"article","og_title":"Planta\u00e7\u00e3o de \u00c1rvores de Fruto - Vinomatos \u00ae L\u00edder Mundial em Planta\u00e7\u00e3o Mecanizada por GPS","og_description":"Vinomatos \u00e9 especialista em programas de planta\u00e7\u00e3o de \u00e1rvores de fruto. Com a m\u00e1quina plantadora guiada por GPS, a nossa empresa tem efetuado trabalhos em diversas regi\u00f5es do pa\u00eds, por exemplo, na zona Oeste de Portugal. As m\u00e1quinas de plantar fabricadas pela Vinomatos permitem fazer com que a sua planta\u00e7\u00e3o alcance rigor centim\u00e9trico e uma&hellip;","og_url":"https:\/\/clone.vinomatos.com\/pt-pt\/plantacao-arvores-fruto\/","og_site_name":"Vinomatos \u00ae L\u00edder Mundial em Planta\u00e7\u00e3o Mecanizada por GPS","article_publisher":"https:\/\/facebook.com\/vinomatos","article_modified_time":"2025-07-25T10:48:30+00:00","og_image":[{"width":800,"height":534,"url":"https:\/\/clone.vinomatos.com\/wp-content\/uploads\/2025\/06\/o.jpg","type":"image\/jpeg"}],"twitter_card":"summary_large_image","twitter_site":"@vinomatos","twitter_misc":{"Tempo estimado de leitura":"1 minuto"},"schema":{"@context":"https:\/\/schema.org","@graph":[{"@type":"WebPage","@id":"https:\/\/clone.vinomatos.com\/pt-pt\/plantacao-arvores-fruto\/","url":"https:\/\/clone.vinomatos.com\/pt-pt\/plantacao-arvores-fruto\/","name":"Planta\u00e7\u00e3o de \u00c1rvores de Fruto - Vinomatos \u00ae L\u00edder Mundial em Planta\u00e7\u00e3o Mecanizada por GPS","isPartOf":{"@id":"https:\/\/clone.vinomatos.com\/pt-pt\/#website"},"primaryImageOfPage":{"@id":"https:\/\/clone.vinomatos.com\/pt-pt\/plantacao-arvores-fruto\/#primaryimage"},"image":{"@id":"https:\/\/clone.vinomatos.com\/pt-pt\/plantacao-arvores-fruto\/#primaryimage"},"thumbnailUrl":"https:\/\/clone.vinomatos.com\/wp-content\/uploads\/2025\/06\/o.jpg","datePublished":"2025-06-12T15:14:58+00:00","dateModified":"2025-07-25T10:48:30+00:00","breadcrumb":{"@id":"https:\/\/clone.vinomatos.com\/pt-pt\/plantacao-arvores-fruto\/#breadcrumb"},"inLanguage":"pt-PT","potentialAction":[{"@type":"ReadAction","target":["https:\/\/clone.vinomatos.com\/pt-pt\/plantacao-arvores-fruto\/"]}]},{"@type":"ImageObject","inLanguage":"pt-PT","@id":"https:\/\/clone.vinomatos.com\/pt-pt\/plantacao-arvores-fruto\/#primaryimage","url":"https:\/\/clone.vinomatos.com\/wp-content\/uploads\/2025\/06\/o.jpg","contentUrl":"https:\/\/clone.vinomatos.com\/wp-content\/uploads\/2025\/06\/o.jpg","width":800,"height":534},{"@type":"BreadcrumbList","@id":"https:\/\/clone.vinomatos.com\/pt-pt\/plantacao-arvores-fruto\/#breadcrumb","itemListElement":[{"@type":"ListItem","position":1,"name":"Home","item":"https:\/\/clone.vinomatos.com\/pt-pt\/"},{"@type":"ListItem","position":2,"name":"Planta\u00e7\u00e3o de \u00c1rvores de Fruto"}]},{"@type":"WebSite","@id":"https:\/\/clone.vinomatos.com\/pt-pt\/#website","url":"https:\/\/clone.vinomatos.com\/pt-pt\/","name":"Vinomatos \u00ae L\u00edder Mundial em Planta\u00e7\u00e3o Mecanizada por GPS","description":"","publisher":{"@id":"https:\/\/clone.vinomatos.com\/pt-pt\/#organization"},"potentialAction":[{"@type":"SearchAction","target":{"@type":"EntryPoint","urlTemplate":"https:\/\/clone.vinomatos.com\/pt-pt\/?s={search_term_string}"},"query-input":{"@type":"PropertyValueSpecification","valueRequired":true,"valueName":"search_term_string"}}],"inLanguage":"pt-PT"},{"@type":"Organization","@id":"https:\/\/clone.vinomatos.com\/pt-pt\/#organization","name":"Vinomatos - L\u00edder Mundial em Planta\u00e7\u00e3o Mecanizada por GPS","url":"https:\/\/clone.vinomatos.com\/pt-pt\/","logo":{"@type":"ImageObject","inLanguage":"pt-PT","@id":"https:\/\/clone.vinomatos.com\/pt-pt\/#\/schema\/logo\/image\/","url":"https:\/\/clone.vinomatos.com\/wp-content\/uploads\/2025\/07\/V-Logo.png","contentUrl":"https:\/\/clone.vinomatos.com\/wp-content\/uploads\/2025\/07\/V-Logo.png","width":711,"height":247,"caption":"Vinomatos - L\u00edder Mundial em Planta\u00e7\u00e3o Mecanizada por GPS"},"image":{"@id":"https:\/\/clone.vinomatos.com\/pt-pt\/#\/schema\/logo\/image\/"},"sameAs":["https:\/\/facebook.com\/vinomatos","https:\/\/x.com\/vinomatos","https:\/\/instagram.com\/vinomatos","https:\/\/linkedin.com\/company\/vinomatos"]}]}},"_links":{"self":[{"href":"https:\/\/clone.vinomatos.com\/pt-pt\/wp-json\/wp\/v2\/pages\/11109","targetHints":{"allow":["GET"]}}],"collection":[{"href":"https:\/\/clone.vinomatos.com\/pt-pt\/wp-json\/wp\/v2\/pages"}],"about":[{"href":"https:\/\/clone.vinomatos.com\/pt-pt\/wp-json\/wp\/v2\/types\/page"}],"author":[{"embeddable":true,"href":"https:\/\/clone.vinomatos.com\/pt-pt\/wp-json\/wp\/v2\/users\/1"}],"replies":[{"embeddable":true,"href":"https:\/\/clone.vinomatos.com\/pt-pt\/wp-json\/wp\/v2\/comments?post=11109"}],"version-history":[{"count":50,"href":"https:\/\/clone.vinomatos.com\/pt-pt\/wp-json\/wp\/v2\/pages\/11109\/revisions"}],"predecessor-version":[{"id":21515,"href":"https:\/\/clone.vinomatos.com\/pt-pt\/wp-json\/wp\/v2\/pages\/11109\/revisions\/21515"}],"wp:featuredmedia":[{"embeddable":true,"href":"https:\/\/clone.vinomatos.com\/pt-pt\/wp-json\/wp\/v2\/media\/11272"}],"wp:attachment":[{"href":"https:\/\/clone.vinomatos.com\/pt-pt\/wp-json\/wp\/v2\/media?parent=11109"}],"curies":[{"name":"wp","href":"https:\/\/api.w.org\/{rel}","templated":true}]}}