{"id":15405,"date":"2025-06-30T13:05:44","date_gmt":"2025-06-30T13:05:44","guid":{"rendered":"https:\/\/clone.vinomatos.com\/nouvelles\/"},"modified":"2025-07-25T09:19:49","modified_gmt":"2025-07-25T09:19:49","slug":"nouvelles","status":"publish","type":"page","link":"https:\/\/clone.vinomatos.com\/fr\/nouvelles\/","title":{"rendered":"Nouvelles et Nouvelles"},"content":{"rendered":"\t\t<div data-elementor-type=\"wp-page\" data-elementor-id=\"15405\" class=\"elementor elementor-15405 elementor-12726\" data-elementor-settings=\"{&quot;ha_cmc_init_switcher&quot;:&quot;no&quot;}\" data-elementor-post-type=\"page\">\n\t\t\t\t<div class=\"elementor-element elementor-element-99f03d4 e-flex e-con-boxed e-con e-parent\" data-id=\"99f03d4\" data-element_type=\"container\" data-e-type=\"container\" data-settings=\"{&quot;_ha_eqh_enable&quot;:false}\">\n\t\t\t\t\t<div class=\"e-con-inner\">\n\t\t\t\t<div class=\"elementor-element elementor-element-ef0d3e4 elementor-widget elementor-widget-elementskit-blog-posts\" data-id=\"ef0d3e4\" data-element_type=\"widget\" data-e-type=\"widget\" data-widget_type=\"elementskit-blog-posts.default\">\n\t\t\t\t<div class=\"elementor-widget-container\">\n\t\t\t\t\t<div class=\"ekit-wid-con\" >        <div id=\"post-items--ef0d3e4\" class=\"row post-items\">\n                    <div class=\"col-md-12\">\n\n                                    <div class=\"elementskit-blog-block-post\">\n                        <div class=\"row no-gutters\">\n                                                            <div class=\"col-md-6 order-1\">\n                                    <a href=\"https:\/\/clone.vinomatos.com\/fr\/2022\/03\/01\/lentreprise-vinomatos-participe-au-salon-agroexpo-2022-espagne\/\" class=\"elementskit-entry-thumb\">\n                                        <img decoding=\"async\" src=\"https:\/\/clone.vinomatos.com\/wp-content\/uploads\/2022\/03\/Ativo-312.png\" alt=\"L&rsquo;entreprise Vinomatos participe au salon AgroExpo 2022 | Espagne\">\n                                    <\/a><!-- .elementskit-entry-thumb END -->\n                                <\/div>\n                            \n                            <div class=\"col-md-6 order-2\">\n                                <div class=\"elementskit-post-body \">\n                                    <div class=\"elementskit-entry-header\">\n                                        \n                                                                                            \t\t\t\t\t                                            \n                                            \n                                                                                            \t\t\t\t<h2 class=\"entry-title\">\n\t\t\t\t\t<a href=\"https:\/\/clone.vinomatos.com\/fr\/2022\/03\/01\/lentreprise-vinomatos-participe-au-salon-agroexpo-2022-espagne\/\">\n\t\t\t\t\t\tL&rsquo;entreprise Vinomatos participe au salon AgroExpo 2022 | Espagne\t\t\t\t\t<\/a>\n\t\t\t\t<\/h2>\n\t\t\t                                                                                <\/div><!-- .elementskit-entry-header END -->\n\n                                                                            <div class=\"elementskit-post-footer\">\n                                                                                            <p>AGROEXPO 2022 en Espagne accueille la participation de Vinomatos<\/p>\n                                                                                                                                <\/div><!-- .elementskit-post-footer END -->\n                                                                    <\/div><!-- .elementskit-post-body END -->\n                            <\/div>\n                        <\/div>\n                    <\/div><!-- .elementskit-blog-block-post .radius .gradient-bg END -->\n                \n            <\/div>\n                    <div class=\"col-md-12\">\n\n                                    <div class=\"elementskit-blog-block-post\">\n                        <div class=\"row no-gutters\">\n                                                            <div class=\"col-md-6 order-1\">\n                                    <a href=\"https:\/\/clone.vinomatos.com\/fr\/2022\/02\/28\/nouveau-coffres-de-protection-forestiere-polyvalents-buggy-cf-moto-4x4\/\" class=\"elementskit-entry-thumb\">\n                                        <img decoding=\"async\" src=\"https:\/\/clone.vinomatos.com\/wp-content\/uploads\/2022\/02\/header-pt_5.png\" alt=\"NOUVEAU : Coffres de protection foresti\u00e8re polyvalents + Buggy CF Moto 4&#215;4\">\n                                    <\/a><!-- .elementskit-entry-thumb END -->\n                                <\/div>\n                            \n                            <div class=\"col-md-6 order-2\">\n                                <div class=\"elementskit-post-body \">\n                                    <div class=\"elementskit-entry-header\">\n                                        \n                                                                                            \t\t\t\t\t                                            \n                                            \n                                                                                            \t\t\t\t<h2 class=\"entry-title\">\n\t\t\t\t\t<a href=\"https:\/\/clone.vinomatos.com\/fr\/2022\/02\/28\/nouveau-coffres-de-protection-forestiere-polyvalents-buggy-cf-moto-4x4\/\">\n\t\t\t\t\t\tNOUVEAU : Coffres de protection foresti\u00e8re polyvalents + Buggy CF Moto 4&#215;4\t\t\t\t\t<\/a>\n\t\t\t\t<\/h2>\n\t\t\t                                                                                <\/div><!-- .elementskit-entry-header END -->\n\n                                                                            <div class=\"elementskit-post-footer\">\n                                                                                            <p>02\/08\/2022 &#8211; Coffres de protection foresti\u00e8re polyvalents + Buggy CF Moto 4&#215;4<\/p>\n                                                                                                                                <\/div><!-- .elementskit-post-footer END -->\n                                                                    <\/div><!-- .elementskit-post-body END -->\n                            <\/div>\n                        <\/div>\n                    <\/div><!-- .elementskit-blog-block-post .radius .gradient-bg END -->\n                \n            <\/div>\n                    <div class=\"col-md-12\">\n\n                                    <div class=\"elementskit-blog-block-post\">\n                        <div class=\"row no-gutters\">\n                                                            <div class=\"col-md-6 order-1\">\n                                    <a href=\"https:\/\/clone.vinomatos.com\/fr\/2022\/01\/28\/vinomatos-participe-au-world-ag-expo-2022-en-californie\/\" class=\"elementskit-entry-thumb\">\n                                        <img decoding=\"async\" src=\"https:\/\/clone.vinomatos.com\/wp-content\/uploads\/2022\/01\/Header-PT.png\" alt=\"Vinomatos participe au World AG Expo 2022 en Californie\">\n                                    <\/a><!-- .elementskit-entry-thumb END -->\n                                <\/div>\n                            \n                            <div class=\"col-md-6 order-2\">\n                                <div class=\"elementskit-post-body \">\n                                    <div class=\"elementskit-entry-header\">\n                                        \n                                                                                            \t\t\t\t\t                                            \n                                            \n                                                                                            \t\t\t\t<h2 class=\"entry-title\">\n\t\t\t\t\t<a href=\"https:\/\/clone.vinomatos.com\/fr\/2022\/01\/28\/vinomatos-participe-au-world-ag-expo-2022-en-californie\/\">\n\t\t\t\t\t\tVinomatos participe au World AG Expo 2022 en Californie\t\t\t\t\t<\/a>\n\t\t\t\t<\/h2>\n\t\t\t                                                                                <\/div><!-- .elementskit-entry-header END -->\n\n                                                                            <div class=\"elementskit-post-footer\">\n                                                                                            <p>Bonjour l&rsquo;Am\u00e9rique ! Du 8 au 10 f\u00e9vrier, Vinomatos \u00e0 Tulare. <\/p>\n                                                                                                                                <\/div><!-- .elementskit-post-footer END -->\n                                                                    <\/div><!-- .elementskit-post-body END -->\n                            <\/div>\n                        <\/div>\n                    <\/div><!-- .elementskit-blog-block-post .radius .gradient-bg END -->\n                \n            <\/div>\n                    <div class=\"col-md-12\">\n\n                                    <div class=\"elementskit-blog-block-post\">\n                        <div class=\"row no-gutters\">\n                                                            <div class=\"col-md-6 order-1\">\n                                    <a href=\"https:\/\/clone.vinomatos.com\/fr\/2018\/05\/05\/horaires-douverture-de-noel-et-du-nouvel-an-vinomatos\/\" class=\"elementskit-entry-thumb\">\n                                        <img decoding=\"async\" src=\"https:\/\/clone.vinomatos.com\/wp-content\/uploads\/2018\/05\/header-noticia.png\" alt=\"Horaires d&rsquo;ouverture de No\u00ebl et du Nouvel An | Vinomatos\">\n                                    <\/a><!-- .elementskit-entry-thumb END -->\n                                <\/div>\n                            \n                            <div class=\"col-md-6 order-2\">\n                                <div class=\"elementskit-post-body \">\n                                    <div class=\"elementskit-entry-header\">\n                                        \n                                                                                            \t\t\t\t\t                                            \n                                            \n                                                                                            \t\t\t\t<h2 class=\"entry-title\">\n\t\t\t\t\t<a href=\"https:\/\/clone.vinomatos.com\/fr\/2018\/05\/05\/horaires-douverture-de-noel-et-du-nouvel-an-vinomatos\/\">\n\t\t\t\t\t\tHoraires d&rsquo;ouverture de No\u00ebl et du Nouvel An | Vinomatos\t\t\t\t\t<\/a>\n\t\t\t\t<\/h2>\n\t\t\t                                                                                <\/div><!-- .elementskit-entry-header END -->\n\n                                                                            <div class=\"elementskit-post-footer\">\n                                                                                            <p>En cette p\u00e9riode de f\u00eates, nous vous souhaitons de joyeuses f\u00eates et vous annon\u00e7ons que notre magasin sera ouvert pour vos derniers achats. D\u00e9couvrez notre nouvelle boutique \u00e0 Our\u00e9m dans cet article et laissez-vous charmer par la magie de No\u00ebl ! <\/p>\n                                                                                                                                <\/div><!-- .elementskit-post-footer END -->\n                                                                    <\/div><!-- .elementskit-post-body END -->\n                            <\/div>\n                        <\/div>\n                    <\/div><!-- .elementskit-blog-block-post .radius .gradient-bg END -->\n                \n            <\/div>\n                <\/div>\n       <\/div>\t\t\t\t<\/div>\n\t\t\t\t<\/div>\n\t\t\t\t\t<\/div>\n\t\t\t\t<\/div>\n\t\t<div class=\"elementor-element elementor-element-a8d88ea e-flex e-con-boxed e-con e-parent\" data-id=\"a8d88ea\" data-element_type=\"container\" data-e-type=\"container\" data-settings=\"{&quot;_ha_eqh_enable&quot;:false}\">\n\t\t\t\t\t<div class=\"e-con-inner\">\n\t\t\t\t<div class=\"elementor-element elementor-element-583744a elementor-widget-divider--view-line elementor-widget elementor-widget-divider\" data-id=\"583744a\" data-element_type=\"widget\" data-e-type=\"widget\" data-widget_type=\"divider.default\">\n\t\t\t\t<div class=\"elementor-widget-container\">\n\t\t\t\t\t\t\t<div class=\"elementor-divider\">\n\t\t\t<span class=\"elementor-divider-separator\">\n\t\t\t\t\t\t<\/span>\n\t\t<\/div>\n\t\t\t\t\t\t<\/div>\n\t\t\t\t<\/div>\n\t\t\t\t\t<\/div>\n\t\t\t\t<\/div>\n\t\t<div class=\"elementor-element elementor-element-b431a95 e-flex e-con-boxed e-con e-parent\" data-id=\"b431a95\" data-element_type=\"container\" data-e-type=\"container\" data-settings=\"{&quot;_ha_eqh_enable&quot;:false}\">\n\t\t\t\t\t<div class=\"e-con-inner\">\n\t\t\t\t<div class=\"elementor-element elementor-element-19807e5 elementor-widget elementor-widget-spacer\" data-id=\"19807e5\" data-element_type=\"widget\" data-e-type=\"widget\" data-widget_type=\"spacer.default\">\n\t\t\t\t<div class=\"elementor-widget-container\">\n\t\t\t\t\t\t\t<div class=\"elementor-spacer\">\n\t\t\t<div class=\"elementor-spacer-inner\"><\/div>\n\t\t<\/div>\n\t\t\t\t\t\t<\/div>\n\t\t\t\t<\/div>\n\t\t\t\t\t<\/div>\n\t\t\t\t<\/div>\n\t\t\t\t<\/div>\n\t\t","protected":false},"excerpt":{"rendered":"<p>Empresa Vinomatos participa na feira AgroExpo 2022 | Espanha A AGROEXPO 2022 em Espanha conta com a participa\u00e7\u00e3o da empresa Vinomatos NOVIDADE: Caixas multiusos de prote\u00e7\u00e3o florestal + Buggy 4&#215;4 CF Moto 08\/02\/2022 &#8211; Caixas multiusos de prote\u00e7\u00e3o florestal + Buggy 4&#215;4 CF Moto Empresa Vinomatos participa na feira World AG Expo 2022 na Calif\u00f3rnia&hellip;<\/p>\n","protected":false},"author":1,"featured_media":14534,"parent":0,"menu_order":0,"comment_status":"closed","ping_status":"closed","template":"","meta":{"_monsterinsights_skip_tracking":false,"_monsterinsights_sitenote_active":false,"_monsterinsights_sitenote_note":"","_monsterinsights_sitenote_category":0,"footnotes":""},"class_list":["post-15405","page","type-page","status-publish","has-post-thumbnail","hentry"],"yoast_head":"<!-- This site is optimized with the Yoast SEO plugin v27.2 - https:\/\/yoast.com\/product\/yoast-seo-wordpress\/ -->\n<title>Nouvelles et Nouvelles - Vinomatos \u00ae L\u00edder Mundial em Planta\u00e7\u00e3o Mecanizada por GPS<\/title>\n<meta name=\"robots\" content=\"index, follow, max-snippet:-1, max-image-preview:large, max-video-preview:-1\" \/>\n<link rel=\"canonical\" href=\"https:\/\/clone.vinomatos.com\/fr\/nouvelles\/\" \/>\n<meta property=\"og:locale\" content=\"fr_FR\" \/>\n<meta property=\"og:type\" content=\"article\" \/>\n<meta property=\"og:title\" content=\"Nouvelles et Nouvelles - Vinomatos \u00ae L\u00edder Mundial em Planta\u00e7\u00e3o Mecanizada por GPS\" \/>\n<meta property=\"og:description\" content=\"Empresa Vinomatos participa na feira AgroExpo 2022 | Espanha A AGROEXPO 2022 em Espanha conta com a participa\u00e7\u00e3o da empresa Vinomatos NOVIDADE: Caixas multiusos de prote\u00e7\u00e3o florestal + Buggy 4&#215;4 CF Moto 08\/02\/2022 &#8211; Caixas multiusos de prote\u00e7\u00e3o florestal + Buggy 4&#215;4 CF Moto Empresa Vinomatos participa na feira World AG Expo 2022 na Calif\u00f3rnia&hellip;\" \/>\n<meta property=\"og:url\" content=\"https:\/\/clone.vinomatos.com\/fr\/nouvelles\/\" \/>\n<meta property=\"og:site_name\" content=\"Vinomatos \u00ae L\u00edder Mundial em Planta\u00e7\u00e3o Mecanizada por GPS\" \/>\n<meta property=\"article:publisher\" content=\"https:\/\/facebook.com\/vinomatos\" \/>\n<meta property=\"article:modified_time\" content=\"2025-07-25T09:19:49+00:00\" \/>\n<meta property=\"og:image\" content=\"https:\/\/clone.vinomatos.com\/wp-content\/uploads\/2025\/06\/campo_portugues_sem_desfoques.webp\" \/>\n\t<meta property=\"og:image:width\" content=\"1224\" \/>\n\t<meta property=\"og:image:height\" content=\"816\" \/>\n\t<meta property=\"og:image:type\" content=\"image\/webp\" \/>\n<meta name=\"twitter:card\" content=\"summary_large_image\" \/>\n<meta name=\"twitter:site\" content=\"@vinomatos\" \/>\n<meta name=\"twitter:label1\" content=\"Dur\u00e9e de lecture estim\u00e9e\" \/>\n\t<meta name=\"twitter:data1\" content=\"1 minute\" \/>\n<script type=\"application\/ld+json\" class=\"yoast-schema-graph\">{\"@context\":\"https:\/\/schema.org\",\"@graph\":[{\"@type\":\"WebPage\",\"@id\":\"https:\/\/clone.vinomatos.com\/fr\/nouvelles\/\",\"url\":\"https:\/\/clone.vinomatos.com\/fr\/nouvelles\/\",\"name\":\"Nouvelles et Nouvelles - Vinomatos \u00ae L\u00edder Mundial em Planta\u00e7\u00e3o Mecanizada por GPS\",\"isPartOf\":{\"@id\":\"https:\/\/clone.vinomatos.com\/fr\/#website\"},\"primaryImageOfPage\":{\"@id\":\"https:\/\/clone.vinomatos.com\/fr\/nouvelles\/#primaryimage\"},\"image\":{\"@id\":\"https:\/\/clone.vinomatos.com\/fr\/nouvelles\/#primaryimage\"},\"thumbnailUrl\":\"https:\/\/clone.vinomatos.com\/wp-content\/uploads\/2025\/06\/campo_portugues_sem_desfoques.webp\",\"datePublished\":\"2025-06-30T13:05:44+00:00\",\"dateModified\":\"2025-07-25T09:19:49+00:00\",\"breadcrumb\":{\"@id\":\"https:\/\/clone.vinomatos.com\/fr\/nouvelles\/#breadcrumb\"},\"inLanguage\":\"fr-FR\",\"potentialAction\":[{\"@type\":\"ReadAction\",\"target\":[\"https:\/\/clone.vinomatos.com\/fr\/nouvelles\/\"]}]},{\"@type\":\"ImageObject\",\"inLanguage\":\"fr-FR\",\"@id\":\"https:\/\/clone.vinomatos.com\/fr\/nouvelles\/#primaryimage\",\"url\":\"https:\/\/clone.vinomatos.com\/wp-content\/uploads\/2025\/06\/campo_portugues_sem_desfoques.webp\",\"contentUrl\":\"https:\/\/clone.vinomatos.com\/wp-content\/uploads\/2025\/06\/campo_portugues_sem_desfoques.webp\",\"width\":1224,\"height\":816},{\"@type\":\"BreadcrumbList\",\"@id\":\"https:\/\/clone.vinomatos.com\/fr\/nouvelles\/#breadcrumb\",\"itemListElement\":[{\"@type\":\"ListItem\",\"position\":1,\"name\":\"Home\",\"item\":\"https:\/\/clone.vinomatos.com\/fr\/commencer\/\"},{\"@type\":\"ListItem\",\"position\":2,\"name\":\"Nouvelles et Nouvelles\"}]},{\"@type\":\"WebSite\",\"@id\":\"https:\/\/clone.vinomatos.com\/fr\/#website\",\"url\":\"https:\/\/clone.vinomatos.com\/fr\/\",\"name\":\"Vinomatos \u00ae L\u00edder Mundial em Planta\u00e7\u00e3o Mecanizada por GPS\",\"description\":\"\",\"publisher\":{\"@id\":\"https:\/\/clone.vinomatos.com\/fr\/#organization\"},\"potentialAction\":[{\"@type\":\"SearchAction\",\"target\":{\"@type\":\"EntryPoint\",\"urlTemplate\":\"https:\/\/clone.vinomatos.com\/fr\/?s={search_term_string}\"},\"query-input\":{\"@type\":\"PropertyValueSpecification\",\"valueRequired\":true,\"valueName\":\"search_term_string\"}}],\"inLanguage\":\"fr-FR\"},{\"@type\":\"Organization\",\"@id\":\"https:\/\/clone.vinomatos.com\/fr\/#organization\",\"name\":\"Vinomatos - L\u00edder Mundial em Planta\u00e7\u00e3o Mecanizada por GPS\",\"url\":\"https:\/\/clone.vinomatos.com\/fr\/\",\"logo\":{\"@type\":\"ImageObject\",\"inLanguage\":\"fr-FR\",\"@id\":\"https:\/\/clone.vinomatos.com\/fr\/#\/schema\/logo\/image\/\",\"url\":\"https:\/\/clone.vinomatos.com\/wp-content\/uploads\/2025\/07\/V-Logo.png\",\"contentUrl\":\"https:\/\/clone.vinomatos.com\/wp-content\/uploads\/2025\/07\/V-Logo.png\",\"width\":711,\"height\":247,\"caption\":\"Vinomatos - L\u00edder Mundial em Planta\u00e7\u00e3o Mecanizada por GPS\"},\"image\":{\"@id\":\"https:\/\/clone.vinomatos.com\/fr\/#\/schema\/logo\/image\/\"},\"sameAs\":[\"https:\/\/facebook.com\/vinomatos\",\"https:\/\/x.com\/vinomatos\",\"https:\/\/instagram.com\/vinomatos\",\"https:\/\/linkedin.com\/company\/vinomatos\"]}]}<\/script>\n<!-- \/ Yoast SEO plugin. -->","yoast_head_json":{"title":"Nouvelles et Nouvelles - Vinomatos \u00ae L\u00edder Mundial em Planta\u00e7\u00e3o Mecanizada por GPS","robots":{"index":"index","follow":"follow","max-snippet":"max-snippet:-1","max-image-preview":"max-image-preview:large","max-video-preview":"max-video-preview:-1"},"canonical":"https:\/\/clone.vinomatos.com\/fr\/nouvelles\/","og_locale":"fr_FR","og_type":"article","og_title":"Nouvelles et Nouvelles - Vinomatos \u00ae L\u00edder Mundial em Planta\u00e7\u00e3o Mecanizada por GPS","og_description":"Empresa Vinomatos participa na feira AgroExpo 2022 | Espanha A AGROEXPO 2022 em Espanha conta com a participa\u00e7\u00e3o da empresa Vinomatos NOVIDADE: Caixas multiusos de prote\u00e7\u00e3o florestal + Buggy 4&#215;4 CF Moto 08\/02\/2022 &#8211; Caixas multiusos de prote\u00e7\u00e3o florestal + Buggy 4&#215;4 CF Moto Empresa Vinomatos participa na feira World AG Expo 2022 na Calif\u00f3rnia&hellip;","og_url":"https:\/\/clone.vinomatos.com\/fr\/nouvelles\/","og_site_name":"Vinomatos \u00ae L\u00edder Mundial em Planta\u00e7\u00e3o Mecanizada por GPS","article_publisher":"https:\/\/facebook.com\/vinomatos","article_modified_time":"2025-07-25T09:19:49+00:00","og_image":[{"width":1224,"height":816,"url":"https:\/\/clone.vinomatos.com\/wp-content\/uploads\/2025\/06\/campo_portugues_sem_desfoques.webp","type":"image\/webp"}],"twitter_card":"summary_large_image","twitter_site":"@vinomatos","twitter_misc":{"Dur\u00e9e de lecture estim\u00e9e":"1 minute"},"schema":{"@context":"https:\/\/schema.org","@graph":[{"@type":"WebPage","@id":"https:\/\/clone.vinomatos.com\/fr\/nouvelles\/","url":"https:\/\/clone.vinomatos.com\/fr\/nouvelles\/","name":"Nouvelles et Nouvelles - Vinomatos \u00ae L\u00edder Mundial em Planta\u00e7\u00e3o Mecanizada por GPS","isPartOf":{"@id":"https:\/\/clone.vinomatos.com\/fr\/#website"},"primaryImageOfPage":{"@id":"https:\/\/clone.vinomatos.com\/fr\/nouvelles\/#primaryimage"},"image":{"@id":"https:\/\/clone.vinomatos.com\/fr\/nouvelles\/#primaryimage"},"thumbnailUrl":"https:\/\/clone.vinomatos.com\/wp-content\/uploads\/2025\/06\/campo_portugues_sem_desfoques.webp","datePublished":"2025-06-30T13:05:44+00:00","dateModified":"2025-07-25T09:19:49+00:00","breadcrumb":{"@id":"https:\/\/clone.vinomatos.com\/fr\/nouvelles\/#breadcrumb"},"inLanguage":"fr-FR","potentialAction":[{"@type":"ReadAction","target":["https:\/\/clone.vinomatos.com\/fr\/nouvelles\/"]}]},{"@type":"ImageObject","inLanguage":"fr-FR","@id":"https:\/\/clone.vinomatos.com\/fr\/nouvelles\/#primaryimage","url":"https:\/\/clone.vinomatos.com\/wp-content\/uploads\/2025\/06\/campo_portugues_sem_desfoques.webp","contentUrl":"https:\/\/clone.vinomatos.com\/wp-content\/uploads\/2025\/06\/campo_portugues_sem_desfoques.webp","width":1224,"height":816},{"@type":"BreadcrumbList","@id":"https:\/\/clone.vinomatos.com\/fr\/nouvelles\/#breadcrumb","itemListElement":[{"@type":"ListItem","position":1,"name":"Home","item":"https:\/\/clone.vinomatos.com\/fr\/commencer\/"},{"@type":"ListItem","position":2,"name":"Nouvelles et Nouvelles"}]},{"@type":"WebSite","@id":"https:\/\/clone.vinomatos.com\/fr\/#website","url":"https:\/\/clone.vinomatos.com\/fr\/","name":"Vinomatos \u00ae L\u00edder Mundial em Planta\u00e7\u00e3o Mecanizada por GPS","description":"","publisher":{"@id":"https:\/\/clone.vinomatos.com\/fr\/#organization"},"potentialAction":[{"@type":"SearchAction","target":{"@type":"EntryPoint","urlTemplate":"https:\/\/clone.vinomatos.com\/fr\/?s={search_term_string}"},"query-input":{"@type":"PropertyValueSpecification","valueRequired":true,"valueName":"search_term_string"}}],"inLanguage":"fr-FR"},{"@type":"Organization","@id":"https:\/\/clone.vinomatos.com\/fr\/#organization","name":"Vinomatos - L\u00edder Mundial em Planta\u00e7\u00e3o Mecanizada por GPS","url":"https:\/\/clone.vinomatos.com\/fr\/","logo":{"@type":"ImageObject","inLanguage":"fr-FR","@id":"https:\/\/clone.vinomatos.com\/fr\/#\/schema\/logo\/image\/","url":"https:\/\/clone.vinomatos.com\/wp-content\/uploads\/2025\/07\/V-Logo.png","contentUrl":"https:\/\/clone.vinomatos.com\/wp-content\/uploads\/2025\/07\/V-Logo.png","width":711,"height":247,"caption":"Vinomatos - L\u00edder Mundial em Planta\u00e7\u00e3o Mecanizada por GPS"},"image":{"@id":"https:\/\/clone.vinomatos.com\/fr\/#\/schema\/logo\/image\/"},"sameAs":["https:\/\/facebook.com\/vinomatos","https:\/\/x.com\/vinomatos","https:\/\/instagram.com\/vinomatos","https:\/\/linkedin.com\/company\/vinomatos"]}]}},"_links":{"self":[{"href":"https:\/\/clone.vinomatos.com\/fr\/wp-json\/wp\/v2\/pages\/15405","targetHints":{"allow":["GET"]}}],"collection":[{"href":"https:\/\/clone.vinomatos.com\/fr\/wp-json\/wp\/v2\/pages"}],"about":[{"href":"https:\/\/clone.vinomatos.com\/fr\/wp-json\/wp\/v2\/types\/page"}],"author":[{"embeddable":true,"href":"https:\/\/clone.vinomatos.com\/fr\/wp-json\/wp\/v2\/users\/1"}],"replies":[{"embeddable":true,"href":"https:\/\/clone.vinomatos.com\/fr\/wp-json\/wp\/v2\/comments?post=15405"}],"version-history":[{"count":4,"href":"https:\/\/clone.vinomatos.com\/fr\/wp-json\/wp\/v2\/pages\/15405\/revisions"}],"predecessor-version":[{"id":21447,"href":"https:\/\/clone.vinomatos.com\/fr\/wp-json\/wp\/v2\/pages\/15405\/revisions\/21447"}],"wp:featuredmedia":[{"embeddable":true,"href":"https:\/\/clone.vinomatos.com\/fr\/wp-json\/wp\/v2\/media\/14534"}],"wp:attachment":[{"href":"https:\/\/clone.vinomatos.com\/fr\/wp-json\/wp\/v2\/media?parent=15405"}],"curies":[{"name":"wp","href":"https:\/\/api.w.org\/{rel}","templated":true}]}}