{"id":15067,"date":"2025-06-12T15:38:10","date_gmt":"2025-06-12T15:38:10","guid":{"rendered":"https:\/\/clone.vinomatos.com\/planteuse-doliviers-i\/"},"modified":"2025-07-11T13:07:53","modified_gmt":"2025-07-11T13:07:53","slug":"planteuse-doliviers-i","status":"publish","type":"page","link":"https:\/\/clone.vinomatos.com\/fr\/planteuse-doliviers-i\/","title":{"rendered":"Planteuse d&rsquo;oliviers I"},"content":{"rendered":"\t\t<div data-elementor-type=\"wp-page\" data-elementor-id=\"15067\" class=\"elementor elementor-15067 elementor-11139\" data-elementor-settings=\"{&quot;ha_cmc_init_switcher&quot;:&quot;no&quot;}\" data-elementor-post-type=\"page\">\n\t\t\t\t<div class=\"elementor-element elementor-element-d20fde3 e-flex e-con-boxed e-con e-parent\" data-id=\"d20fde3\" data-element_type=\"container\" data-e-type=\"container\" data-settings=\"{&quot;_ha_eqh_enable&quot;:false}\">\n\t\t\t\t\t<div class=\"e-con-inner\">\n\t\t\t\t<div class=\"elementor-element elementor-element-d8cf0f1 elementor-widget elementor-widget-text-editor\" data-id=\"d8cf0f1\" data-element_type=\"widget\" data-e-type=\"widget\" data-widget_type=\"text-editor.default\">\n\t\t\t\t<div class=\"elementor-widget-container\">\n\t\t\t\t\t\t\t\t\t<h4><strong>Planteuse \u00ab OLIVA I \u00bb<\/strong><\/h4><p>La planteuse \u00ab OLIVA I \u00bb garantit la fiabilit\u00e9 et la robustesse attendues d&rsquo;un olivier. Cette version est une version \u00ab standard \u00bb de notre planteuse. Avec ce syst\u00e8me, les probl\u00e8mes caus\u00e9s par la croissance anarchique des plantations sont surmont\u00e9s ! Avec la planteuse \u00ab Oliva I \u00bb fabriqu\u00e9e par nos soins, la plante et son tuteur sont plac\u00e9s par la machine, \u00e0 l&rsquo;endroit pr\u00e9cis d\u00e9fini par GPS et la marge d&rsquo;erreur est minime. L&rsquo;exp\u00e9rience montre que la machine de plantation guid\u00e9e par GPS a des performances bien sup\u00e9rieures \u00e0 celles de toute autre machine et \u00e0 celles de la plantation manuelle.   <\/p>\t\t\t\t\t\t\t\t<\/div>\n\t\t\t\t<\/div>\n\t\t\t\t\t<\/div>\n\t\t\t\t<\/div>\n\t\t<div class=\"elementor-element elementor-element-3e7a477 e-flex e-con-boxed e-con e-parent\" data-id=\"3e7a477\" data-element_type=\"container\" data-e-type=\"container\" data-settings=\"{&quot;_ha_eqh_enable&quot;:false}\">\n\t\t\t\t\t<div class=\"e-con-inner\">\n\t\t\t\t<div class=\"elementor-element elementor-element-46e147f preserve-img-ratio-fill elementor-widget elementor-widget-the7-image-ticker-widget\" data-id=\"46e147f\" data-element_type=\"widget\" data-e-type=\"widget\" data-settings=\"{&quot;ticker_transition_speed&quot;:30}\" data-widget_type=\"the7-image-ticker-widget.default\">\n\t\t\t\t<div class=\"elementor-widget-container\">\n\t\t\t\t\t<div class=\"the7-ticker\"><div class=\"the7-ticker-content\"><div class=\"the7-image-wrapper post-thumbnail-rollover layzr-bg img-css-resize-wrapper\"><img fetchpriority=\"high\" decoding=\"async\" width=\"500\" height=\"375\" src=\"data:image\/svg+xml,%3Csvg%20xmlns%3D&#039;http%3A%2F%2Fwww.w3.org%2F2000%2Fsvg&#039;%20viewBox%3D&#039;0%200%201%201&#039;%2F%3E\" class=\"attachment- size- preload-me aspect lazy lazy-load\" alt=\"\" sizes=\"(max-width: 500px) 100vw, 500px\" data-src=\"https:\/\/clone.vinomatos.com\/wp-content\/uploads\/2025\/06\/Oliva1_1.png\" loading=\"eager\" data-srcset=\"https:\/\/clone.vinomatos.com\/wp-content\/uploads\/2025\/06\/Oliva1_1.png 500w, https:\/\/clone.vinomatos.com\/wp-content\/uploads\/2025\/06\/Oliva1_1-300x225.png 300w\" \/><\/div><div class=\"the7-image-wrapper post-thumbnail-rollover layzr-bg img-css-resize-wrapper\"><img decoding=\"async\" width=\"500\" height=\"375\" src=\"data:image\/svg+xml,%3Csvg%20xmlns%3D&#039;http%3A%2F%2Fwww.w3.org%2F2000%2Fsvg&#039;%20viewBox%3D&#039;0%200%201%201&#039;%2F%3E\" class=\"attachment- size- preload-me aspect lazy lazy-load\" alt=\"\" sizes=\"(max-width: 500px) 100vw, 500px\" data-src=\"https:\/\/clone.vinomatos.com\/wp-content\/uploads\/2025\/06\/Oliva1_3.png\" loading=\"eager\" data-srcset=\"https:\/\/clone.vinomatos.com\/wp-content\/uploads\/2025\/06\/Oliva1_3.png 500w, https:\/\/clone.vinomatos.com\/wp-content\/uploads\/2025\/06\/Oliva1_3-300x225.png 300w\" \/><\/div><div class=\"the7-image-wrapper post-thumbnail-rollover layzr-bg img-css-resize-wrapper\"><img decoding=\"async\" width=\"276\" height=\"182\" src=\"data:image\/svg+xml,%3Csvg%20xmlns%3D&#039;http%3A%2F%2Fwww.w3.org%2F2000%2Fsvg&#039;%20viewBox%3D&#039;0%200%201%201&#039;%2F%3E\" class=\"attachment- size- preload-me aspect lazy lazy-load\" alt=\"\" data-src=\"https:\/\/clone.vinomatos.com\/wp-content\/uploads\/2025\/06\/transferir-12.jpeg\" loading=\"eager\" \/><\/div><\/div><\/div>\t\t\t\t<\/div>\n\t\t\t\t<\/div>\n\t\t\t\t\t<\/div>\n\t\t\t\t<\/div>\n\t\t<div class=\"elementor-element elementor-element-405c248 e-flex e-con-boxed e-con e-parent\" data-id=\"405c248\" data-element_type=\"container\" data-e-type=\"container\" data-settings=\"{&quot;_ha_eqh_enable&quot;:false}\">\n\t\t\t\t\t<div class=\"e-con-inner\">\n\t\t\t\t<div class=\"elementor-element elementor-element-950ffe7 elementor-align-center elementor-widget elementor-widget-button\" data-id=\"950ffe7\" data-element_type=\"widget\" data-e-type=\"widget\" data-widget_type=\"button.default\">\n\t\t\t\t<div class=\"elementor-widget-container\">\n\t\t\t\t\t\t\t\t\t<div class=\"elementor-button-wrapper\">\n\t\t\t\t\t<a class=\"elementor-button elementor-button-link elementor-size-sm\" href=\"#m\u00e3is-infromacoes-olivai\">\n\t\t\t\t\t\t<span class=\"elementor-button-content-wrapper\">\n\t\t\t\t\t\t\t\t\t<span class=\"elementor-button-text\">Demander plus d'informations<\/span>\n\t\t\t\t\t<\/span>\n\t\t\t\t\t<\/a>\n\t\t\t\t<\/div>\n\t\t\t\t\t\t\t\t<\/div>\n\t\t\t\t<\/div>\n\t\t\t\t\t<\/div>\n\t\t\t\t<\/div>\n\t\t<div class=\"elementor-element elementor-element-dc526f9 e-flex e-con-boxed e-con e-parent\" data-id=\"dc526f9\" data-element_type=\"container\" data-e-type=\"container\" data-settings=\"{&quot;_ha_eqh_enable&quot;:false}\">\n\t\t\t\t\t<div class=\"e-con-inner\">\n\t\t\t\t<div class=\"elementor-element elementor-element-a1d9541 elementor-widget elementor-widget-text-editor\" data-id=\"a1d9541\" data-element_type=\"widget\" data-e-type=\"widget\" data-widget_type=\"text-editor.default\">\n\t\t\t\t<div class=\"elementor-widget-container\">\n\t\t\t\t\t\t\t\t\t<p><strong>\u2013 Caract\u00e9ristiques g\u00e9n\u00e9rales :<\/strong><\/p><p>La planteuse \u00ab OLIVA I \u00bb garantit une efficacit\u00e9 in\u00e9gal\u00e9e en mode super intensif, qui garantira le succ\u00e8s de votre vignoble, oliveraie et divers types d&rsquo;arbres fruitiers. Vinomatos a \u00e9t\u00e9 un pionnier dans ce type de plantation. Les plantations r\u00e9alis\u00e9es avec notre planteuse sont beaucoup plus pr\u00e9cises que toute autre m\u00e9thode de plantation. Plus une plantation est pr\u00e9cise et rigoureuse, plus il sera facile de travailler sur cette parcelle, avec une rentabilit\u00e9 plus \u00e9lev\u00e9e.   <\/p>\t\t\t\t\t\t\t\t<\/div>\n\t\t\t\t<\/div>\n\t\t\t\t\t<\/div>\n\t\t\t\t<\/div>\n\t\t<div class=\"elementor-element elementor-element-3b1c3d3 e-flex e-con-boxed e-con e-parent\" data-id=\"3b1c3d3\" data-element_type=\"container\" data-e-type=\"container\" data-settings=\"{&quot;_ha_eqh_enable&quot;:false}\">\n\t\t\t\t\t<div class=\"e-con-inner\">\n\t\t\t\t<div class=\"elementor-element elementor-element-0aca264 elementor-widget-divider--view-line elementor-widget elementor-widget-divider\" data-id=\"0aca264\" data-element_type=\"widget\" data-e-type=\"widget\" data-widget_type=\"divider.default\">\n\t\t\t\t<div class=\"elementor-widget-container\">\n\t\t\t\t\t\t\t<div class=\"elementor-divider\">\n\t\t\t<span class=\"elementor-divider-separator\">\n\t\t\t\t\t\t<\/span>\n\t\t<\/div>\n\t\t\t\t\t\t<\/div>\n\t\t\t\t<\/div>\n\t\t\t\t\t<\/div>\n\t\t\t\t<\/div>\n\t\t<div class=\"elementor-element elementor-element-42c738b e-flex e-con-boxed e-con e-parent\" data-id=\"42c738b\" data-element_type=\"container\" data-e-type=\"container\" data-settings=\"{&quot;_ha_eqh_enable&quot;:false}\">\n\t\t\t\t\t<div class=\"e-con-inner\">\n\t\t\t\t<div class=\"elementor-element elementor-element-bb9d860 elementor-widget elementor-widget-text-editor\" data-id=\"bb9d860\" data-element_type=\"widget\" data-e-type=\"widget\" id=\"m\u00e3is-infromacoes-olivai\" data-widget_type=\"text-editor.default\">\n\t\t\t\t<div class=\"elementor-widget-container\">\n\t\t\t\t\t\t\t\t\t<div class=\"rte\"><div class=\"col-lg-12\"><p><strong>Caract\u00e9ristiques techniques :<\/strong><\/p><p>&#8211; Comment fonctionne notre planteuse \u00ab\u00a0Oliva I\u00a0\u00bb ? Il s&rsquo;agit d&rsquo;une machine polyvalente qui plante des tuteurs de 0,60 \u00e0 2,60 en rang\u00e9e, puis place la plante et les arrose simultan\u00e9ment. Ils sont \u00e9quip\u00e9s d&rsquo;un syst\u00e8me de guidage et de positionnement par satellite, d&rsquo;un chargeur lat\u00e9ral, d&rsquo;un support de plantes avec compensation avanc\u00e9e et d&rsquo;une pompe d&rsquo;irrigation pour les clients qui souhaitent effectuer une irrigation localis\u00e9e au moment de la plantation.   <\/p><p><strong>Remarque <\/strong>: Nous disposons de d\u00e9cennies de savoir-faire dans la r\u00e9alisation de travaux de plantation et la fabrication de machines de plantation.<\/p><\/div><\/div>\t\t\t\t\t\t\t\t<\/div>\n\t\t\t\t<\/div>\n\t\t\t\t\t<\/div>\n\t\t\t\t<\/div>\n\t\t<div class=\"elementor-element elementor-element-c056722 e-grid e-con-full e-con e-child\" data-id=\"c056722\" data-element_type=\"container\" data-e-type=\"container\" data-settings=\"{&quot;_ha_eqh_enable&quot;:false}\">\n\t\t\t\t<div class=\"elementor-element elementor-element-10c3277 elementor-widget__width-initial elementor-align-center elementor-widget elementor-widget-button\" data-id=\"10c3277\" data-element_type=\"widget\" data-e-type=\"widget\" data-widget_type=\"button.default\">\n\t\t\t\t<div class=\"elementor-widget-container\">\n\t\t\t\t\t\t\t\t\t<div class=\"elementor-button-wrapper\">\n\t\t\t\t\t<a class=\"elementor-button elementor-button-link elementor-size-sm\" href=\"\">\n\t\t\t\t\t\t<span class=\"elementor-button-content-wrapper\">\n\t\t\t\t\t\t\t\t\t<span class=\"elementor-button-text\">| Fiche technique | Plus d'informations<\/span>\n\t\t\t\t\t<\/span>\n\t\t\t\t\t<\/a>\n\t\t\t\t<\/div>\n\t\t\t\t\t\t\t\t<\/div>\n\t\t\t\t<\/div>\n\t\t\t\t<div class=\"elementor-element elementor-element-7455434 elementor-widget__width-initial elementor-align-center elementor-widget elementor-widget-button\" data-id=\"7455434\" data-element_type=\"widget\" data-e-type=\"widget\" data-widget_type=\"button.default\">\n\t\t\t\t<div class=\"elementor-widget-container\">\n\t\t\t\t\t\t\t\t\t<div class=\"elementor-button-wrapper\">\n\t\t\t\t\t<a class=\"elementor-button elementor-button-link elementor-size-sm\" href=\"\">\n\t\t\t\t\t\t<span class=\"elementor-button-content-wrapper\">\n\t\t\t\t\t\t\t\t\t<span class=\"elementor-button-text\">D\u00e9couvrez plus de produits dans notre boutique en ligne<\/span>\n\t\t\t\t\t<\/span>\n\t\t\t\t\t<\/a>\n\t\t\t\t<\/div>\n\t\t\t\t\t\t\t\t<\/div>\n\t\t\t\t<\/div>\n\t\t\t\t<\/div>\n\t\t<div class=\"elementor-element elementor-element-d97c537 e-flex e-con-boxed e-con e-parent\" data-id=\"d97c537\" data-element_type=\"container\" data-e-type=\"container\" data-settings=\"{&quot;_ha_eqh_enable&quot;:false}\">\n\t\t\t\t\t<div class=\"e-con-inner\">\n\t\t\t\t<div class=\"elementor-element elementor-element-dc619d9 elementor-widget-divider--view-line elementor-widget elementor-widget-divider\" data-id=\"dc619d9\" data-element_type=\"widget\" data-e-type=\"widget\" data-widget_type=\"divider.default\">\n\t\t\t\t<div class=\"elementor-widget-container\">\n\t\t\t\t\t\t\t<div class=\"elementor-divider\">\n\t\t\t<span class=\"elementor-divider-separator\">\n\t\t\t\t\t\t<\/span>\n\t\t<\/div>\n\t\t\t\t\t\t<\/div>\n\t\t\t\t<\/div>\n\t\t\t\t\t<\/div>\n\t\t\t\t<\/div>\n\t\t<div class=\"elementor-element elementor-element-10b3037 e-con-full e-flex e-con e-child\" data-id=\"10b3037\" data-element_type=\"container\" data-e-type=\"container\" data-settings=\"{&quot;_ha_eqh_enable&quot;:false}\">\n\t\t\t\t<div class=\"elementor-element elementor-element-9b2ccff elementor-widget elementor-widget-heading\" data-id=\"9b2ccff\" data-element_type=\"widget\" data-e-type=\"widget\" data-widget_type=\"heading.default\">\n\t\t\t\t<div class=\"elementor-widget-container\">\n\t\t\t\t\t<h2 class=\"elementor-heading-title elementor-size-default\">Demander plus d'informations<\/h2>\t\t\t\t<\/div>\n\t\t\t\t<\/div>\n\t\t\t\t<\/div>\n\t\t<div class=\"elementor-element elementor-element-d07bb4a e-flex e-con-boxed e-con e-parent\" data-id=\"d07bb4a\" data-element_type=\"container\" data-e-type=\"container\" data-settings=\"{&quot;_ha_eqh_enable&quot;:false}\">\n\t\t\t\t\t<div class=\"e-con-inner\">\n\t\t\t\t<div class=\"elementor-element elementor-element-c86eef8 elementor-widget elementor-widget-spacer\" data-id=\"c86eef8\" data-element_type=\"widget\" data-e-type=\"widget\" data-widget_type=\"spacer.default\">\n\t\t\t\t<div class=\"elementor-widget-container\">\n\t\t\t\t\t\t\t<div class=\"elementor-spacer\">\n\t\t\t<div class=\"elementor-spacer-inner\"><\/div>\n\t\t<\/div>\n\t\t\t\t\t\t<\/div>\n\t\t\t\t<\/div>\n\t\t\t\t<div class=\"elementor-element elementor-element-a077270 elementor-widget elementor-widget-html\" data-id=\"a077270\" data-element_type=\"widget\" data-e-type=\"widget\" data-widget_type=\"html.default\">\n\t\t\t\t<div class=\"elementor-widget-container\">\n\t\t\t\t\t<script charset=\"utf-8\" type=\"text\/javascript\" src=\"\/\/js-eu1.hsforms.net\/forms\/embed\/v2.js\"><\/script><script>hbspt.forms.create({\r\n    portalId: \"27059144\",\r\n    formId: \"b4af4282-9ddb-447d-9bf5-08066b9055cf\",\r\n    region: \"eu1\"\r\n  });\r\n<\/script>\t\t\t\t<\/div>\n\t\t\t\t<\/div>\n\t\t\t\t<div class=\"elementor-element elementor-element-d9bb4da elementor-widget elementor-widget-spacer\" data-id=\"d9bb4da\" data-element_type=\"widget\" data-e-type=\"widget\" data-widget_type=\"spacer.default\">\n\t\t\t\t<div class=\"elementor-widget-container\">\n\t\t\t\t\t\t\t<div class=\"elementor-spacer\">\n\t\t\t<div class=\"elementor-spacer-inner\"><\/div>\n\t\t<\/div>\n\t\t\t\t\t\t<\/div>\n\t\t\t\t<\/div>\n\t\t\t\t\t<\/div>\n\t\t\t\t<\/div>\n\t\t\t\t<\/div>\n\t\t","protected":false},"excerpt":{"rendered":"<p>Planteuse \u00ab OLIVA I \u00bb La planteuse \u00ab OLIVA I \u00bb garantit la fiabilit\u00e9 et la robustesse attendues d&rsquo;un olivier. Cette version est une version \u00ab standard \u00bb de notre planteuse. Avec ce syst\u00e8me, les probl\u00e8mes caus\u00e9s par la croissance anarchique des plantations sont surmont\u00e9s ! Avec la planteuse \u00ab Oliva I \u00bb fabriqu\u00e9e par&hellip;<\/p>\n","protected":false},"author":1,"featured_media":14471,"parent":0,"menu_order":0,"comment_status":"closed","ping_status":"closed","template":"","meta":{"_monsterinsights_skip_tracking":false,"_monsterinsights_sitenote_active":false,"_monsterinsights_sitenote_note":"","_monsterinsights_sitenote_category":0,"footnotes":""},"class_list":["post-15067","page","type-page","status-publish","has-post-thumbnail","hentry"],"yoast_head":"<!-- This site is optimized with the Yoast SEO plugin v27.2 - https:\/\/yoast.com\/product\/yoast-seo-wordpress\/ -->\n<title>Planteuse d&#039;oliviers I - Vinomatos \u00ae L\u00edder Mundial em Planta\u00e7\u00e3o Mecanizada por GPS<\/title>\n<meta name=\"robots\" content=\"index, follow, max-snippet:-1, max-image-preview:large, max-video-preview:-1\" \/>\n<link rel=\"canonical\" href=\"https:\/\/clone.vinomatos.com\/fr\/planteuse-doliviers-i\/\" \/>\n<meta property=\"og:locale\" content=\"fr_FR\" \/>\n<meta property=\"og:type\" content=\"article\" \/>\n<meta property=\"og:title\" content=\"Planteuse d&#039;oliviers I - Vinomatos \u00ae L\u00edder Mundial em Planta\u00e7\u00e3o Mecanizada por GPS\" \/>\n<meta property=\"og:description\" content=\"Planteuse \u00ab OLIVA I \u00bb La planteuse \u00ab OLIVA I \u00bb garantit la fiabilit\u00e9 et la robustesse attendues d&rsquo;un olivier. Cette version est une version \u00ab standard \u00bb de notre planteuse. Avec ce syst\u00e8me, les probl\u00e8mes caus\u00e9s par la croissance anarchique des plantations sont surmont\u00e9s ! Avec la planteuse \u00ab Oliva I \u00bb fabriqu\u00e9e par&hellip;\" \/>\n<meta property=\"og:url\" content=\"https:\/\/clone.vinomatos.com\/fr\/planteuse-doliviers-i\/\" \/>\n<meta property=\"og:site_name\" content=\"Vinomatos \u00ae L\u00edder Mundial em Planta\u00e7\u00e3o Mecanizada por GPS\" \/>\n<meta property=\"article:publisher\" content=\"https:\/\/facebook.com\/vinomatos\" \/>\n<meta property=\"article:modified_time\" content=\"2025-07-11T13:07:53+00:00\" \/>\n<meta property=\"og:image\" content=\"https:\/\/clone.vinomatos.com\/wp-content\/uploads\/2025\/06\/465669807_8990918454304854_7759166626803646179_n.jpg\" \/>\n\t<meta property=\"og:image:width\" content=\"2048\" \/>\n\t<meta property=\"og:image:height\" content=\"1536\" \/>\n\t<meta property=\"og:image:type\" content=\"image\/jpeg\" \/>\n<meta name=\"twitter:card\" content=\"summary_large_image\" \/>\n<meta name=\"twitter:site\" content=\"@vinomatos\" \/>\n<meta name=\"twitter:label1\" content=\"Dur\u00e9e de lecture estim\u00e9e\" \/>\n\t<meta name=\"twitter:data1\" content=\"2 minutes\" \/>\n<script type=\"application\/ld+json\" class=\"yoast-schema-graph\">{\"@context\":\"https:\/\/schema.org\",\"@graph\":[{\"@type\":\"WebPage\",\"@id\":\"https:\/\/clone.vinomatos.com\/fr\/planteuse-doliviers-i\/\",\"url\":\"https:\/\/clone.vinomatos.com\/fr\/planteuse-doliviers-i\/\",\"name\":\"Planteuse d'oliviers I - Vinomatos \u00ae L\u00edder Mundial em Planta\u00e7\u00e3o Mecanizada por GPS\",\"isPartOf\":{\"@id\":\"https:\/\/clone.vinomatos.com\/fr\/#website\"},\"primaryImageOfPage\":{\"@id\":\"https:\/\/clone.vinomatos.com\/fr\/planteuse-doliviers-i\/#primaryimage\"},\"image\":{\"@id\":\"https:\/\/clone.vinomatos.com\/fr\/planteuse-doliviers-i\/#primaryimage\"},\"thumbnailUrl\":\"https:\/\/clone.vinomatos.com\/wp-content\/uploads\/2025\/06\/465669807_8990918454304854_7759166626803646179_n.jpg\",\"datePublished\":\"2025-06-12T15:38:10+00:00\",\"dateModified\":\"2025-07-11T13:07:53+00:00\",\"breadcrumb\":{\"@id\":\"https:\/\/clone.vinomatos.com\/fr\/planteuse-doliviers-i\/#breadcrumb\"},\"inLanguage\":\"fr-FR\",\"potentialAction\":[{\"@type\":\"ReadAction\",\"target\":[\"https:\/\/clone.vinomatos.com\/fr\/planteuse-doliviers-i\/\"]}]},{\"@type\":\"ImageObject\",\"inLanguage\":\"fr-FR\",\"@id\":\"https:\/\/clone.vinomatos.com\/fr\/planteuse-doliviers-i\/#primaryimage\",\"url\":\"https:\/\/clone.vinomatos.com\/wp-content\/uploads\/2025\/06\/465669807_8990918454304854_7759166626803646179_n.jpg\",\"contentUrl\":\"https:\/\/clone.vinomatos.com\/wp-content\/uploads\/2025\/06\/465669807_8990918454304854_7759166626803646179_n.jpg\",\"width\":2048,\"height\":1536},{\"@type\":\"BreadcrumbList\",\"@id\":\"https:\/\/clone.vinomatos.com\/fr\/planteuse-doliviers-i\/#breadcrumb\",\"itemListElement\":[{\"@type\":\"ListItem\",\"position\":1,\"name\":\"Home\",\"item\":\"https:\/\/clone.vinomatos.com\/fr\/commencer\/\"},{\"@type\":\"ListItem\",\"position\":2,\"name\":\"Planteuse d&#8217;oliviers I\"}]},{\"@type\":\"WebSite\",\"@id\":\"https:\/\/clone.vinomatos.com\/fr\/#website\",\"url\":\"https:\/\/clone.vinomatos.com\/fr\/\",\"name\":\"Vinomatos \u00ae L\u00edder Mundial em Planta\u00e7\u00e3o Mecanizada por GPS\",\"description\":\"\",\"publisher\":{\"@id\":\"https:\/\/clone.vinomatos.com\/fr\/#organization\"},\"potentialAction\":[{\"@type\":\"SearchAction\",\"target\":{\"@type\":\"EntryPoint\",\"urlTemplate\":\"https:\/\/clone.vinomatos.com\/fr\/?s={search_term_string}\"},\"query-input\":{\"@type\":\"PropertyValueSpecification\",\"valueRequired\":true,\"valueName\":\"search_term_string\"}}],\"inLanguage\":\"fr-FR\"},{\"@type\":\"Organization\",\"@id\":\"https:\/\/clone.vinomatos.com\/fr\/#organization\",\"name\":\"Vinomatos - L\u00edder Mundial em Planta\u00e7\u00e3o Mecanizada por GPS\",\"url\":\"https:\/\/clone.vinomatos.com\/fr\/\",\"logo\":{\"@type\":\"ImageObject\",\"inLanguage\":\"fr-FR\",\"@id\":\"https:\/\/clone.vinomatos.com\/fr\/#\/schema\/logo\/image\/\",\"url\":\"https:\/\/clone.vinomatos.com\/wp-content\/uploads\/2025\/07\/V-Logo.png\",\"contentUrl\":\"https:\/\/clone.vinomatos.com\/wp-content\/uploads\/2025\/07\/V-Logo.png\",\"width\":711,\"height\":247,\"caption\":\"Vinomatos - L\u00edder Mundial em Planta\u00e7\u00e3o Mecanizada por GPS\"},\"image\":{\"@id\":\"https:\/\/clone.vinomatos.com\/fr\/#\/schema\/logo\/image\/\"},\"sameAs\":[\"https:\/\/facebook.com\/vinomatos\",\"https:\/\/x.com\/vinomatos\",\"https:\/\/instagram.com\/vinomatos\",\"https:\/\/linkedin.com\/company\/vinomatos\"]}]}<\/script>\n<!-- \/ Yoast SEO plugin. -->","yoast_head_json":{"title":"Planteuse d'oliviers I - Vinomatos \u00ae L\u00edder Mundial em Planta\u00e7\u00e3o Mecanizada por GPS","robots":{"index":"index","follow":"follow","max-snippet":"max-snippet:-1","max-image-preview":"max-image-preview:large","max-video-preview":"max-video-preview:-1"},"canonical":"https:\/\/clone.vinomatos.com\/fr\/planteuse-doliviers-i\/","og_locale":"fr_FR","og_type":"article","og_title":"Planteuse d'oliviers I - Vinomatos \u00ae L\u00edder Mundial em Planta\u00e7\u00e3o Mecanizada por GPS","og_description":"Planteuse \u00ab OLIVA I \u00bb La planteuse \u00ab OLIVA I \u00bb garantit la fiabilit\u00e9 et la robustesse attendues d&rsquo;un olivier. Cette version est une version \u00ab standard \u00bb de notre planteuse. Avec ce syst\u00e8me, les probl\u00e8mes caus\u00e9s par la croissance anarchique des plantations sont surmont\u00e9s ! Avec la planteuse \u00ab Oliva I \u00bb fabriqu\u00e9e par&hellip;","og_url":"https:\/\/clone.vinomatos.com\/fr\/planteuse-doliviers-i\/","og_site_name":"Vinomatos \u00ae L\u00edder Mundial em Planta\u00e7\u00e3o Mecanizada por GPS","article_publisher":"https:\/\/facebook.com\/vinomatos","article_modified_time":"2025-07-11T13:07:53+00:00","og_image":[{"width":2048,"height":1536,"url":"https:\/\/clone.vinomatos.com\/wp-content\/uploads\/2025\/06\/465669807_8990918454304854_7759166626803646179_n.jpg","type":"image\/jpeg"}],"twitter_card":"summary_large_image","twitter_site":"@vinomatos","twitter_misc":{"Dur\u00e9e de lecture estim\u00e9e":"2 minutes"},"schema":{"@context":"https:\/\/schema.org","@graph":[{"@type":"WebPage","@id":"https:\/\/clone.vinomatos.com\/fr\/planteuse-doliviers-i\/","url":"https:\/\/clone.vinomatos.com\/fr\/planteuse-doliviers-i\/","name":"Planteuse d'oliviers I - Vinomatos \u00ae L\u00edder Mundial em Planta\u00e7\u00e3o Mecanizada por GPS","isPartOf":{"@id":"https:\/\/clone.vinomatos.com\/fr\/#website"},"primaryImageOfPage":{"@id":"https:\/\/clone.vinomatos.com\/fr\/planteuse-doliviers-i\/#primaryimage"},"image":{"@id":"https:\/\/clone.vinomatos.com\/fr\/planteuse-doliviers-i\/#primaryimage"},"thumbnailUrl":"https:\/\/clone.vinomatos.com\/wp-content\/uploads\/2025\/06\/465669807_8990918454304854_7759166626803646179_n.jpg","datePublished":"2025-06-12T15:38:10+00:00","dateModified":"2025-07-11T13:07:53+00:00","breadcrumb":{"@id":"https:\/\/clone.vinomatos.com\/fr\/planteuse-doliviers-i\/#breadcrumb"},"inLanguage":"fr-FR","potentialAction":[{"@type":"ReadAction","target":["https:\/\/clone.vinomatos.com\/fr\/planteuse-doliviers-i\/"]}]},{"@type":"ImageObject","inLanguage":"fr-FR","@id":"https:\/\/clone.vinomatos.com\/fr\/planteuse-doliviers-i\/#primaryimage","url":"https:\/\/clone.vinomatos.com\/wp-content\/uploads\/2025\/06\/465669807_8990918454304854_7759166626803646179_n.jpg","contentUrl":"https:\/\/clone.vinomatos.com\/wp-content\/uploads\/2025\/06\/465669807_8990918454304854_7759166626803646179_n.jpg","width":2048,"height":1536},{"@type":"BreadcrumbList","@id":"https:\/\/clone.vinomatos.com\/fr\/planteuse-doliviers-i\/#breadcrumb","itemListElement":[{"@type":"ListItem","position":1,"name":"Home","item":"https:\/\/clone.vinomatos.com\/fr\/commencer\/"},{"@type":"ListItem","position":2,"name":"Planteuse d&#8217;oliviers I"}]},{"@type":"WebSite","@id":"https:\/\/clone.vinomatos.com\/fr\/#website","url":"https:\/\/clone.vinomatos.com\/fr\/","name":"Vinomatos \u00ae L\u00edder Mundial em Planta\u00e7\u00e3o Mecanizada por GPS","description":"","publisher":{"@id":"https:\/\/clone.vinomatos.com\/fr\/#organization"},"potentialAction":[{"@type":"SearchAction","target":{"@type":"EntryPoint","urlTemplate":"https:\/\/clone.vinomatos.com\/fr\/?s={search_term_string}"},"query-input":{"@type":"PropertyValueSpecification","valueRequired":true,"valueName":"search_term_string"}}],"inLanguage":"fr-FR"},{"@type":"Organization","@id":"https:\/\/clone.vinomatos.com\/fr\/#organization","name":"Vinomatos - L\u00edder Mundial em Planta\u00e7\u00e3o Mecanizada por GPS","url":"https:\/\/clone.vinomatos.com\/fr\/","logo":{"@type":"ImageObject","inLanguage":"fr-FR","@id":"https:\/\/clone.vinomatos.com\/fr\/#\/schema\/logo\/image\/","url":"https:\/\/clone.vinomatos.com\/wp-content\/uploads\/2025\/07\/V-Logo.png","contentUrl":"https:\/\/clone.vinomatos.com\/wp-content\/uploads\/2025\/07\/V-Logo.png","width":711,"height":247,"caption":"Vinomatos - L\u00edder Mundial em Planta\u00e7\u00e3o Mecanizada por GPS"},"image":{"@id":"https:\/\/clone.vinomatos.com\/fr\/#\/schema\/logo\/image\/"},"sameAs":["https:\/\/facebook.com\/vinomatos","https:\/\/x.com\/vinomatos","https:\/\/instagram.com\/vinomatos","https:\/\/linkedin.com\/company\/vinomatos"]}]}},"_links":{"self":[{"href":"https:\/\/clone.vinomatos.com\/fr\/wp-json\/wp\/v2\/pages\/15067","targetHints":{"allow":["GET"]}}],"collection":[{"href":"https:\/\/clone.vinomatos.com\/fr\/wp-json\/wp\/v2\/pages"}],"about":[{"href":"https:\/\/clone.vinomatos.com\/fr\/wp-json\/wp\/v2\/types\/page"}],"author":[{"embeddable":true,"href":"https:\/\/clone.vinomatos.com\/fr\/wp-json\/wp\/v2\/users\/1"}],"replies":[{"embeddable":true,"href":"https:\/\/clone.vinomatos.com\/fr\/wp-json\/wp\/v2\/comments?post=15067"}],"version-history":[{"count":1,"href":"https:\/\/clone.vinomatos.com\/fr\/wp-json\/wp\/v2\/pages\/15067\/revisions"}],"predecessor-version":[{"id":15068,"href":"https:\/\/clone.vinomatos.com\/fr\/wp-json\/wp\/v2\/pages\/15067\/revisions\/15068"}],"wp:featuredmedia":[{"embeddable":true,"href":"https:\/\/clone.vinomatos.com\/fr\/wp-json\/wp\/v2\/media\/14471"}],"wp:attachment":[{"href":"https:\/\/clone.vinomatos.com\/fr\/wp-json\/wp\/v2\/media?parent=15067"}],"curies":[{"name":"wp","href":"https:\/\/api.w.org\/{rel}","templated":true}]}}