{"id":14986,"date":"2022-03-13T13:40:25","date_gmt":"2022-03-13T13:40:25","guid":{"rendered":"https:\/\/clone.vinomatos.com\/politique-de-cookies-de-vinomatos-lda\/"},"modified":"2025-07-10T13:44:30","modified_gmt":"2025-07-10T13:44:30","slug":"politique-de-cookies-de-vinomatos-lda","status":"publish","type":"page","link":"https:\/\/clone.vinomatos.com\/fr\/politique-de-cookies-de-vinomatos-lda\/","title":{"rendered":"Politique de cookies de Vinomatos, LDA"},"content":{"rendered":"\t\t<div data-elementor-type=\"wp-page\" data-elementor-id=\"14986\" class=\"elementor elementor-14986 elementor-5396\" data-elementor-settings=\"{&quot;ha_cmc_init_switcher&quot;:&quot;no&quot;}\" data-elementor-post-type=\"page\">\n\t\t\t\t<div class=\"elementor-element elementor-element-319aa93 e-flex e-con-boxed e-con e-parent\" data-id=\"319aa93\" data-element_type=\"container\" data-e-type=\"container\" data-settings=\"{&quot;_ha_eqh_enable&quot;:false}\">\n\t\t\t\t\t<div class=\"e-con-inner\">\n\t\t\t\t<div class=\"elementor-element elementor-element-841a63b elementor-widget elementor-widget-text-editor\" data-id=\"841a63b\" data-element_type=\"widget\" data-e-type=\"widget\" data-widget_type=\"text-editor.default\">\n\t\t\t\t<div class=\"elementor-widget-container\">\n\t\t\t\t\t\t\t\t\t<p><strong>Politique de cookies de Vinomatos, LDA<\/strong><\/p><p><strong>Que sont les cookies ?<\/strong><\/p><p>Comme c&rsquo;est le cas sur la plupart des sites web professionnels, ce site utilise des cookies, de minuscules fichiers t\u00e9l\u00e9charg\u00e9s sur votre ordinateur, pour am\u00e9liorer votre exp\u00e9rience. Cette page d\u00e9crit les informations collect\u00e9es, leur utilisation et les raisons pour lesquelles nous devons parfois stocker ces cookies. Nous vous expliquerons \u00e9galement comment emp\u00eacher leur stockage ; cependant, cela peut alt\u00e9rer ou perturber certaines fonctionnalit\u00e9s du site.  <\/p><p><strong>Comment utilisons-nous les cookies ?<\/strong><\/p><p>Nous utilisons des cookies pour diverses raisons, d\u00e9taill\u00e9es ci-dessous. Malheureusement, dans la plupart des cas, il n&rsquo;existe pas de solution standard permettant de d\u00e9sactiver les cookies sans d\u00e9sactiver compl\u00e8tement les fonctionnalit\u00e9s qu&rsquo;ils ajoutent \u00e0 ce site. Il est recommand\u00e9 de conserver tous les cookies si vous n&rsquo;\u00eates pas s\u00fbr de leur utilit\u00e9, notamment s&rsquo;ils sont utilis\u00e9s pour fournir un service que vous utilisez.  <\/p><p><strong>D\u00e9sactiver les cookies<\/strong><\/p><p>Vous pouvez emp\u00eacher l&rsquo;installation de cookies en modifiant les param\u00e8tres de votre navigateur (consultez l&rsquo;aide de votre navigateur pour savoir comment proc\u00e9der). Sachez que la d\u00e9sactivation des cookies affectera le fonctionnement de ce site et de nombreux autres sites web que vous consultez. La d\u00e9sactivation des cookies entra\u00eene g\u00e9n\u00e9ralement la d\u00e9sactivation de certaines fonctionnalit\u00e9s de ce site. Il est donc recommand\u00e9 de ne pas d\u00e9sactiver les cookies.   <\/p><p><strong>Cookies que nous d\u00e9finissons<\/strong><\/p><ul><li>Cookies li\u00e9s au compte<br><br>Si vous cr\u00e9ez un compte chez nous, nous utiliserons des cookies pour la gestion de votre inscription et l&rsquo;administration g\u00e9n\u00e9rale. Ces cookies sont g\u00e9n\u00e9ralement supprim\u00e9s lors de votre d\u00e9connexion ; cependant, dans certains cas, ils peuvent \u00eatre conserv\u00e9s ult\u00e9rieurement pour m\u00e9moriser vos pr\u00e9f\u00e9rences lors de votre d\u00e9connexion. <br><br><\/li><li>Cookies li\u00e9s \u00e0 la connexion<br><br>Nous utilisons des cookies lorsque vous \u00eates connect\u00e9 afin de m\u00e9moriser cette information. Cela vous \u00e9vite de devoir vous connecter \u00e0 chaque nouvelle page. Ces cookies sont g\u00e9n\u00e9ralement supprim\u00e9s lorsque vous vous d\u00e9connectez afin de vous permettre d&rsquo;acc\u00e9der uniquement aux fonctionnalit\u00e9s et zones restreintes lorsque vous \u00eates connect\u00e9.  <br><br><\/li><li>Cookies li\u00e9s \u00e0 la newsletter<br>Ce site propose des services d&rsquo;abonnement \u00e0 la newsletter ou \u00e0 la newsletter. Des cookies peuvent \u00eatre utilis\u00e9s pour m\u00e9moriser votre inscription et vous permettre d&rsquo;afficher certaines notifications r\u00e9serv\u00e9es aux utilisateurs abonn\u00e9s ou d\u00e9sabonn\u00e9s.<br><br><\/li><li>Cookies relatifs au traitement des demandes<br>Ce site web propose des fonctionnalit\u00e9s de commerce \u00e9lectronique ou de paiement. Certains cookies sont essentiels pour garantir la m\u00e9morisation de votre commande entre les pages et son bon traitement.<br><br><\/li><li>Cookies li\u00e9s \u00e0 la recherche<br><br>Nous proposons ponctuellement des enqu\u00eates et des questionnaires aupr\u00e8s des utilisateurs afin de vous fournir des informations int\u00e9ressantes, des outils utiles ou de mieux comprendre notre base d&rsquo;utilisateurs. Ces enqu\u00eates peuvent utiliser des cookies pour m\u00e9moriser les participants ou pour vous fournir des r\u00e9sultats pr\u00e9cis apr\u00e8s chaque changement de page. <br><br><\/li><li>Cookies li\u00e9s aux formulaires<br>Lorsque vous soumettez des donn\u00e9es via un formulaire, tel que ceux pr\u00e9sents sur les pages de contact ou les formulaires de commentaires, des cookies peuvent \u00eatre install\u00e9s pour m\u00e9moriser vos informations d&rsquo;utilisateur pour vos correspondances ult\u00e9rieures.<\/li><li>Cookies de pr\u00e9f\u00e9rence du site<br><br>Afin de vous offrir une exp\u00e9rience optimale sur ce site, nous vous proposons une fonctionnalit\u00e9 vous permettant de d\u00e9finir vos pr\u00e9f\u00e9rences de fonctionnement. Afin de m\u00e9moriser vos pr\u00e9f\u00e9rences, nous devons utiliser des cookies afin que ces informations soient accessibles d\u00e8s que vous interagissez avec une page affect\u00e9e par vos pr\u00e9f\u00e9rences. <\/li><\/ul><p><strong>Cookies tiers<\/strong><\/p><p>Dans certains cas particuliers, nous utilisons \u00e9galement des cookies fournis par des tiers de confiance. La section suivante d\u00e9taille les cookies tiers que vous pourriez rencontrer sur ce site web. <\/p><ul><li>Ce site web utilise Google Analytics, l&rsquo;une des solutions d&rsquo;analyse les plus r\u00e9pandues et les plus fiables du web, pour nous aider \u00e0 comprendre comment vous utilisez le site et comment nous pouvons l&rsquo;am\u00e9liorer. Ces cookies peuvent enregistrer des informations telles que votre temps de navigation et les pages que vous consultez, afin que nous puissions continuer \u00e0 produire du contenu attrayant. <\/li><\/ul><p>Pour plus d&rsquo;informations sur les cookies de Google Analytics, consultez la page officielle de Google Analytics.<\/p><ul><li>Des analyses tierces sont utilis\u00e9es pour suivre et mesurer l&rsquo;utilisation de ce site afin de continuer \u00e0 produire du contenu attrayant. Ces cookies peuvent enregistrer des informations telles que le temps pass\u00e9 sur le site ou les pages que vous consultez, ce qui nous permet de mieux comprendre comment nous pouvons l&rsquo;am\u00e9liorer. <\/li><li>Nous testons r\u00e9guli\u00e8rement de nouvelles fonctionnalit\u00e9s et apportons de l\u00e9g\u00e8res modifications \u00e0 l&rsquo;apparence du site. Pendant cette phase de test, ces cookies peuvent \u00eatre utilis\u00e9s pour garantir une exp\u00e9rience de navigation coh\u00e9rente, tout en identifiant les optimisations les plus appr\u00e9ci\u00e9es par nos utilisateurs. <\/li><li>Lorsque nous vendons des produits, il est important pour nous de comprendre les statistiques d&rsquo;achat des visiteurs de notre site. C&rsquo;est donc ce type de donn\u00e9es que ces cookies collectent. Ceci est important pour vous, car cela nous permet d&rsquo;\u00e9tablir des pr\u00e9visions commerciales pr\u00e9cises qui nous permettent de surveiller nos co\u00fbts publicitaires et produits afin de vous garantir le meilleur prix possible. <\/li><li>Le service Google AdSense que nous utilisons pour diffuser des publicit\u00e9s utilise un cookie DoubleClick pour diffuser des annonces plus pertinentes sur le Web et limiter le nombre de fois qu&rsquo;une annonce donn\u00e9e vous est pr\u00e9sent\u00e9e.<br>Pour plus d&rsquo;informations sur Google AdSense, consultez la FAQ officielle sur la confidentialit\u00e9 de Google AdSense.<\/li><li>Nous utilisons la publicit\u00e9 pour compenser les co\u00fbts d&rsquo;exploitation de ce site web et financer son d\u00e9veloppement futur. Les cookies de publicit\u00e9 comportementale utilis\u00e9s par ce site web sont con\u00e7us pour vous proposer les publicit\u00e9s les plus pertinentes possible en suivant anonymement vos centres d&rsquo;int\u00e9r\u00eat et en vous pr\u00e9sentant des contenus similaires susceptibles de vous int\u00e9resser. <\/li><li>Plusieurs partenaires font de la publicit\u00e9 en notre nom, et les cookies de suivi d&rsquo;affiliation nous permettent simplement de voir si nos clients sont venus sur le site via l&rsquo;un de nos sites partenaires afin que nous puissions les cr\u00e9diter de mani\u00e8re appropri\u00e9e et, le cas \u00e9ch\u00e9ant, permettre \u00e0 nos partenaires affili\u00e9s de fournir toute incitation qu&rsquo;ils peuvent vous fournir pour effectuer un achat.<\/li><\/ul><p><strong>Engagement de l&rsquo;utilisateur<\/strong><\/p><p>L&rsquo;utilisateur s&rsquo;engage \u00e0 faire un usage appropri\u00e9 du contenu et des informations que Vinomatos, LDA &#8211; World Leaders in Mechanized Planting propose sur le site Web et \u00e0 caract\u00e8re \u00e9nonciatif mais non limitatif :<\/p><ul><li>A) Ne pas se livrer \u00e0 des activit\u00e9s ill\u00e9gales ou contraires \u00e0 la bonne foi et \u00e0 l\u2019ordre public ;<\/li><li>B) Ne pas diffuser de contenu ou de propagande \u00e0 caract\u00e8re raciste, x\u00e9nophobe, <a href=\"https:\/\/ondeapostar.pt\/\">de paris en ligne<\/a>, de pornographie ill\u00e9gale, de soutien au terrorisme ou contre les droits de l&rsquo;homme ;<\/li><li>C) Ne pas causer de dommages aux syst\u00e8mes physiques (mat\u00e9riels) et logiques (logiciels) de Vinomatos, LDA &#8211; World Leaders in Mechanized Planting, de ses fournisseurs ou de tiers, ni introduire ou diffuser des virus informatiques ou tout autre syst\u00e8me mat\u00e9riel ou logiciel susceptible de causer les dommages susmentionn\u00e9s.<\/li><\/ul><p><strong>Plus d&rsquo;informations<\/strong><\/p><p>J&rsquo;esp\u00e8re que cela a clarifi\u00e9 les choses pour vous et comme cela a \u00e9t\u00e9 mentionn\u00e9 pr\u00e9c\u00e9demment, s&rsquo;il y a quelque chose dont vous n&rsquo;\u00eates pas s\u00fbr d&rsquo;avoir besoin ou non, il est g\u00e9n\u00e9ralement plus s\u00fbr de laisser les cookies activ\u00e9s au cas o\u00f9 ils interagiraient avec l&rsquo;une des fonctionnalit\u00e9s que vous utilisez sur notre site.<\/p><p>Cette politique est en vigueur \u00e0 partir de <strong>janvier <\/strong><strong>2020<\/strong>.<\/p>\t\t\t\t\t\t\t\t<\/div>\n\t\t\t\t<\/div>\n\t\t\t\t\t<\/div>\n\t\t\t\t<\/div>\n\t\t\t\t<\/div>\n\t\t","protected":false},"excerpt":{"rendered":"<p>Politique de cookies de Vinomatos, LDA Que sont les cookies ? Comme c&rsquo;est le cas sur la plupart des sites web professionnels, ce site utilise des cookies, de minuscules fichiers t\u00e9l\u00e9charg\u00e9s sur votre ordinateur, pour am\u00e9liorer votre exp\u00e9rience. Cette page d\u00e9crit les informations collect\u00e9es, leur utilisation et les raisons pour lesquelles nous devons parfois stocker&hellip;<\/p>\n","protected":false},"author":1,"featured_media":14564,"parent":0,"menu_order":990,"comment_status":"closed","ping_status":"closed","template":"","meta":{"_monsterinsights_skip_tracking":false,"_monsterinsights_sitenote_active":false,"_monsterinsights_sitenote_note":"","_monsterinsights_sitenote_category":0,"footnotes":""},"class_list":["post-14986","page","type-page","status-publish","has-post-thumbnail","hentry"],"yoast_head":"<!-- This site is optimized with the Yoast SEO plugin v27.2 - https:\/\/yoast.com\/product\/yoast-seo-wordpress\/ -->\n<title>Politique de cookies de Vinomatos, LDA - Vinomatos \u00ae L\u00edder Mundial em Planta\u00e7\u00e3o Mecanizada por GPS<\/title>\n<meta name=\"robots\" content=\"index, follow, max-snippet:-1, max-image-preview:large, max-video-preview:-1\" \/>\n<link rel=\"canonical\" href=\"https:\/\/clone.vinomatos.com\/fr\/politique-de-cookies-de-vinomatos-lda\/\" \/>\n<meta property=\"og:locale\" content=\"fr_FR\" \/>\n<meta property=\"og:type\" content=\"article\" \/>\n<meta property=\"og:title\" content=\"Politique de cookies de Vinomatos, LDA - Vinomatos \u00ae L\u00edder Mundial em Planta\u00e7\u00e3o Mecanizada por GPS\" \/>\n<meta property=\"og:description\" content=\"Politique de cookies de Vinomatos, LDA Que sont les cookies ? Comme c&rsquo;est le cas sur la plupart des sites web professionnels, ce site utilise des cookies, de minuscules fichiers t\u00e9l\u00e9charg\u00e9s sur votre ordinateur, pour am\u00e9liorer votre exp\u00e9rience. Cette page d\u00e9crit les informations collect\u00e9es, leur utilisation et les raisons pour lesquelles nous devons parfois stocker&hellip;\" \/>\n<meta property=\"og:url\" content=\"https:\/\/clone.vinomatos.com\/fr\/politique-de-cookies-de-vinomatos-lda\/\" \/>\n<meta property=\"og:site_name\" content=\"Vinomatos \u00ae L\u00edder Mundial em Planta\u00e7\u00e3o Mecanizada por GPS\" \/>\n<meta property=\"article:publisher\" content=\"https:\/\/facebook.com\/vinomatos\" \/>\n<meta property=\"article:modified_time\" content=\"2025-07-10T13:44:30+00:00\" \/>\n<meta property=\"og:image\" content=\"https:\/\/clone.vinomatos.com\/wp-content\/uploads\/2025\/06\/campo_portugues_foco_empresa_v2-1024x683.png\" \/>\n\t<meta property=\"og:image:width\" content=\"1024\" \/>\n\t<meta property=\"og:image:height\" content=\"683\" \/>\n\t<meta property=\"og:image:type\" content=\"image\/png\" \/>\n<meta name=\"twitter:card\" content=\"summary_large_image\" \/>\n<meta name=\"twitter:site\" content=\"@vinomatos\" \/>\n<meta name=\"twitter:label1\" content=\"Dur\u00e9e de lecture estim\u00e9e\" \/>\n\t<meta name=\"twitter:data1\" content=\"7 minutes\" \/>\n<script type=\"application\/ld+json\" class=\"yoast-schema-graph\">{\"@context\":\"https:\/\/schema.org\",\"@graph\":[{\"@type\":\"WebPage\",\"@id\":\"https:\/\/clone.vinomatos.com\/fr\/politique-de-cookies-de-vinomatos-lda\/\",\"url\":\"https:\/\/clone.vinomatos.com\/fr\/politique-de-cookies-de-vinomatos-lda\/\",\"name\":\"Politique de cookies de Vinomatos, LDA - Vinomatos \u00ae L\u00edder Mundial em Planta\u00e7\u00e3o Mecanizada por GPS\",\"isPartOf\":{\"@id\":\"https:\/\/clone.vinomatos.com\/fr\/#website\"},\"primaryImageOfPage\":{\"@id\":\"https:\/\/clone.vinomatos.com\/fr\/politique-de-cookies-de-vinomatos-lda\/#primaryimage\"},\"image\":{\"@id\":\"https:\/\/clone.vinomatos.com\/fr\/politique-de-cookies-de-vinomatos-lda\/#primaryimage\"},\"thumbnailUrl\":\"https:\/\/clone.vinomatos.com\/wp-content\/uploads\/2025\/06\/campo_portugues_foco_empresa_v2.png\",\"datePublished\":\"2022-03-13T13:40:25+00:00\",\"dateModified\":\"2025-07-10T13:44:30+00:00\",\"breadcrumb\":{\"@id\":\"https:\/\/clone.vinomatos.com\/fr\/politique-de-cookies-de-vinomatos-lda\/#breadcrumb\"},\"inLanguage\":\"fr-FR\",\"potentialAction\":[{\"@type\":\"ReadAction\",\"target\":[\"https:\/\/clone.vinomatos.com\/fr\/politique-de-cookies-de-vinomatos-lda\/\"]}]},{\"@type\":\"ImageObject\",\"inLanguage\":\"fr-FR\",\"@id\":\"https:\/\/clone.vinomatos.com\/fr\/politique-de-cookies-de-vinomatos-lda\/#primaryimage\",\"url\":\"https:\/\/clone.vinomatos.com\/wp-content\/uploads\/2025\/06\/campo_portugues_foco_empresa_v2.png\",\"contentUrl\":\"https:\/\/clone.vinomatos.com\/wp-content\/uploads\/2025\/06\/campo_portugues_foco_empresa_v2.png\",\"width\":1536,\"height\":1024},{\"@type\":\"BreadcrumbList\",\"@id\":\"https:\/\/clone.vinomatos.com\/fr\/politique-de-cookies-de-vinomatos-lda\/#breadcrumb\",\"itemListElement\":[{\"@type\":\"ListItem\",\"position\":1,\"name\":\"Home\",\"item\":\"https:\/\/clone.vinomatos.com\/fr\/commencer\/\"},{\"@type\":\"ListItem\",\"position\":2,\"name\":\"Politique de cookies de Vinomatos, LDA\"}]},{\"@type\":\"WebSite\",\"@id\":\"https:\/\/clone.vinomatos.com\/fr\/#website\",\"url\":\"https:\/\/clone.vinomatos.com\/fr\/\",\"name\":\"Vinomatos \u00ae L\u00edder Mundial em Planta\u00e7\u00e3o Mecanizada por GPS\",\"description\":\"\",\"publisher\":{\"@id\":\"https:\/\/clone.vinomatos.com\/fr\/#organization\"},\"potentialAction\":[{\"@type\":\"SearchAction\",\"target\":{\"@type\":\"EntryPoint\",\"urlTemplate\":\"https:\/\/clone.vinomatos.com\/fr\/?s={search_term_string}\"},\"query-input\":{\"@type\":\"PropertyValueSpecification\",\"valueRequired\":true,\"valueName\":\"search_term_string\"}}],\"inLanguage\":\"fr-FR\"},{\"@type\":\"Organization\",\"@id\":\"https:\/\/clone.vinomatos.com\/fr\/#organization\",\"name\":\"Vinomatos - L\u00edder Mundial em Planta\u00e7\u00e3o Mecanizada por GPS\",\"url\":\"https:\/\/clone.vinomatos.com\/fr\/\",\"logo\":{\"@type\":\"ImageObject\",\"inLanguage\":\"fr-FR\",\"@id\":\"https:\/\/clone.vinomatos.com\/fr\/#\/schema\/logo\/image\/\",\"url\":\"https:\/\/clone.vinomatos.com\/wp-content\/uploads\/2025\/07\/V-Logo.png\",\"contentUrl\":\"https:\/\/clone.vinomatos.com\/wp-content\/uploads\/2025\/07\/V-Logo.png\",\"width\":711,\"height\":247,\"caption\":\"Vinomatos - L\u00edder Mundial em Planta\u00e7\u00e3o Mecanizada por GPS\"},\"image\":{\"@id\":\"https:\/\/clone.vinomatos.com\/fr\/#\/schema\/logo\/image\/\"},\"sameAs\":[\"https:\/\/facebook.com\/vinomatos\",\"https:\/\/x.com\/vinomatos\",\"https:\/\/instagram.com\/vinomatos\",\"https:\/\/linkedin.com\/company\/vinomatos\"]}]}<\/script>\n<!-- \/ Yoast SEO plugin. -->","yoast_head_json":{"title":"Politique de cookies de Vinomatos, LDA - Vinomatos \u00ae L\u00edder Mundial em Planta\u00e7\u00e3o Mecanizada por GPS","robots":{"index":"index","follow":"follow","max-snippet":"max-snippet:-1","max-image-preview":"max-image-preview:large","max-video-preview":"max-video-preview:-1"},"canonical":"https:\/\/clone.vinomatos.com\/fr\/politique-de-cookies-de-vinomatos-lda\/","og_locale":"fr_FR","og_type":"article","og_title":"Politique de cookies de Vinomatos, LDA - Vinomatos \u00ae L\u00edder Mundial em Planta\u00e7\u00e3o Mecanizada por GPS","og_description":"Politique de cookies de Vinomatos, LDA Que sont les cookies ? Comme c&rsquo;est le cas sur la plupart des sites web professionnels, ce site utilise des cookies, de minuscules fichiers t\u00e9l\u00e9charg\u00e9s sur votre ordinateur, pour am\u00e9liorer votre exp\u00e9rience. Cette page d\u00e9crit les informations collect\u00e9es, leur utilisation et les raisons pour lesquelles nous devons parfois stocker&hellip;","og_url":"https:\/\/clone.vinomatos.com\/fr\/politique-de-cookies-de-vinomatos-lda\/","og_site_name":"Vinomatos \u00ae L\u00edder Mundial em Planta\u00e7\u00e3o Mecanizada por GPS","article_publisher":"https:\/\/facebook.com\/vinomatos","article_modified_time":"2025-07-10T13:44:30+00:00","og_image":[{"width":1024,"height":683,"url":"https:\/\/clone.vinomatos.com\/wp-content\/uploads\/2025\/06\/campo_portugues_foco_empresa_v2-1024x683.png","type":"image\/png"}],"twitter_card":"summary_large_image","twitter_site":"@vinomatos","twitter_misc":{"Dur\u00e9e de lecture estim\u00e9e":"7 minutes"},"schema":{"@context":"https:\/\/schema.org","@graph":[{"@type":"WebPage","@id":"https:\/\/clone.vinomatos.com\/fr\/politique-de-cookies-de-vinomatos-lda\/","url":"https:\/\/clone.vinomatos.com\/fr\/politique-de-cookies-de-vinomatos-lda\/","name":"Politique de cookies de Vinomatos, LDA - Vinomatos \u00ae L\u00edder Mundial em Planta\u00e7\u00e3o Mecanizada por GPS","isPartOf":{"@id":"https:\/\/clone.vinomatos.com\/fr\/#website"},"primaryImageOfPage":{"@id":"https:\/\/clone.vinomatos.com\/fr\/politique-de-cookies-de-vinomatos-lda\/#primaryimage"},"image":{"@id":"https:\/\/clone.vinomatos.com\/fr\/politique-de-cookies-de-vinomatos-lda\/#primaryimage"},"thumbnailUrl":"https:\/\/clone.vinomatos.com\/wp-content\/uploads\/2025\/06\/campo_portugues_foco_empresa_v2.png","datePublished":"2022-03-13T13:40:25+00:00","dateModified":"2025-07-10T13:44:30+00:00","breadcrumb":{"@id":"https:\/\/clone.vinomatos.com\/fr\/politique-de-cookies-de-vinomatos-lda\/#breadcrumb"},"inLanguage":"fr-FR","potentialAction":[{"@type":"ReadAction","target":["https:\/\/clone.vinomatos.com\/fr\/politique-de-cookies-de-vinomatos-lda\/"]}]},{"@type":"ImageObject","inLanguage":"fr-FR","@id":"https:\/\/clone.vinomatos.com\/fr\/politique-de-cookies-de-vinomatos-lda\/#primaryimage","url":"https:\/\/clone.vinomatos.com\/wp-content\/uploads\/2025\/06\/campo_portugues_foco_empresa_v2.png","contentUrl":"https:\/\/clone.vinomatos.com\/wp-content\/uploads\/2025\/06\/campo_portugues_foco_empresa_v2.png","width":1536,"height":1024},{"@type":"BreadcrumbList","@id":"https:\/\/clone.vinomatos.com\/fr\/politique-de-cookies-de-vinomatos-lda\/#breadcrumb","itemListElement":[{"@type":"ListItem","position":1,"name":"Home","item":"https:\/\/clone.vinomatos.com\/fr\/commencer\/"},{"@type":"ListItem","position":2,"name":"Politique de cookies de Vinomatos, LDA"}]},{"@type":"WebSite","@id":"https:\/\/clone.vinomatos.com\/fr\/#website","url":"https:\/\/clone.vinomatos.com\/fr\/","name":"Vinomatos \u00ae L\u00edder Mundial em Planta\u00e7\u00e3o Mecanizada por GPS","description":"","publisher":{"@id":"https:\/\/clone.vinomatos.com\/fr\/#organization"},"potentialAction":[{"@type":"SearchAction","target":{"@type":"EntryPoint","urlTemplate":"https:\/\/clone.vinomatos.com\/fr\/?s={search_term_string}"},"query-input":{"@type":"PropertyValueSpecification","valueRequired":true,"valueName":"search_term_string"}}],"inLanguage":"fr-FR"},{"@type":"Organization","@id":"https:\/\/clone.vinomatos.com\/fr\/#organization","name":"Vinomatos - L\u00edder Mundial em Planta\u00e7\u00e3o Mecanizada por GPS","url":"https:\/\/clone.vinomatos.com\/fr\/","logo":{"@type":"ImageObject","inLanguage":"fr-FR","@id":"https:\/\/clone.vinomatos.com\/fr\/#\/schema\/logo\/image\/","url":"https:\/\/clone.vinomatos.com\/wp-content\/uploads\/2025\/07\/V-Logo.png","contentUrl":"https:\/\/clone.vinomatos.com\/wp-content\/uploads\/2025\/07\/V-Logo.png","width":711,"height":247,"caption":"Vinomatos - L\u00edder Mundial em Planta\u00e7\u00e3o Mecanizada por GPS"},"image":{"@id":"https:\/\/clone.vinomatos.com\/fr\/#\/schema\/logo\/image\/"},"sameAs":["https:\/\/facebook.com\/vinomatos","https:\/\/x.com\/vinomatos","https:\/\/instagram.com\/vinomatos","https:\/\/linkedin.com\/company\/vinomatos"]}]}},"_links":{"self":[{"href":"https:\/\/clone.vinomatos.com\/fr\/wp-json\/wp\/v2\/pages\/14986","targetHints":{"allow":["GET"]}}],"collection":[{"href":"https:\/\/clone.vinomatos.com\/fr\/wp-json\/wp\/v2\/pages"}],"about":[{"href":"https:\/\/clone.vinomatos.com\/fr\/wp-json\/wp\/v2\/types\/page"}],"author":[{"embeddable":true,"href":"https:\/\/clone.vinomatos.com\/fr\/wp-json\/wp\/v2\/users\/1"}],"replies":[{"embeddable":true,"href":"https:\/\/clone.vinomatos.com\/fr\/wp-json\/wp\/v2\/comments?post=14986"}],"version-history":[{"count":1,"href":"https:\/\/clone.vinomatos.com\/fr\/wp-json\/wp\/v2\/pages\/14986\/revisions"}],"predecessor-version":[{"id":14987,"href":"https:\/\/clone.vinomatos.com\/fr\/wp-json\/wp\/v2\/pages\/14986\/revisions\/14987"}],"wp:featuredmedia":[{"embeddable":true,"href":"https:\/\/clone.vinomatos.com\/fr\/wp-json\/wp\/v2\/media\/14564"}],"wp:attachment":[{"href":"https:\/\/clone.vinomatos.com\/fr\/wp-json\/wp\/v2\/media?parent=14986"}],"curies":[{"name":"wp","href":"https:\/\/api.w.org\/{rel}","templated":true}]}}