{"id":14984,"date":"2021-12-18T16:39:47","date_gmt":"2021-12-18T16:39:47","guid":{"rendered":"https:\/\/clone.vinomatos.com\/contacts\/"},"modified":"2025-08-27T15:43:50","modified_gmt":"2025-08-27T15:43:50","slug":"contacts","status":"publish","type":"page","link":"https:\/\/clone.vinomatos.com\/fr\/contacts\/","title":{"rendered":"Contacts"},"content":{"rendered":"\t\t<div data-elementor-type=\"wp-page\" data-elementor-id=\"14984\" class=\"elementor elementor-14984 elementor-4050\" data-elementor-settings=\"{&quot;ha_cmc_init_switcher&quot;:&quot;no&quot;}\" data-elementor-post-type=\"page\">\n\t\t\t\t<div class=\"elementor-element elementor-element-61bf192 e-flex e-con-boxed e-con e-parent\" data-id=\"61bf192\" data-element_type=\"container\" data-e-type=\"container\" data-settings=\"{&quot;_ha_eqh_enable&quot;:false}\">\n\t\t\t\t\t<div class=\"e-con-inner\">\n\t\t<div class=\"elementor-element elementor-element-be0dc7a e-con-full e-flex e-con e-child\" data-id=\"be0dc7a\" data-element_type=\"container\" data-e-type=\"container\" data-settings=\"{&quot;_ha_eqh_enable&quot;:false}\">\n\t\t\t\t<div class=\"elementor-element elementor-element-d594bf9 elementor-widget elementor-widget-heading\" data-id=\"d594bf9\" data-element_type=\"widget\" data-e-type=\"widget\" data-widget_type=\"heading.default\">\n\t\t\t\t<div class=\"elementor-widget-container\">\n\t\t\t\t\t<h2 class=\"elementor-heading-title elementor-size-default\">Adresse : Vinomatos (SI\u00c8GE SOCIAL)<\/h2>\t\t\t\t<\/div>\n\t\t\t\t<\/div>\n\t\t\t\t<div class=\"elementor-element elementor-element-ba122e4 elementor-widget elementor-widget-text-editor\" data-id=\"ba122e4\" data-element_type=\"widget\" data-e-type=\"widget\" data-widget_type=\"text-editor.default\">\n\t\t\t\t<div class=\"elementor-widget-container\">\n\t\t\t\t\t\t\t\t\t<p><strong>Adresse:<\/strong><\/p><p> Rua Fern\u00e3o de Magalh\u00e3es, n\u00b0 86<br>2435-092 Caxarias (Our\u00e9m)<\/p><p><strong>Website:<\/strong> <a href=\"https:\/\/vinomatos.com\">www.vinomatos.com<\/a><\/p><p><strong>Email:<\/strong> <a href=\"mailto:vinomatos@vinomatos.com\">vinomatos@vinomatos.com<\/a><\/p><p><strong>Contactos: <\/strong><a href=\"tel:351249534999\">+351 249 534 999<\/a> | <a href=\"tel:351913030092\">+351 912 030 092<\/a><\/p><p><strong>Whatsapp:<\/strong> <a href=\"https:\/\/wa.me\/351913030092\">+351913030092<\/a><\/p>\t\t\t\t\t\t\t\t<\/div>\n\t\t\t\t<\/div>\n\t\t\t\t<\/div>\n\t\t<div class=\"elementor-element elementor-element-5743619 e-con-full e-flex e-con e-child\" data-id=\"5743619\" data-element_type=\"container\" data-e-type=\"container\" data-settings=\"{&quot;_ha_eqh_enable&quot;:false}\">\n\t\t\t\t<div class=\"elementor-element elementor-element-b3259d7 elementor-widget elementor-widget-heading\" data-id=\"b3259d7\" data-element_type=\"widget\" data-e-type=\"widget\" data-widget_type=\"heading.default\">\n\t\t\t\t<div class=\"elementor-widget-container\">\n\t\t\t\t\t<h2 class=\"elementor-heading-title elementor-size-default\">Magasin Agricole Vinomatos (Online)<\/h2>\t\t\t\t<\/div>\n\t\t\t\t<\/div>\n\t\t\t\t<div class=\"elementor-element elementor-element-d2134dc elementor-widget elementor-widget-text-editor\" data-id=\"d2134dc\" data-element_type=\"widget\" data-e-type=\"widget\" data-widget_type=\"text-editor.default\">\n\t\t\t\t<div class=\"elementor-widget-container\">\n\t\t\t\t\t\t\t\t\t<p><strong>Loja Online: <\/strong><a href=\"http:\/\/www.shop.vinomatos.com\">www.shop.vinomatos.com<\/a><\/p><p><strong>Showrooom Website:<\/strong> <a href=\"http:\/\/www.showroom.vinomatos.com\">www.showroom.vinomatos.com<\/a><strong> <\/strong> \u200b<\/p><p><strong>Email:<\/strong> <a href=\"mailto:loja@vinomatos.com\">loja@vinomatos.com<\/a><\/p><p><strong>Contactos: <\/strong><a href=\"tel:351249247815\">+351 249 247 815<\/a> | <a href=\"tel:351913030092\">+351 913 030 092<\/a><\/p>\t\t\t\t\t\t\t\t<\/div>\n\t\t\t\t<\/div>\n\t\t\t\t<\/div>\n\t\t\t\t\t<\/div>\n\t\t\t\t<\/div>\n\t\t<div class=\"elementor-element elementor-element-fb8bf1c e-grid e-con-boxed e-con e-parent\" data-id=\"fb8bf1c\" data-element_type=\"container\" data-e-type=\"container\" data-settings=\"{&quot;_ha_eqh_enable&quot;:false}\">\n\t\t\t\t\t<div class=\"e-con-inner\">\n\t\t\t\t<div class=\"elementor-element elementor-element-97ffe3b elementor-widget elementor-widget-image\" data-id=\"97ffe3b\" data-element_type=\"widget\" data-e-type=\"widget\" data-widget_type=\"image.default\">\n\t\t\t\t<div class=\"elementor-widget-container\">\n\t\t\t\t\t\t\t\t\t\t\t\t\t\t\t<img fetchpriority=\"high\" decoding=\"async\" width=\"1024\" height=\"609\" src=\"https:\/\/clone.vinomatos.com\/wp-content\/uploads\/2025\/08\/desig_vinomatos-1024x609.png\" class=\"attachment-large size-large wp-image-22404\" alt=\"\" srcset=\"https:\/\/clone.vinomatos.com\/wp-content\/uploads\/2025\/08\/desig_vinomatos-1024x609.png 1024w, https:\/\/clone.vinomatos.com\/wp-content\/uploads\/2025\/08\/desig_vinomatos-300x178.png 300w, https:\/\/clone.vinomatos.com\/wp-content\/uploads\/2025\/08\/desig_vinomatos-768x457.png 768w, https:\/\/clone.vinomatos.com\/wp-content\/uploads\/2025\/08\/desig_vinomatos.png 1051w\" sizes=\"(max-width: 1024px) 100vw, 1024px\" \/>\t\t\t\t\t\t\t\t\t\t\t\t\t\t\t<\/div>\n\t\t\t\t<\/div>\n\t\t\t\t<div class=\"elementor-element elementor-element-bcc4062 elementor-widget elementor-widget-image\" data-id=\"bcc4062\" data-element_type=\"widget\" data-e-type=\"widget\" data-widget_type=\"image.default\">\n\t\t\t\t<div class=\"elementor-widget-container\">\n\t\t\t\t\t\t\t\t\t\t\t\t\t\t\t<img decoding=\"async\" width=\"1024\" height=\"609\" src=\"https:\/\/clone.vinomatos.com\/wp-content\/uploads\/2025\/08\/design_loja_vinomatos-1024x609.png\" class=\"attachment-large size-large wp-image-22400\" alt=\"\" srcset=\"https:\/\/clone.vinomatos.com\/wp-content\/uploads\/2025\/08\/design_loja_vinomatos-1024x609.png 1024w, https:\/\/clone.vinomatos.com\/wp-content\/uploads\/2025\/08\/design_loja_vinomatos-300x178.png 300w, https:\/\/clone.vinomatos.com\/wp-content\/uploads\/2025\/08\/design_loja_vinomatos-768x457.png 768w, https:\/\/clone.vinomatos.com\/wp-content\/uploads\/2025\/08\/design_loja_vinomatos.png 1051w\" sizes=\"(max-width: 1024px) 100vw, 1024px\" \/>\t\t\t\t\t\t\t\t\t\t\t\t\t\t\t<\/div>\n\t\t\t\t<\/div>\n\t\t\t\t\t<\/div>\n\t\t\t\t<\/div>\n\t\t\t\t<section class=\"elementor-section elementor-top-section elementor-element elementor-element-e151256 elementor-section-boxed elementor-section-height-default elementor-section-height-default\" data-id=\"e151256\" data-element_type=\"section\" data-e-type=\"section\" data-settings=\"{&quot;_ha_eqh_enable&quot;:false}\">\n\t\t\t\t\t\t<div class=\"elementor-container elementor-column-gap-wider\">\n\t\t\t\t\t<div class=\"elementor-column elementor-col-100 elementor-top-column elementor-element elementor-element-eef2cd1\" data-id=\"eef2cd1\" data-element_type=\"column\" data-e-type=\"column\">\n\t\t\t<div class=\"elementor-widget-wrap\">\n\t\t\t\t\t\t\t<\/div>\n\t\t<\/div>\n\t\t\t\t\t<\/div>\n\t\t<\/section>\n\t\t\t\t<section class=\"elementor-section elementor-top-section elementor-element elementor-element-a009d2d elementor-section-boxed elementor-section-height-default elementor-section-height-default\" data-id=\"a009d2d\" data-element_type=\"section\" data-e-type=\"section\" data-settings=\"{&quot;_ha_eqh_enable&quot;:false}\">\n\t\t\t\t\t\t<div class=\"elementor-container elementor-column-gap-wider\">\n\t\t\t\t\t<div class=\"elementor-column elementor-col-100 elementor-top-column elementor-element elementor-element-43c629d\" data-id=\"43c629d\" data-element_type=\"column\" data-e-type=\"column\">\n\t\t\t<div class=\"elementor-widget-wrap elementor-element-populated\">\n\t\t\t\t\t\t<div class=\"elementor-element elementor-element-b5a2c6a elementor-widget-divider--view-line elementor-widget elementor-widget-divider\" data-id=\"b5a2c6a\" data-element_type=\"widget\" data-e-type=\"widget\" data-widget_type=\"divider.default\">\n\t\t\t\t<div class=\"elementor-widget-container\">\n\t\t\t\t\t\t\t<div class=\"elementor-divider\">\n\t\t\t<span class=\"elementor-divider-separator\">\n\t\t\t\t\t\t<\/span>\n\t\t<\/div>\n\t\t\t\t\t\t<\/div>\n\t\t\t\t<\/div>\n\t\t\t\t<div class=\"elementor-element elementor-element-28db4db elementor-widget elementor-widget-heading\" data-id=\"28db4db\" data-element_type=\"widget\" data-e-type=\"widget\" data-widget_type=\"heading.default\">\n\t\t\t\t<div class=\"elementor-widget-container\">\n\t\t\t\t\t<h3 class=\"elementor-heading-title elementor-size-default\">Contacte-nos<\/h3>\t\t\t\t<\/div>\n\t\t\t\t<\/div>\n\t\t\t\t<div class=\"elementor-element elementor-element-b9ea904 elementor-widget__width-initial elementor-widget elementor-widget-text-editor\" data-id=\"b9ea904\" data-element_type=\"widget\" data-e-type=\"widget\" data-widget_type=\"text-editor.default\">\n\t\t\t\t<div class=\"elementor-widget-container\">\n\t\t\t\t\t\t\t\t\t<p>Aguardamos o seu contacto. Escreva a sua mensagem para a Vinomatos.<\/p>\t\t\t\t\t\t\t\t<\/div>\n\t\t\t\t<\/div>\n\t\t\t\t<div class=\"elementor-element elementor-element-77769bc elementor-widget elementor-widget-spacer\" data-id=\"77769bc\" data-element_type=\"widget\" data-e-type=\"widget\" data-widget_type=\"spacer.default\">\n\t\t\t\t<div class=\"elementor-widget-container\">\n\t\t\t\t\t\t\t<div class=\"elementor-spacer\">\n\t\t\t<div class=\"elementor-spacer-inner\"><\/div>\n\t\t<\/div>\n\t\t\t\t\t\t<\/div>\n\t\t\t\t<\/div>\n\t\t\t\t<div class=\"elementor-element elementor-element-6102115 elementor-widget elementor-widget-html\" data-id=\"6102115\" data-element_type=\"widget\" data-e-type=\"widget\" data-widget_type=\"html.default\">\n\t\t\t\t<div class=\"elementor-widget-container\">\n\t\t\t\t\t<script charset=\"utf-8\" type=\"text\/javascript\" src=\"\/\/js-eu1.hsforms.net\/forms\/embed\/v2.js\"><\/script>\r\n<script>\r\n  hbspt.forms.create({\r\n    portalId: \"27059144\",\r\n    formId: \"b4af4282-9ddb-447d-9bf5-08066b9055cf\",\r\n    region: \"eu1\"\r\n  });\r\n<\/script>\t\t\t\t<\/div>\n\t\t\t\t<\/div>\n\t\t\t\t\t<\/div>\n\t\t<\/div>\n\t\t\t\t\t<\/div>\n\t\t<\/section>\n\t\t\t\t<section class=\"elementor-section elementor-top-section elementor-element elementor-element-eb0c814 elementor-section-boxed elementor-section-height-default elementor-section-height-default\" data-id=\"eb0c814\" data-element_type=\"section\" data-e-type=\"section\" data-settings=\"{&quot;_ha_eqh_enable&quot;:false}\">\n\t\t\t\t\t\t<div class=\"elementor-container elementor-column-gap-wider\">\n\t\t\t\t\t<div class=\"elementor-column elementor-col-100 elementor-top-column elementor-element elementor-element-0170138\" data-id=\"0170138\" data-element_type=\"column\" data-e-type=\"column\">\n\t\t\t<div class=\"elementor-widget-wrap elementor-element-populated\">\n\t\t\t\t\t\t<div class=\"elementor-element elementor-element-81bceef elementor-widget-divider--view-line elementor-widget elementor-widget-divider\" data-id=\"81bceef\" data-element_type=\"widget\" data-e-type=\"widget\" data-widget_type=\"divider.default\">\n\t\t\t\t<div class=\"elementor-widget-container\">\n\t\t\t\t\t\t\t<div class=\"elementor-divider\">\n\t\t\t<span class=\"elementor-divider-separator\">\n\t\t\t\t\t\t<\/span>\n\t\t<\/div>\n\t\t\t\t\t\t<\/div>\n\t\t\t\t<\/div>\n\t\t\t\t<div class=\"elementor-element elementor-element-f9ff0c2 elementor-widget elementor-widget-heading\" data-id=\"f9ff0c2\" data-element_type=\"widget\" data-e-type=\"widget\" data-widget_type=\"heading.default\">\n\t\t\t\t<div class=\"elementor-widget-container\">\n\t\t\t\t\t<h3 class=\"elementor-heading-title elementor-size-default\">Planifiez votre r\u00e9union maintenant<\/h3>\t\t\t\t<\/div>\n\t\t\t\t<\/div>\n\t\t\t\t<div class=\"elementor-element elementor-element-e578c63 elementor-widget__width-initial elementor-widget elementor-widget-text-editor\" data-id=\"e578c63\" data-element_type=\"widget\" data-e-type=\"widget\" data-widget_type=\"text-editor.default\">\n\t\t\t\t<div class=\"elementor-widget-container\">\n\t\t\t\t\t\t\t\t\t<p>Inscrivez-vous et indiquez une date de rendez-vous. Nous vous r\u00e9pondrons dans les plus brefs d\u00e9lais. <\/p>\t\t\t\t\t\t\t\t<\/div>\n\t\t\t\t<\/div>\n\t\t\t\t<div class=\"elementor-element elementor-element-8d38ce8 elementor-widget elementor-widget-stepbooking\" data-id=\"8d38ce8\" data-element_type=\"widget\" data-e-type=\"widget\" data-widget_type=\"stepbooking.default\">\n\t\t\t\t<div class=\"elementor-widget-container\">\n\t\t\t\t\t\n<script>\n  if (typeof hasAmeliaEntitiesApiCall === 'undefined' && ('' === '' && '' !== '1')) {\n    var hasAmeliaEntitiesApiCall = true;\n  }\n  var ameliaShortcodeData = (typeof ameliaShortcodeData === 'undefined') ? [] : ameliaShortcodeData;\n  ameliaShortcodeData.push(\n    {\n      'hasApiCall': (typeof hasAmeliaEntitiesApiCall !== 'undefined') && hasAmeliaEntitiesApiCall,\n      'trigger': '',\n      'trigger_type': '',\n      'triggered_form': 'sbsNew',\n      'in_dialog': '',\n      'show': '',\n      'counter': '1000',\n      'category': '',\n      'service': '',\n      'employee': '',\n      'location': '',\n      'package': '',\n      'layout': '1',\n    }\n  );\n\n  var ameliaShortcodeDataTriggered = (typeof ameliaShortcodeDataTriggered === 'undefined') ? [] : ameliaShortcodeDataTriggered;\n  if (ameliaShortcodeData[ameliaShortcodeData.length - 1].trigger !== '') {\n    if (ameliaShortcodeDataTriggered.filter(a => a.counter === ameliaShortcodeData[ameliaShortcodeData.length - 1].counter).length === 0) {\n      ameliaShortcodeDataTriggered.push(ameliaShortcodeData.pop());\n    } else {\n      ameliaShortcodeData.pop()\n    }\n  }\n  if (typeof hasAmeliaEntitiesApiCall !== 'undefined' && hasAmeliaEntitiesApiCall) {\n    hasAmeliaEntitiesApiCall = false;\n  }\n<\/script>\n\n<div\n  id=\"amelia-v2-booking-1000\"\n  class=\"amelia-v2-booking\"\n >\n    <step-form-wrapper><\/step-form-wrapper><\/div>\n\t\t\t\t<\/div>\n\t\t\t\t<\/div>\n\t\t\t\t\t<\/div>\n\t\t<\/div>\n\t\t\t\t\t<\/div>\n\t\t<\/section>\n\t\t<div class=\"elementor-element elementor-element-48285fe e-flex e-con-boxed e-con e-parent\" data-id=\"48285fe\" data-element_type=\"container\" data-e-type=\"container\" data-settings=\"{&quot;_ha_eqh_enable&quot;:false}\">\n\t\t\t\t\t<div class=\"e-con-inner\">\n\t\t\t\t<div class=\"elementor-element elementor-element-418998f elementor-widget elementor-widget-heading\" data-id=\"418998f\" data-element_type=\"widget\" data-e-type=\"widget\" data-widget_type=\"heading.default\">\n\t\t\t\t<div class=\"elementor-widget-container\">\n\t\t\t\t\t<h2 class=\"elementor-heading-title elementor-size-default\">Carte \/ Localisation<\/h2>\t\t\t\t<\/div>\n\t\t\t\t<\/div>\n\t\t\t\t<div class=\"elementor-element elementor-element-5e64cf1 elementor-widget elementor-widget-easy_map_widget\" data-id=\"5e64cf1\" data-element_type=\"widget\" data-e-type=\"widget\" data-widget_type=\"easy_map_widget.default\">\n\t\t\t\t<div class=\"elementor-widget-container\">\n\t\t\t\t\t        <div id='map69e0f7cba81f4' class=\"maps\"\r\n             data-long=\"-8.54715\"\r\n             data-lat=\"39.72274\"\r\n             data-zoom=\"10\"\r\n             data-width=\"1200\"\r\n             data-height=\"500\"\r\n             data-radius=\"10\">\r\n        <\/div>\r\n        \t\t\t\t<\/div>\n\t\t\t\t<\/div>\n\t\t\t\t\t<\/div>\n\t\t\t\t<\/div>\n\t\t<div class=\"elementor-element elementor-element-5c389c6 e-flex e-con-boxed e-con e-parent\" data-id=\"5c389c6\" data-element_type=\"container\" data-e-type=\"container\" data-settings=\"{&quot;_ha_eqh_enable&quot;:false}\">\n\t\t\t\t\t<div class=\"e-con-inner\">\n\t\t\t\t\t<\/div>\n\t\t\t\t<\/div>\n\t\t\t\t<\/div>\n\t\t","protected":false},"excerpt":{"rendered":"<p>Adresse : Vinomatos (SI\u00c8GE SOCIAL) Adresse: Rua Fern\u00e3o de Magalh\u00e3es, n\u00b0 862435-092 Caxarias (Our\u00e9m) Website: www.vinomatos.com Email: vinomatos@vinomatos.com Contactos: +351 249 534 999 | +351 912 030 092 Whatsapp: +351913030092 Magasin Agricole Vinomatos (Online) Loja Online: www.shop.vinomatos.com Showrooom Website: www.showroom.vinomatos.com \u200b Email: loja@vinomatos.com Contactos: +351 249 247 815 | +351 913 030 092 Contacte-nos Aguardamos&hellip;<\/p>\n","protected":false},"author":1,"featured_media":21121,"parent":0,"menu_order":70,"comment_status":"closed","ping_status":"closed","template":"","meta":{"_monsterinsights_skip_tracking":false,"_monsterinsights_sitenote_active":false,"_monsterinsights_sitenote_note":"","_monsterinsights_sitenote_category":0,"footnotes":""},"class_list":["post-14984","page","type-page","status-publish","has-post-thumbnail","hentry"],"yoast_head":"<!-- This site is optimized with the Yoast SEO plugin v27.2 - https:\/\/yoast.com\/product\/yoast-seo-wordpress\/ -->\n<title>Contacts - Vinomatos \u00ae L\u00edder Mundial em Planta\u00e7\u00e3o Mecanizada por GPS<\/title>\n<meta name=\"robots\" content=\"index, follow, max-snippet:-1, max-image-preview:large, max-video-preview:-1\" \/>\n<link rel=\"canonical\" href=\"https:\/\/clone.vinomatos.com\/fr\/contacts\/\" \/>\n<meta property=\"og:locale\" content=\"fr_FR\" \/>\n<meta property=\"og:type\" content=\"article\" \/>\n<meta property=\"og:title\" content=\"Contacts - Vinomatos \u00ae L\u00edder Mundial em Planta\u00e7\u00e3o Mecanizada por GPS\" \/>\n<meta property=\"og:description\" content=\"Adresse : Vinomatos (SI\u00c8GE SOCIAL) Adresse: Rua Fern\u00e3o de Magalh\u00e3es, n\u00b0 862435-092 Caxarias (Our\u00e9m) Website: www.vinomatos.com Email: vinomatos@vinomatos.com Contactos: +351 249 534 999 | +351 912 030 092 Whatsapp: +351913030092 Magasin Agricole Vinomatos (Online) Loja Online: www.shop.vinomatos.com Showrooom Website: www.showroom.vinomatos.com \u200b Email: loja@vinomatos.com Contactos: +351 249 247 815 | +351 913 030 092 Contacte-nos Aguardamos&hellip;\" \/>\n<meta property=\"og:url\" content=\"https:\/\/clone.vinomatos.com\/fr\/contacts\/\" \/>\n<meta property=\"og:site_name\" content=\"Vinomatos \u00ae L\u00edder Mundial em Planta\u00e7\u00e3o Mecanizada por GPS\" \/>\n<meta property=\"article:publisher\" content=\"https:\/\/facebook.com\/vinomatos\" \/>\n<meta property=\"article:modified_time\" content=\"2025-08-27T15:43:50+00:00\" \/>\n<meta property=\"og:image\" content=\"https:\/\/clone.vinomatos.com\/wp-content\/uploads\/2025\/07\/IMG-20190601-1024x576.png\" \/>\n\t<meta property=\"og:image:width\" content=\"1024\" \/>\n\t<meta property=\"og:image:height\" content=\"576\" \/>\n\t<meta property=\"og:image:type\" content=\"image\/png\" \/>\n<meta name=\"twitter:card\" content=\"summary_large_image\" \/>\n<meta name=\"twitter:site\" content=\"@vinomatos\" \/>\n<script type=\"application\/ld+json\" class=\"yoast-schema-graph\">{\"@context\":\"https:\/\/schema.org\",\"@graph\":[{\"@type\":\"WebPage\",\"@id\":\"https:\/\/clone.vinomatos.com\/fr\/contacts\/\",\"url\":\"https:\/\/clone.vinomatos.com\/fr\/contacts\/\",\"name\":\"Contacts - Vinomatos \u00ae L\u00edder Mundial em Planta\u00e7\u00e3o Mecanizada por GPS\",\"isPartOf\":{\"@id\":\"https:\/\/clone.vinomatos.com\/fr\/#website\"},\"primaryImageOfPage\":{\"@id\":\"https:\/\/clone.vinomatos.com\/fr\/contacts\/#primaryimage\"},\"image\":{\"@id\":\"https:\/\/clone.vinomatos.com\/fr\/contacts\/#primaryimage\"},\"thumbnailUrl\":\"https:\/\/clone.vinomatos.com\/wp-content\/uploads\/2025\/07\/IMG-20190601-scaled.png\",\"datePublished\":\"2021-12-18T16:39:47+00:00\",\"dateModified\":\"2025-08-27T15:43:50+00:00\",\"breadcrumb\":{\"@id\":\"https:\/\/clone.vinomatos.com\/fr\/contacts\/#breadcrumb\"},\"inLanguage\":\"fr-FR\",\"potentialAction\":[{\"@type\":\"ReadAction\",\"target\":[\"https:\/\/clone.vinomatos.com\/fr\/contacts\/\"]}]},{\"@type\":\"ImageObject\",\"inLanguage\":\"fr-FR\",\"@id\":\"https:\/\/clone.vinomatos.com\/fr\/contacts\/#primaryimage\",\"url\":\"https:\/\/clone.vinomatos.com\/wp-content\/uploads\/2025\/07\/IMG-20190601-scaled.png\",\"contentUrl\":\"https:\/\/clone.vinomatos.com\/wp-content\/uploads\/2025\/07\/IMG-20190601-scaled.png\",\"width\":2560,\"height\":1440},{\"@type\":\"BreadcrumbList\",\"@id\":\"https:\/\/clone.vinomatos.com\/fr\/contacts\/#breadcrumb\",\"itemListElement\":[{\"@type\":\"ListItem\",\"position\":1,\"name\":\"Home\",\"item\":\"https:\/\/clone.vinomatos.com\/fr\/commencer\/\"},{\"@type\":\"ListItem\",\"position\":2,\"name\":\"Contacts\"}]},{\"@type\":\"WebSite\",\"@id\":\"https:\/\/clone.vinomatos.com\/fr\/#website\",\"url\":\"https:\/\/clone.vinomatos.com\/fr\/\",\"name\":\"Vinomatos \u00ae L\u00edder Mundial em Planta\u00e7\u00e3o Mecanizada por GPS\",\"description\":\"\",\"publisher\":{\"@id\":\"https:\/\/clone.vinomatos.com\/fr\/#organization\"},\"potentialAction\":[{\"@type\":\"SearchAction\",\"target\":{\"@type\":\"EntryPoint\",\"urlTemplate\":\"https:\/\/clone.vinomatos.com\/fr\/?s={search_term_string}\"},\"query-input\":{\"@type\":\"PropertyValueSpecification\",\"valueRequired\":true,\"valueName\":\"search_term_string\"}}],\"inLanguage\":\"fr-FR\"},{\"@type\":\"Organization\",\"@id\":\"https:\/\/clone.vinomatos.com\/fr\/#organization\",\"name\":\"Vinomatos - L\u00edder Mundial em Planta\u00e7\u00e3o Mecanizada por GPS\",\"url\":\"https:\/\/clone.vinomatos.com\/fr\/\",\"logo\":{\"@type\":\"ImageObject\",\"inLanguage\":\"fr-FR\",\"@id\":\"https:\/\/clone.vinomatos.com\/fr\/#\/schema\/logo\/image\/\",\"url\":\"https:\/\/clone.vinomatos.com\/wp-content\/uploads\/2025\/07\/V-Logo.png\",\"contentUrl\":\"https:\/\/clone.vinomatos.com\/wp-content\/uploads\/2025\/07\/V-Logo.png\",\"width\":711,\"height\":247,\"caption\":\"Vinomatos - L\u00edder Mundial em Planta\u00e7\u00e3o Mecanizada por GPS\"},\"image\":{\"@id\":\"https:\/\/clone.vinomatos.com\/fr\/#\/schema\/logo\/image\/\"},\"sameAs\":[\"https:\/\/facebook.com\/vinomatos\",\"https:\/\/x.com\/vinomatos\",\"https:\/\/instagram.com\/vinomatos\",\"https:\/\/linkedin.com\/company\/vinomatos\"]}]}<\/script>\n<!-- \/ Yoast SEO plugin. -->","yoast_head_json":{"title":"Contacts - Vinomatos \u00ae L\u00edder Mundial em Planta\u00e7\u00e3o Mecanizada por GPS","robots":{"index":"index","follow":"follow","max-snippet":"max-snippet:-1","max-image-preview":"max-image-preview:large","max-video-preview":"max-video-preview:-1"},"canonical":"https:\/\/clone.vinomatos.com\/fr\/contacts\/","og_locale":"fr_FR","og_type":"article","og_title":"Contacts - Vinomatos \u00ae L\u00edder Mundial em Planta\u00e7\u00e3o Mecanizada por GPS","og_description":"Adresse : Vinomatos (SI\u00c8GE SOCIAL) Adresse: Rua Fern\u00e3o de Magalh\u00e3es, n\u00b0 862435-092 Caxarias (Our\u00e9m) Website: www.vinomatos.com Email: vinomatos@vinomatos.com Contactos: +351 249 534 999 | +351 912 030 092 Whatsapp: +351913030092 Magasin Agricole Vinomatos (Online) Loja Online: www.shop.vinomatos.com Showrooom Website: www.showroom.vinomatos.com \u200b Email: loja@vinomatos.com Contactos: +351 249 247 815 | +351 913 030 092 Contacte-nos Aguardamos&hellip;","og_url":"https:\/\/clone.vinomatos.com\/fr\/contacts\/","og_site_name":"Vinomatos \u00ae L\u00edder Mundial em Planta\u00e7\u00e3o Mecanizada por GPS","article_publisher":"https:\/\/facebook.com\/vinomatos","article_modified_time":"2025-08-27T15:43:50+00:00","og_image":[{"width":1024,"height":576,"url":"https:\/\/clone.vinomatos.com\/wp-content\/uploads\/2025\/07\/IMG-20190601-1024x576.png","type":"image\/png"}],"twitter_card":"summary_large_image","twitter_site":"@vinomatos","schema":{"@context":"https:\/\/schema.org","@graph":[{"@type":"WebPage","@id":"https:\/\/clone.vinomatos.com\/fr\/contacts\/","url":"https:\/\/clone.vinomatos.com\/fr\/contacts\/","name":"Contacts - Vinomatos \u00ae L\u00edder Mundial em Planta\u00e7\u00e3o Mecanizada por GPS","isPartOf":{"@id":"https:\/\/clone.vinomatos.com\/fr\/#website"},"primaryImageOfPage":{"@id":"https:\/\/clone.vinomatos.com\/fr\/contacts\/#primaryimage"},"image":{"@id":"https:\/\/clone.vinomatos.com\/fr\/contacts\/#primaryimage"},"thumbnailUrl":"https:\/\/clone.vinomatos.com\/wp-content\/uploads\/2025\/07\/IMG-20190601-scaled.png","datePublished":"2021-12-18T16:39:47+00:00","dateModified":"2025-08-27T15:43:50+00:00","breadcrumb":{"@id":"https:\/\/clone.vinomatos.com\/fr\/contacts\/#breadcrumb"},"inLanguage":"fr-FR","potentialAction":[{"@type":"ReadAction","target":["https:\/\/clone.vinomatos.com\/fr\/contacts\/"]}]},{"@type":"ImageObject","inLanguage":"fr-FR","@id":"https:\/\/clone.vinomatos.com\/fr\/contacts\/#primaryimage","url":"https:\/\/clone.vinomatos.com\/wp-content\/uploads\/2025\/07\/IMG-20190601-scaled.png","contentUrl":"https:\/\/clone.vinomatos.com\/wp-content\/uploads\/2025\/07\/IMG-20190601-scaled.png","width":2560,"height":1440},{"@type":"BreadcrumbList","@id":"https:\/\/clone.vinomatos.com\/fr\/contacts\/#breadcrumb","itemListElement":[{"@type":"ListItem","position":1,"name":"Home","item":"https:\/\/clone.vinomatos.com\/fr\/commencer\/"},{"@type":"ListItem","position":2,"name":"Contacts"}]},{"@type":"WebSite","@id":"https:\/\/clone.vinomatos.com\/fr\/#website","url":"https:\/\/clone.vinomatos.com\/fr\/","name":"Vinomatos \u00ae L\u00edder Mundial em Planta\u00e7\u00e3o Mecanizada por GPS","description":"","publisher":{"@id":"https:\/\/clone.vinomatos.com\/fr\/#organization"},"potentialAction":[{"@type":"SearchAction","target":{"@type":"EntryPoint","urlTemplate":"https:\/\/clone.vinomatos.com\/fr\/?s={search_term_string}"},"query-input":{"@type":"PropertyValueSpecification","valueRequired":true,"valueName":"search_term_string"}}],"inLanguage":"fr-FR"},{"@type":"Organization","@id":"https:\/\/clone.vinomatos.com\/fr\/#organization","name":"Vinomatos - L\u00edder Mundial em Planta\u00e7\u00e3o Mecanizada por GPS","url":"https:\/\/clone.vinomatos.com\/fr\/","logo":{"@type":"ImageObject","inLanguage":"fr-FR","@id":"https:\/\/clone.vinomatos.com\/fr\/#\/schema\/logo\/image\/","url":"https:\/\/clone.vinomatos.com\/wp-content\/uploads\/2025\/07\/V-Logo.png","contentUrl":"https:\/\/clone.vinomatos.com\/wp-content\/uploads\/2025\/07\/V-Logo.png","width":711,"height":247,"caption":"Vinomatos - L\u00edder Mundial em Planta\u00e7\u00e3o Mecanizada por GPS"},"image":{"@id":"https:\/\/clone.vinomatos.com\/fr\/#\/schema\/logo\/image\/"},"sameAs":["https:\/\/facebook.com\/vinomatos","https:\/\/x.com\/vinomatos","https:\/\/instagram.com\/vinomatos","https:\/\/linkedin.com\/company\/vinomatos"]}]}},"_links":{"self":[{"href":"https:\/\/clone.vinomatos.com\/fr\/wp-json\/wp\/v2\/pages\/14984","targetHints":{"allow":["GET"]}}],"collection":[{"href":"https:\/\/clone.vinomatos.com\/fr\/wp-json\/wp\/v2\/pages"}],"about":[{"href":"https:\/\/clone.vinomatos.com\/fr\/wp-json\/wp\/v2\/types\/page"}],"author":[{"embeddable":true,"href":"https:\/\/clone.vinomatos.com\/fr\/wp-json\/wp\/v2\/users\/1"}],"replies":[{"embeddable":true,"href":"https:\/\/clone.vinomatos.com\/fr\/wp-json\/wp\/v2\/comments?post=14984"}],"version-history":[{"count":4,"href":"https:\/\/clone.vinomatos.com\/fr\/wp-json\/wp\/v2\/pages\/14984\/revisions"}],"predecessor-version":[{"id":22451,"href":"https:\/\/clone.vinomatos.com\/fr\/wp-json\/wp\/v2\/pages\/14984\/revisions\/22451"}],"wp:featuredmedia":[{"embeddable":true,"href":"https:\/\/clone.vinomatos.com\/fr\/wp-json\/wp\/v2\/media\/21121"}],"wp:attachment":[{"href":"https:\/\/clone.vinomatos.com\/fr\/wp-json\/wp\/v2\/media?parent=14984"}],"curies":[{"name":"wp","href":"https:\/\/api.w.org\/{rel}","templated":true}]}}