{"id":15471,"date":"2025-06-30T13:05:44","date_gmt":"2025-06-30T13:05:44","guid":{"rendered":"https:\/\/clone.vinomatos.com\/noticias-y-novedades\/"},"modified":"2025-07-25T09:20:01","modified_gmt":"2025-07-25T09:20:01","slug":"noticias-y-novedades","status":"publish","type":"page","link":"https:\/\/clone.vinomatos.com\/es\/noticias-y-novedades\/","title":{"rendered":"Noticias y Novedades"},"content":{"rendered":"\t\t<div data-elementor-type=\"wp-page\" data-elementor-id=\"15471\" class=\"elementor elementor-15471 elementor-12726\" data-elementor-settings=\"{&quot;ha_cmc_init_switcher&quot;:&quot;no&quot;}\" data-elementor-post-type=\"page\">\n\t\t\t\t<div class=\"elementor-element elementor-element-99f03d4 e-flex e-con-boxed e-con e-parent\" data-id=\"99f03d4\" data-element_type=\"container\" data-e-type=\"container\" data-settings=\"{&quot;_ha_eqh_enable&quot;:false}\">\n\t\t\t\t\t<div class=\"e-con-inner\">\n\t\t\t\t<div class=\"elementor-element elementor-element-ef0d3e4 elementor-widget elementor-widget-elementskit-blog-posts\" data-id=\"ef0d3e4\" data-element_type=\"widget\" data-e-type=\"widget\" data-widget_type=\"elementskit-blog-posts.default\">\n\t\t\t\t<div class=\"elementor-widget-container\">\n\t\t\t\t\t<div class=\"ekit-wid-con\" >        <div id=\"post-items--ef0d3e4\" class=\"row post-items\">\n                    <div class=\"col-md-12\">\n\n                                    <div class=\"elementskit-blog-block-post\">\n                        <div class=\"row no-gutters\">\n                                                            <div class=\"col-md-6 order-1\">\n                                    <a href=\"https:\/\/clone.vinomatos.com\/es\/2022\/03\/01\/la-empresa-vinomatos-participa-en-la-feria-agroexpo-2022-espana\/\" class=\"elementskit-entry-thumb\">\n                                        <img decoding=\"async\" src=\"https:\/\/clone.vinomatos.com\/wp-content\/uploads\/2022\/03\/Ativo-312.png\" alt=\"La empresa Vinomatos participa en la feria AgroExpo 2022 | Espa\u00f1a\">\n                                    <\/a><!-- .elementskit-entry-thumb END -->\n                                <\/div>\n                            \n                            <div class=\"col-md-6 order-2\">\n                                <div class=\"elementskit-post-body \">\n                                    <div class=\"elementskit-entry-header\">\n                                        \n                                                                                            \t\t\t\t\t                                            \n                                            \n                                                                                            \t\t\t\t<h2 class=\"entry-title\">\n\t\t\t\t\t<a href=\"https:\/\/clone.vinomatos.com\/es\/2022\/03\/01\/la-empresa-vinomatos-participa-en-la-feria-agroexpo-2022-espana\/\">\n\t\t\t\t\t\tLa empresa Vinomatos participa en la feria AgroExpo 2022 | Espa\u00f1a\t\t\t\t\t<\/a>\n\t\t\t\t<\/h2>\n\t\t\t                                                                                <\/div><!-- .elementskit-entry-header END -->\n\n                                                                            <div class=\"elementskit-post-footer\">\n                                                                                            <p>AGROEXPO 2022 en Espa\u00f1a cuenta con la participaci\u00f3n de Vinomatos<\/p>\n                                                                                                                                <\/div><!-- .elementskit-post-footer END -->\n                                                                    <\/div><!-- .elementskit-post-body END -->\n                            <\/div>\n                        <\/div>\n                    <\/div><!-- .elementskit-blog-block-post .radius .gradient-bg END -->\n                \n            <\/div>\n                    <div class=\"col-md-12\">\n\n                                    <div class=\"elementskit-blog-block-post\">\n                        <div class=\"row no-gutters\">\n                                                            <div class=\"col-md-6 order-1\">\n                                    <a href=\"https:\/\/clone.vinomatos.com\/es\/2022\/02\/28\/nuevo-cajas-multiusos-de-proteccion-forestal-cf-moto-4x4-buggy\/\" class=\"elementskit-entry-thumb\">\n                                        <img decoding=\"async\" src=\"https:\/\/clone.vinomatos.com\/wp-content\/uploads\/2022\/02\/header-pt_5.png\" alt=\"NUEVO: Cajas multiusos de protecci\u00f3n forestal + CF Moto 4&#215;4 Buggy\">\n                                    <\/a><!-- .elementskit-entry-thumb END -->\n                                <\/div>\n                            \n                            <div class=\"col-md-6 order-2\">\n                                <div class=\"elementskit-post-body \">\n                                    <div class=\"elementskit-entry-header\">\n                                        \n                                                                                            \t\t\t\t\t                                            \n                                            \n                                                                                            \t\t\t\t<h2 class=\"entry-title\">\n\t\t\t\t\t<a href=\"https:\/\/clone.vinomatos.com\/es\/2022\/02\/28\/nuevo-cajas-multiusos-de-proteccion-forestal-cf-moto-4x4-buggy\/\">\n\t\t\t\t\t\tNUEVO: Cajas multiusos de protecci\u00f3n forestal + CF Moto 4&#215;4 Buggy\t\t\t\t\t<\/a>\n\t\t\t\t<\/h2>\n\t\t\t                                                                                <\/div><!-- .elementskit-entry-header END -->\n\n                                                                            <div class=\"elementskit-post-footer\">\n                                                                                            <p>02\/08\/2022 &#8211; Cajas multiusos de protecci\u00f3n forestal + Buggy CF Moto 4&#215;4<\/p>\n                                                                                                                                <\/div><!-- .elementskit-post-footer END -->\n                                                                    <\/div><!-- .elementskit-post-body END -->\n                            <\/div>\n                        <\/div>\n                    <\/div><!-- .elementskit-blog-block-post .radius .gradient-bg END -->\n                \n            <\/div>\n                    <div class=\"col-md-12\">\n\n                                    <div class=\"elementskit-blog-block-post\">\n                        <div class=\"row no-gutters\">\n                                                            <div class=\"col-md-6 order-1\">\n                                    <a href=\"https:\/\/clone.vinomatos.com\/es\/2022\/01\/28\/vinomatos-participa-en-la-world-ag-expo-2022-en-california\/\" class=\"elementskit-entry-thumb\">\n                                        <img decoding=\"async\" src=\"https:\/\/clone.vinomatos.com\/wp-content\/uploads\/2022\/01\/Header-PT.png\" alt=\"Vinomatos participa en la World AG Expo 2022 en California\">\n                                    <\/a><!-- .elementskit-entry-thumb END -->\n                                <\/div>\n                            \n                            <div class=\"col-md-6 order-2\">\n                                <div class=\"elementskit-post-body \">\n                                    <div class=\"elementskit-entry-header\">\n                                        \n                                                                                            \t\t\t\t\t                                            \n                                            \n                                                                                            \t\t\t\t<h2 class=\"entry-title\">\n\t\t\t\t\t<a href=\"https:\/\/clone.vinomatos.com\/es\/2022\/01\/28\/vinomatos-participa-en-la-world-ag-expo-2022-en-california\/\">\n\t\t\t\t\t\tVinomatos participa en la World AG Expo 2022 en California\t\t\t\t\t<\/a>\n\t\t\t\t<\/h2>\n\t\t\t                                                                                <\/div><!-- .elementskit-entry-header END -->\n\n                                                                            <div class=\"elementskit-post-footer\">\n                                                                                            <p>\u00a1Hola Am\u00e9rica! Del 8 al 10 de febrero, Vinomatos en Tulare. <\/p>\n                                                                                                                                <\/div><!-- .elementskit-post-footer END -->\n                                                                    <\/div><!-- .elementskit-post-body END -->\n                            <\/div>\n                        <\/div>\n                    <\/div><!-- .elementskit-blog-block-post .radius .gradient-bg END -->\n                \n            <\/div>\n                    <div class=\"col-md-12\">\n\n                                    <div class=\"elementskit-blog-block-post\">\n                        <div class=\"row no-gutters\">\n                                                            <div class=\"col-md-6 order-1\">\n                                    <a href=\"https:\/\/clone.vinomatos.com\/es\/2018\/05\/05\/horario-de-navidad-y-ano-nuevo-vinomatos\/\" class=\"elementskit-entry-thumb\">\n                                        <img decoding=\"async\" src=\"https:\/\/clone.vinomatos.com\/wp-content\/uploads\/2018\/05\/header-noticia.png\" alt=\"Horario de Navidad y A\u00f1o Nuevo | Vinomatos\">\n                                    <\/a><!-- .elementskit-entry-thumb END -->\n                                <\/div>\n                            \n                            <div class=\"col-md-6 order-2\">\n                                <div class=\"elementskit-post-body \">\n                                    <div class=\"elementskit-entry-header\">\n                                        \n                                                                                            \t\t\t\t\t                                            \n                                            \n                                                                                            \t\t\t\t<h2 class=\"entry-title\">\n\t\t\t\t\t<a href=\"https:\/\/clone.vinomatos.com\/es\/2018\/05\/05\/horario-de-navidad-y-ano-nuevo-vinomatos\/\">\n\t\t\t\t\t\tHorario de Navidad y A\u00f1o Nuevo | Vinomatos\t\t\t\t\t<\/a>\n\t\t\t\t<\/h2>\n\t\t\t                                                                                <\/div><!-- .elementskit-entry-header END -->\n\n                                                                            <div class=\"elementskit-post-footer\">\n                                                                                            <p>En estas fiestas, les deseamos a todos unas felices fiestas y les anunciamos que la tienda estar\u00e1 abierta para que puedan hacer sus \u00faltimas compras. \u00a1Descubra m\u00e1s sobre nuestra reci\u00e9n inaugurada tienda en Our\u00e9m en este art\u00edculo y descubra la magia de la Navidad! <\/p>\n                                                                                                                                <\/div><!-- .elementskit-post-footer END -->\n                                                                    <\/div><!-- .elementskit-post-body END -->\n                            <\/div>\n                        <\/div>\n                    <\/div><!-- .elementskit-blog-block-post .radius .gradient-bg END -->\n                \n            <\/div>\n                <\/div>\n       <\/div>\t\t\t\t<\/div>\n\t\t\t\t<\/div>\n\t\t\t\t\t<\/div>\n\t\t\t\t<\/div>\n\t\t<div class=\"elementor-element elementor-element-a8d88ea e-flex e-con-boxed e-con e-parent\" data-id=\"a8d88ea\" data-element_type=\"container\" data-e-type=\"container\" data-settings=\"{&quot;_ha_eqh_enable&quot;:false}\">\n\t\t\t\t\t<div class=\"e-con-inner\">\n\t\t\t\t<div class=\"elementor-element elementor-element-583744a elementor-widget-divider--view-line elementor-widget elementor-widget-divider\" data-id=\"583744a\" data-element_type=\"widget\" data-e-type=\"widget\" data-widget_type=\"divider.default\">\n\t\t\t\t<div class=\"elementor-widget-container\">\n\t\t\t\t\t\t\t<div class=\"elementor-divider\">\n\t\t\t<span class=\"elementor-divider-separator\">\n\t\t\t\t\t\t<\/span>\n\t\t<\/div>\n\t\t\t\t\t\t<\/div>\n\t\t\t\t<\/div>\n\t\t\t\t\t<\/div>\n\t\t\t\t<\/div>\n\t\t<div class=\"elementor-element elementor-element-b431a95 e-flex e-con-boxed e-con e-parent\" data-id=\"b431a95\" data-element_type=\"container\" data-e-type=\"container\" data-settings=\"{&quot;_ha_eqh_enable&quot;:false}\">\n\t\t\t\t\t<div class=\"e-con-inner\">\n\t\t\t\t<div class=\"elementor-element elementor-element-19807e5 elementor-widget elementor-widget-spacer\" data-id=\"19807e5\" data-element_type=\"widget\" data-e-type=\"widget\" data-widget_type=\"spacer.default\">\n\t\t\t\t<div class=\"elementor-widget-container\">\n\t\t\t\t\t\t\t<div class=\"elementor-spacer\">\n\t\t\t<div class=\"elementor-spacer-inner\"><\/div>\n\t\t<\/div>\n\t\t\t\t\t\t<\/div>\n\t\t\t\t<\/div>\n\t\t\t\t\t<\/div>\n\t\t\t\t<\/div>\n\t\t\t\t<\/div>\n\t\t","protected":false},"excerpt":{"rendered":"<p>Empresa Vinomatos participa na feira AgroExpo 2022 | Espanha A AGROEXPO 2022 em Espanha conta com a participa\u00e7\u00e3o da empresa Vinomatos NOVIDADE: Caixas multiusos de prote\u00e7\u00e3o florestal + Buggy 4&#215;4 CF Moto 08\/02\/2022 &#8211; Caixas multiusos de prote\u00e7\u00e3o florestal + Buggy 4&#215;4 CF Moto Empresa Vinomatos participa na feira World AG Expo 2022 na Calif\u00f3rnia&hellip;<\/p>\n","protected":false},"author":1,"featured_media":14535,"parent":0,"menu_order":0,"comment_status":"closed","ping_status":"closed","template":"","meta":{"_monsterinsights_skip_tracking":false,"_monsterinsights_sitenote_active":false,"_monsterinsights_sitenote_note":"","_monsterinsights_sitenote_category":0,"footnotes":""},"class_list":["post-15471","page","type-page","status-publish","has-post-thumbnail","hentry"],"yoast_head":"<!-- This site is optimized with the Yoast SEO plugin v27.2 - https:\/\/yoast.com\/product\/yoast-seo-wordpress\/ -->\n<title>Noticias y Novedades - Vinomatos \u00ae L\u00edder Mundial em Planta\u00e7\u00e3o Mecanizada por GPS<\/title>\n<meta name=\"robots\" content=\"index, follow, max-snippet:-1, max-image-preview:large, max-video-preview:-1\" \/>\n<link rel=\"canonical\" href=\"https:\/\/clone.vinomatos.com\/es\/noticias-y-novedades\/\" \/>\n<meta property=\"og:locale\" content=\"es_ES\" \/>\n<meta property=\"og:type\" content=\"article\" \/>\n<meta property=\"og:title\" content=\"Noticias y Novedades - Vinomatos \u00ae L\u00edder Mundial em Planta\u00e7\u00e3o Mecanizada por GPS\" \/>\n<meta property=\"og:description\" content=\"Empresa Vinomatos participa na feira AgroExpo 2022 | Espanha A AGROEXPO 2022 em Espanha conta com a participa\u00e7\u00e3o da empresa Vinomatos NOVIDADE: Caixas multiusos de prote\u00e7\u00e3o florestal + Buggy 4&#215;4 CF Moto 08\/02\/2022 &#8211; Caixas multiusos de prote\u00e7\u00e3o florestal + Buggy 4&#215;4 CF Moto Empresa Vinomatos participa na feira World AG Expo 2022 na Calif\u00f3rnia&hellip;\" \/>\n<meta property=\"og:url\" content=\"https:\/\/clone.vinomatos.com\/es\/noticias-y-novedades\/\" \/>\n<meta property=\"og:site_name\" content=\"Vinomatos \u00ae L\u00edder Mundial em Planta\u00e7\u00e3o Mecanizada por GPS\" \/>\n<meta property=\"article:publisher\" content=\"https:\/\/facebook.com\/vinomatos\" \/>\n<meta property=\"article:modified_time\" content=\"2025-07-25T09:20:01+00:00\" \/>\n<meta property=\"og:image\" content=\"https:\/\/clone.vinomatos.com\/wp-content\/uploads\/2025\/06\/campo_portugues_sem_desfoques.webp\" \/>\n\t<meta property=\"og:image:width\" content=\"1224\" \/>\n\t<meta property=\"og:image:height\" content=\"816\" \/>\n\t<meta property=\"og:image:type\" content=\"image\/webp\" \/>\n<meta name=\"twitter:card\" content=\"summary_large_image\" \/>\n<meta name=\"twitter:site\" content=\"@vinomatos\" \/>\n<meta name=\"twitter:label1\" content=\"Tiempo de lectura\" \/>\n\t<meta name=\"twitter:data1\" content=\"1 minuto\" \/>\n<script type=\"application\/ld+json\" class=\"yoast-schema-graph\">{\"@context\":\"https:\/\/schema.org\",\"@graph\":[{\"@type\":\"WebPage\",\"@id\":\"https:\/\/clone.vinomatos.com\/es\/noticias-y-novedades\/\",\"url\":\"https:\/\/clone.vinomatos.com\/es\/noticias-y-novedades\/\",\"name\":\"Noticias y Novedades - Vinomatos \u00ae L\u00edder Mundial em Planta\u00e7\u00e3o Mecanizada por GPS\",\"isPartOf\":{\"@id\":\"https:\/\/clone.vinomatos.com\/es\/#website\"},\"primaryImageOfPage\":{\"@id\":\"https:\/\/clone.vinomatos.com\/es\/noticias-y-novedades\/#primaryimage\"},\"image\":{\"@id\":\"https:\/\/clone.vinomatos.com\/es\/noticias-y-novedades\/#primaryimage\"},\"thumbnailUrl\":\"https:\/\/clone.vinomatos.com\/wp-content\/uploads\/2025\/06\/campo_portugues_sem_desfoques.webp\",\"datePublished\":\"2025-06-30T13:05:44+00:00\",\"dateModified\":\"2025-07-25T09:20:01+00:00\",\"breadcrumb\":{\"@id\":\"https:\/\/clone.vinomatos.com\/es\/noticias-y-novedades\/#breadcrumb\"},\"inLanguage\":\"es\",\"potentialAction\":[{\"@type\":\"ReadAction\",\"target\":[\"https:\/\/clone.vinomatos.com\/es\/noticias-y-novedades\/\"]}]},{\"@type\":\"ImageObject\",\"inLanguage\":\"es\",\"@id\":\"https:\/\/clone.vinomatos.com\/es\/noticias-y-novedades\/#primaryimage\",\"url\":\"https:\/\/clone.vinomatos.com\/wp-content\/uploads\/2025\/06\/campo_portugues_sem_desfoques.webp\",\"contentUrl\":\"https:\/\/clone.vinomatos.com\/wp-content\/uploads\/2025\/06\/campo_portugues_sem_desfoques.webp\",\"width\":1224,\"height\":816},{\"@type\":\"BreadcrumbList\",\"@id\":\"https:\/\/clone.vinomatos.com\/es\/noticias-y-novedades\/#breadcrumb\",\"itemListElement\":[{\"@type\":\"ListItem\",\"position\":1,\"name\":\"Home\",\"item\":\"https:\/\/clone.vinomatos.com\/es\/comenzar\/\"},{\"@type\":\"ListItem\",\"position\":2,\"name\":\"Noticias y Novedades\"}]},{\"@type\":\"WebSite\",\"@id\":\"https:\/\/clone.vinomatos.com\/es\/#website\",\"url\":\"https:\/\/clone.vinomatos.com\/es\/\",\"name\":\"Vinomatos \u00ae L\u00edder Mundial em Planta\u00e7\u00e3o Mecanizada por GPS\",\"description\":\"\",\"publisher\":{\"@id\":\"https:\/\/clone.vinomatos.com\/es\/#organization\"},\"potentialAction\":[{\"@type\":\"SearchAction\",\"target\":{\"@type\":\"EntryPoint\",\"urlTemplate\":\"https:\/\/clone.vinomatos.com\/es\/?s={search_term_string}\"},\"query-input\":{\"@type\":\"PropertyValueSpecification\",\"valueRequired\":true,\"valueName\":\"search_term_string\"}}],\"inLanguage\":\"es\"},{\"@type\":\"Organization\",\"@id\":\"https:\/\/clone.vinomatos.com\/es\/#organization\",\"name\":\"Vinomatos - L\u00edder Mundial em Planta\u00e7\u00e3o Mecanizada por GPS\",\"url\":\"https:\/\/clone.vinomatos.com\/es\/\",\"logo\":{\"@type\":\"ImageObject\",\"inLanguage\":\"es\",\"@id\":\"https:\/\/clone.vinomatos.com\/es\/#\/schema\/logo\/image\/\",\"url\":\"https:\/\/clone.vinomatos.com\/wp-content\/uploads\/2025\/07\/V-Logo.png\",\"contentUrl\":\"https:\/\/clone.vinomatos.com\/wp-content\/uploads\/2025\/07\/V-Logo.png\",\"width\":711,\"height\":247,\"caption\":\"Vinomatos - L\u00edder Mundial em Planta\u00e7\u00e3o Mecanizada por GPS\"},\"image\":{\"@id\":\"https:\/\/clone.vinomatos.com\/es\/#\/schema\/logo\/image\/\"},\"sameAs\":[\"https:\/\/facebook.com\/vinomatos\",\"https:\/\/x.com\/vinomatos\",\"https:\/\/instagram.com\/vinomatos\",\"https:\/\/linkedin.com\/company\/vinomatos\"]}]}<\/script>\n<!-- \/ Yoast SEO plugin. -->","yoast_head_json":{"title":"Noticias y Novedades - Vinomatos \u00ae L\u00edder Mundial em Planta\u00e7\u00e3o Mecanizada por GPS","robots":{"index":"index","follow":"follow","max-snippet":"max-snippet:-1","max-image-preview":"max-image-preview:large","max-video-preview":"max-video-preview:-1"},"canonical":"https:\/\/clone.vinomatos.com\/es\/noticias-y-novedades\/","og_locale":"es_ES","og_type":"article","og_title":"Noticias y Novedades - Vinomatos \u00ae L\u00edder Mundial em Planta\u00e7\u00e3o Mecanizada por GPS","og_description":"Empresa Vinomatos participa na feira AgroExpo 2022 | Espanha A AGROEXPO 2022 em Espanha conta com a participa\u00e7\u00e3o da empresa Vinomatos NOVIDADE: Caixas multiusos de prote\u00e7\u00e3o florestal + Buggy 4&#215;4 CF Moto 08\/02\/2022 &#8211; Caixas multiusos de prote\u00e7\u00e3o florestal + Buggy 4&#215;4 CF Moto Empresa Vinomatos participa na feira World AG Expo 2022 na Calif\u00f3rnia&hellip;","og_url":"https:\/\/clone.vinomatos.com\/es\/noticias-y-novedades\/","og_site_name":"Vinomatos \u00ae L\u00edder Mundial em Planta\u00e7\u00e3o Mecanizada por GPS","article_publisher":"https:\/\/facebook.com\/vinomatos","article_modified_time":"2025-07-25T09:20:01+00:00","og_image":[{"width":1224,"height":816,"url":"https:\/\/clone.vinomatos.com\/wp-content\/uploads\/2025\/06\/campo_portugues_sem_desfoques.webp","type":"image\/webp"}],"twitter_card":"summary_large_image","twitter_site":"@vinomatos","twitter_misc":{"Tiempo de lectura":"1 minuto"},"schema":{"@context":"https:\/\/schema.org","@graph":[{"@type":"WebPage","@id":"https:\/\/clone.vinomatos.com\/es\/noticias-y-novedades\/","url":"https:\/\/clone.vinomatos.com\/es\/noticias-y-novedades\/","name":"Noticias y Novedades - Vinomatos \u00ae L\u00edder Mundial em Planta\u00e7\u00e3o Mecanizada por GPS","isPartOf":{"@id":"https:\/\/clone.vinomatos.com\/es\/#website"},"primaryImageOfPage":{"@id":"https:\/\/clone.vinomatos.com\/es\/noticias-y-novedades\/#primaryimage"},"image":{"@id":"https:\/\/clone.vinomatos.com\/es\/noticias-y-novedades\/#primaryimage"},"thumbnailUrl":"https:\/\/clone.vinomatos.com\/wp-content\/uploads\/2025\/06\/campo_portugues_sem_desfoques.webp","datePublished":"2025-06-30T13:05:44+00:00","dateModified":"2025-07-25T09:20:01+00:00","breadcrumb":{"@id":"https:\/\/clone.vinomatos.com\/es\/noticias-y-novedades\/#breadcrumb"},"inLanguage":"es","potentialAction":[{"@type":"ReadAction","target":["https:\/\/clone.vinomatos.com\/es\/noticias-y-novedades\/"]}]},{"@type":"ImageObject","inLanguage":"es","@id":"https:\/\/clone.vinomatos.com\/es\/noticias-y-novedades\/#primaryimage","url":"https:\/\/clone.vinomatos.com\/wp-content\/uploads\/2025\/06\/campo_portugues_sem_desfoques.webp","contentUrl":"https:\/\/clone.vinomatos.com\/wp-content\/uploads\/2025\/06\/campo_portugues_sem_desfoques.webp","width":1224,"height":816},{"@type":"BreadcrumbList","@id":"https:\/\/clone.vinomatos.com\/es\/noticias-y-novedades\/#breadcrumb","itemListElement":[{"@type":"ListItem","position":1,"name":"Home","item":"https:\/\/clone.vinomatos.com\/es\/comenzar\/"},{"@type":"ListItem","position":2,"name":"Noticias y Novedades"}]},{"@type":"WebSite","@id":"https:\/\/clone.vinomatos.com\/es\/#website","url":"https:\/\/clone.vinomatos.com\/es\/","name":"Vinomatos \u00ae L\u00edder Mundial em Planta\u00e7\u00e3o Mecanizada por GPS","description":"","publisher":{"@id":"https:\/\/clone.vinomatos.com\/es\/#organization"},"potentialAction":[{"@type":"SearchAction","target":{"@type":"EntryPoint","urlTemplate":"https:\/\/clone.vinomatos.com\/es\/?s={search_term_string}"},"query-input":{"@type":"PropertyValueSpecification","valueRequired":true,"valueName":"search_term_string"}}],"inLanguage":"es"},{"@type":"Organization","@id":"https:\/\/clone.vinomatos.com\/es\/#organization","name":"Vinomatos - L\u00edder Mundial em Planta\u00e7\u00e3o Mecanizada por GPS","url":"https:\/\/clone.vinomatos.com\/es\/","logo":{"@type":"ImageObject","inLanguage":"es","@id":"https:\/\/clone.vinomatos.com\/es\/#\/schema\/logo\/image\/","url":"https:\/\/clone.vinomatos.com\/wp-content\/uploads\/2025\/07\/V-Logo.png","contentUrl":"https:\/\/clone.vinomatos.com\/wp-content\/uploads\/2025\/07\/V-Logo.png","width":711,"height":247,"caption":"Vinomatos - L\u00edder Mundial em Planta\u00e7\u00e3o Mecanizada por GPS"},"image":{"@id":"https:\/\/clone.vinomatos.com\/es\/#\/schema\/logo\/image\/"},"sameAs":["https:\/\/facebook.com\/vinomatos","https:\/\/x.com\/vinomatos","https:\/\/instagram.com\/vinomatos","https:\/\/linkedin.com\/company\/vinomatos"]}]}},"_links":{"self":[{"href":"https:\/\/clone.vinomatos.com\/es\/wp-json\/wp\/v2\/pages\/15471","targetHints":{"allow":["GET"]}}],"collection":[{"href":"https:\/\/clone.vinomatos.com\/es\/wp-json\/wp\/v2\/pages"}],"about":[{"href":"https:\/\/clone.vinomatos.com\/es\/wp-json\/wp\/v2\/types\/page"}],"author":[{"embeddable":true,"href":"https:\/\/clone.vinomatos.com\/es\/wp-json\/wp\/v2\/users\/1"}],"replies":[{"embeddable":true,"href":"https:\/\/clone.vinomatos.com\/es\/wp-json\/wp\/v2\/comments?post=15471"}],"version-history":[{"count":4,"href":"https:\/\/clone.vinomatos.com\/es\/wp-json\/wp\/v2\/pages\/15471\/revisions"}],"predecessor-version":[{"id":21449,"href":"https:\/\/clone.vinomatos.com\/es\/wp-json\/wp\/v2\/pages\/15471\/revisions\/21449"}],"wp:featuredmedia":[{"embeddable":true,"href":"https:\/\/clone.vinomatos.com\/es\/wp-json\/wp\/v2\/media\/14535"}],"wp:attachment":[{"href":"https:\/\/clone.vinomatos.com\/es\/wp-json\/wp\/v2\/media?parent=15471"}],"curies":[{"name":"wp","href":"https:\/\/api.w.org\/{rel}","templated":true}]}}