{"id":15465,"date":"2025-06-12T14:57:53","date_gmt":"2025-06-12T14:57:53","guid":{"rendered":"https:\/\/clone.vinomatos.com\/plantacion-de-olivos\/"},"modified":"2025-07-11T15:36:00","modified_gmt":"2025-07-11T15:36:00","slug":"plantacion-de-olivos","status":"publish","type":"page","link":"https:\/\/clone.vinomatos.com\/es\/plantacion-de-olivos\/","title":{"rendered":"Plantaci\u00f3n de Olivos"},"content":{"rendered":"\t\t<div data-elementor-type=\"wp-post\" data-elementor-id=\"15465\" class=\"elementor elementor-15465 elementor-8\" data-elementor-settings=\"{&quot;ha_cmc_init_switcher&quot;:&quot;no&quot;}\" data-elementor-post-type=\"page\">\n\t\t\t\t<div class=\"elementor-element elementor-element-6e112f5 e-flex e-con-boxed e-con e-parent\" data-id=\"6e112f5\" data-element_type=\"container\" data-e-type=\"container\" data-settings=\"{&quot;_ha_eqh_enable&quot;:false}\">\n\t\t\t\t\t<div class=\"e-con-inner\">\n\t\t\t\t<div class=\"elementor-element elementor-element-f28b812 elementor-widget elementor-widget-text-editor\" data-id=\"f28b812\" data-element_type=\"widget\" data-e-type=\"widget\" data-widget_type=\"text-editor.default\">\n\t\t\t\t<div class=\"elementor-widget-container\">\n\t\t\t\t\t\t\t\t\t<h4>Vinomatos se especializa en programas de plantaci\u00f3n de olivares.<\/h4>\t\t\t\t\t\t\t\t<\/div>\n\t\t\t\t<\/div>\n\t\t\t\t\t<\/div>\n\t\t\t\t<\/div>\n\t\t<div class=\"elementor-element elementor-element-66f88e9 e-flex e-con-boxed e-con e-parent\" data-id=\"66f88e9\" data-element_type=\"container\" data-e-type=\"container\" data-settings=\"{&quot;_ha_eqh_enable&quot;:false}\">\n\t\t\t\t\t<div class=\"e-con-inner\">\n\t\t<div class=\"elementor-element elementor-element-67e1747 e-con-full e-flex e-con e-child\" data-id=\"67e1747\" data-element_type=\"container\" data-e-type=\"container\" data-settings=\"{&quot;_ha_eqh_enable&quot;:false}\">\n\t\t\t\t<div class=\"elementor-element elementor-element-1a8ddcd elementor-widget elementor-widget-text-editor\" data-id=\"1a8ddcd\" data-element_type=\"widget\" data-e-type=\"widget\" data-widget_type=\"text-editor.default\">\n\t\t\t\t<div class=\"elementor-widget-container\">\n\t\t\t\t\t\t\t\t\t<p><span lang=\"pt\" xml:lang=\"pt\">Somos l\u00edderes mundiales en la fabricaci\u00f3n de maquinaria de plantaci\u00f3n y plantaci\u00f3n mecanizada guiada por GPS. Nuestras m\u00e1quinas OLIVA y R\u00c9VOLUTION se han utilizado en diversos terrenos en todo el mundo. <strong>Disponemos de m\u00e1s de 30 m\u00e1quinas para la plantaci\u00f3n de olivos.<\/strong> <\/span><\/p><p><span lang=\"pt\" xml:lang=\"pt\">Nuestros olivares en varios pa\u00edses del mundo convierten a Vinomatos en una empresa l\u00edder en plantaciones mecanizadas. Este es el caso de las miles de hect\u00e1reas de olivos plantadas en Portugal y Andaluc\u00eda (Espa\u00f1a). Algunas plantaciones tienen aproximadamente 15 a\u00f1os y pueden visitarse para presenciar la evoluci\u00f3n de un olivar superintensivo.  <\/span><\/p>\t\t\t\t\t\t\t\t<\/div>\n\t\t\t\t<\/div>\n\t\t\t\t<div class=\"elementor-element elementor-element-11746d2 elementor-widget-divider--view-line elementor-widget elementor-widget-divider\" data-id=\"11746d2\" data-element_type=\"widget\" data-e-type=\"widget\" data-widget_type=\"divider.default\">\n\t\t\t\t<div class=\"elementor-widget-container\">\n\t\t\t\t\t\t\t<div class=\"elementor-divider\">\n\t\t\t<span class=\"elementor-divider-separator\">\n\t\t\t\t\t\t<\/span>\n\t\t<\/div>\n\t\t\t\t\t\t<\/div>\n\t\t\t\t<\/div>\n\t\t\t\t<\/div>\n\t\t<div class=\"elementor-element elementor-element-1b7fb86 e-con-full e-flex e-con e-child\" data-id=\"1b7fb86\" data-element_type=\"container\" data-e-type=\"container\" data-settings=\"{&quot;_ha_eqh_enable&quot;:false}\">\n\t\t\t\t<div class=\"elementor-element elementor-element-54f3626 elementor-widget elementor-widget-image\" data-id=\"54f3626\" data-element_type=\"widget\" data-e-type=\"widget\" data-widget_type=\"image.default\">\n\t\t\t\t<div class=\"elementor-widget-container\">\n\t\t\t\t\t\t\t\t\t\t\t\t\t\t\t<img fetchpriority=\"high\" decoding=\"async\" width=\"700\" height=\"393\" src=\"https:\/\/clone.vinomatos.com\/wp-content\/uploads\/2025\/06\/plantacao-de-olival-tutor.png\" class=\"attachment-large size-large wp-image-14145\" alt=\"\" srcset=\"https:\/\/clone.vinomatos.com\/wp-content\/uploads\/2025\/06\/plantacao-de-olival-tutor.png 700w, https:\/\/clone.vinomatos.com\/wp-content\/uploads\/2025\/06\/plantacao-de-olival-tutor-300x168.png 300w\" sizes=\"(max-width: 700px) 100vw, 700px\" \/>\t\t\t\t\t\t\t\t\t\t\t\t\t\t\t<\/div>\n\t\t\t\t<\/div>\n\t\t\t\t<\/div>\n\t\t\t\t\t<\/div>\n\t\t\t\t<\/div>\n\t\t<div class=\"elementor-element elementor-element-e25b06d e-flex e-con-boxed e-con e-parent\" data-id=\"e25b06d\" data-element_type=\"container\" data-e-type=\"container\" data-settings=\"{&quot;_ha_eqh_enable&quot;:false}\">\n\t\t\t\t\t<div class=\"e-con-inner\">\n\t\t<div class=\"elementor-element elementor-element-da047a6 e-con-full e-flex e-con e-child\" data-id=\"da047a6\" data-element_type=\"container\" data-e-type=\"container\" data-settings=\"{&quot;_ha_eqh_enable&quot;:false}\">\n\t\t\t\t<div class=\"elementor-element elementor-element-718bc0e elementor-absolute elementor-widget elementor-widget-image\" data-id=\"718bc0e\" data-element_type=\"widget\" data-e-type=\"widget\" data-settings=\"{&quot;_position&quot;:&quot;absolute&quot;}\" data-widget_type=\"image.default\">\n\t\t\t\t<div class=\"elementor-widget-container\">\n\t\t\t\t\t\t\t\t\t\t\t\t\t\t\t<img decoding=\"async\" width=\"1024\" height=\"771\" src=\"https:\/\/clone.vinomatos.com\/wp-content\/uploads\/2025\/06\/palicada-1024x771.jpg\" class=\"attachment-large size-large wp-image-14142\" alt=\"\" srcset=\"https:\/\/clone.vinomatos.com\/wp-content\/uploads\/2025\/06\/palicada-1024x771.jpg 1024w, https:\/\/clone.vinomatos.com\/wp-content\/uploads\/2025\/06\/palicada-300x226.jpg 300w, https:\/\/clone.vinomatos.com\/wp-content\/uploads\/2025\/06\/palicada-768x578.jpg 768w, https:\/\/clone.vinomatos.com\/wp-content\/uploads\/2025\/06\/palicada.jpg 1386w\" sizes=\"(max-width: 1024px) 100vw, 1024px\" \/>\t\t\t\t\t\t\t\t\t\t\t\t\t\t\t<\/div>\n\t\t\t\t<\/div>\n\t\t\t\t<\/div>\n\t\t<div class=\"elementor-element elementor-element-1f03b06 e-con-full e-flex e-con e-child\" data-id=\"1f03b06\" data-element_type=\"container\" data-e-type=\"container\" data-settings=\"{&quot;_ha_eqh_enable&quot;:false}\">\n\t\t\t\t<div class=\"elementor-element elementor-element-4e08699 elementor-widget elementor-widget-text-editor\" data-id=\"4e08699\" data-element_type=\"widget\" data-e-type=\"widget\" data-widget_type=\"text-editor.default\">\n\t\t\t\t<div class=\"elementor-widget-container\">\n\t\t\t\t\t\t\t\t\t<p><span lang=\"pt\" xml:lang=\"pt\">En Portugal, Vinomatos ha ampliado sus operaciones con varios proyectos de plantaci\u00f3n agr\u00edcola en la regi\u00f3n del Alentejo, especialmente en el distrito de Beja y la regi\u00f3n de Aljustrel. Destacan dos proyectos, cada uno de los cuales consiste en la plantaci\u00f3n de m\u00e1s de 400 hect\u00e1reas de olivos utilizando nuestra propia m\u00e1quina de plantaci\u00f3n guiada por sat\u00e9lite, con formaci\u00f3n previa de caballones. Adem\u00e1s de la regi\u00f3n del Alentejo, nuestra empresa tambi\u00e9n ha prestado servicios de plantaci\u00f3n agr\u00edcola con nuestras m\u00e1quinas de plantaci\u00f3n en el norte de Portugal.   <\/span><\/p><p><span lang=\"pt\" xml:lang=\"pt\">Fabricamos la plantadora OLIVA, que nos permite realizar plantaciones perfectas con gran precisi\u00f3n, maximizando el tiempo asociado al proceso de plantaci\u00f3n y facilitando todos los procesos agr\u00edcolas.<\/span><\/p><p><a class=\"btn btn-default\" href=\"http:\/\/www.vinomatos.com\/img\/cms\/ptoliva.pdf\" target=\"_blank\" rel=\"noopener\">M\u00c1QUINA PARA PLANTAR OLIVOS<\/a><\/p><p><span lang=\"pt\" xml:lang=\"pt\">Hemos lanzado la \u00faltima m\u00e1quina plantadora que est\u00e1 revolucionando la agricultura: la R\u00e9volution. Permite plantar y alambrar el olivar en una sola pasada. <\/span><\/p><p><a class=\"btn btn-default\" href=\"https:\/\/clone.vinomatos.com\/es\/maquina-plantadora-revolution\/\" target=\"_blank\" rel=\"noopener\">M\u00e1quina de plantaci\u00f3n revoluci\u00f3n<\/a><\/p>\t\t\t\t\t\t\t\t<\/div>\n\t\t\t\t<\/div>\n\t\t\t\t<div class=\"elementor-element elementor-element-b979604 elementor-widget-divider--view-line elementor-widget elementor-widget-divider\" data-id=\"b979604\" data-element_type=\"widget\" data-e-type=\"widget\" data-widget_type=\"divider.default\">\n\t\t\t\t<div class=\"elementor-widget-container\">\n\t\t\t\t\t\t\t<div class=\"elementor-divider\">\n\t\t\t<span class=\"elementor-divider-separator\">\n\t\t\t\t\t\t<\/span>\n\t\t<\/div>\n\t\t\t\t\t\t<\/div>\n\t\t\t\t<\/div>\n\t\t\t\t<div class=\"elementor-element elementor-element-773ae2d elementor-widget elementor-widget-spacer\" data-id=\"773ae2d\" data-element_type=\"widget\" data-e-type=\"widget\" data-widget_type=\"spacer.default\">\n\t\t\t\t<div class=\"elementor-widget-container\">\n\t\t\t\t\t\t\t<div class=\"elementor-spacer\">\n\t\t\t<div class=\"elementor-spacer-inner\"><\/div>\n\t\t<\/div>\n\t\t\t\t\t\t<\/div>\n\t\t\t\t<\/div>\n\t\t\t\t<\/div>\n\t\t\t\t\t<\/div>\n\t\t\t\t<\/div>\n\t\t<div class=\"elementor-element elementor-element-ea82b35 e-flex e-con-boxed e-con e-parent\" data-id=\"ea82b35\" data-element_type=\"container\" data-e-type=\"container\" data-settings=\"{&quot;_ha_eqh_enable&quot;:false}\">\n\t\t\t\t\t<div class=\"e-con-inner\">\n\t\t\t\t<div class=\"elementor-element elementor-element-42186f3 elementor-widget elementor-widget-heading\" data-id=\"42186f3\" data-element_type=\"widget\" data-e-type=\"widget\" data-widget_type=\"heading.default\">\n\t\t\t\t<div class=\"elementor-widget-container\">\n\t\t\t\t\t<h2 class=\"elementor-heading-title elementor-size-default\">Solicitar m\u00e1s informaci\u00f3n<\/h2>\t\t\t\t<\/div>\n\t\t\t\t<\/div>\n\t\t\t\t<div class=\"elementor-element elementor-element-da3fbf4 elementor-widget elementor-widget-spacer\" data-id=\"da3fbf4\" data-element_type=\"widget\" data-e-type=\"widget\" data-widget_type=\"spacer.default\">\n\t\t\t\t<div class=\"elementor-widget-container\">\n\t\t\t\t\t\t\t<div class=\"elementor-spacer\">\n\t\t\t<div class=\"elementor-spacer-inner\"><\/div>\n\t\t<\/div>\n\t\t\t\t\t\t<\/div>\n\t\t\t\t<\/div>\n\t\t\t\t<div class=\"elementor-element elementor-element-8145109 elementor-widget elementor-widget-html\" data-id=\"8145109\" data-element_type=\"widget\" data-e-type=\"widget\" data-widget_type=\"html.default\">\n\t\t\t\t<div class=\"elementor-widget-container\">\n\t\t\t\t\t<script charset=\"utf-8\" type=\"text\/javascript\" src=\"\/\/js-eu1.hsforms.net\/forms\/embed\/v2.js\"><\/script><script>hbspt.forms.create({\r\n    portalId: \"27059144\",\r\n    formId: \"b4af4282-9ddb-447d-9bf5-08066b9055cf\",\r\n    region: \"eu1\"\r\n  });\r\n<\/script>\t\t\t\t<\/div>\n\t\t\t\t<\/div>\n\t\t\t\t<div class=\"elementor-element elementor-element-c7007fa elementor-widget elementor-widget-spacer\" data-id=\"c7007fa\" data-element_type=\"widget\" data-e-type=\"widget\" data-widget_type=\"spacer.default\">\n\t\t\t\t<div class=\"elementor-widget-container\">\n\t\t\t\t\t\t\t<div class=\"elementor-spacer\">\n\t\t\t<div class=\"elementor-spacer-inner\"><\/div>\n\t\t<\/div>\n\t\t\t\t\t\t<\/div>\n\t\t\t\t<\/div>\n\t\t\t\t\t<\/div>\n\t\t\t\t<\/div>\n\t\t\t\t<\/div>\n\t\t","protected":false},"excerpt":{"rendered":"<p>Vinomatos se especializa en programas de plantaci\u00f3n de olivares. Somos l\u00edderes mundiales en la fabricaci\u00f3n de maquinaria de plantaci\u00f3n y plantaci\u00f3n mecanizada guiada por GPS. Nuestras m\u00e1quinas OLIVA y R\u00c9VOLUTION se han utilizado en diversos terrenos en todo el mundo. Disponemos de m\u00e1s de 30 m\u00e1quinas para la plantaci\u00f3n de olivos. Nuestros olivares en varios&hellip;<\/p>\n","protected":false},"author":1,"featured_media":14139,"parent":0,"menu_order":0,"comment_status":"closed","ping_status":"closed","template":"","meta":{"_monsterinsights_skip_tracking":false,"_monsterinsights_sitenote_active":false,"_monsterinsights_sitenote_note":"","_monsterinsights_sitenote_category":0,"footnotes":""},"class_list":["post-15465","page","type-page","status-publish","has-post-thumbnail","hentry"],"yoast_head":"<!-- This site is optimized with the Yoast SEO plugin v27.2 - https:\/\/yoast.com\/product\/yoast-seo-wordpress\/ -->\n<title>Plantaci\u00f3n de Olivos - Vinomatos \u00ae L\u00edder Mundial em Planta\u00e7\u00e3o Mecanizada por GPS<\/title>\n<meta name=\"robots\" content=\"index, follow, max-snippet:-1, max-image-preview:large, max-video-preview:-1\" \/>\n<link rel=\"canonical\" href=\"https:\/\/clone.vinomatos.com\/es\/plantacion-de-olivos\/\" \/>\n<meta property=\"og:locale\" content=\"es_ES\" \/>\n<meta property=\"og:type\" content=\"article\" \/>\n<meta property=\"og:title\" content=\"Plantaci\u00f3n de Olivos - Vinomatos \u00ae L\u00edder Mundial em Planta\u00e7\u00e3o Mecanizada por GPS\" \/>\n<meta property=\"og:description\" content=\"Vinomatos se especializa en programas de plantaci\u00f3n de olivares. Somos l\u00edderes mundiales en la fabricaci\u00f3n de maquinaria de plantaci\u00f3n y plantaci\u00f3n mecanizada guiada por GPS. Nuestras m\u00e1quinas OLIVA y R\u00c9VOLUTION se han utilizado en diversos terrenos en todo el mundo. Disponemos de m\u00e1s de 30 m\u00e1quinas para la plantaci\u00f3n de olivos. Nuestros olivares en varios&hellip;\" \/>\n<meta property=\"og:url\" content=\"https:\/\/clone.vinomatos.com\/es\/plantacion-de-olivos\/\" \/>\n<meta property=\"og:site_name\" content=\"Vinomatos \u00ae L\u00edder Mundial em Planta\u00e7\u00e3o Mecanizada por GPS\" \/>\n<meta property=\"article:publisher\" content=\"https:\/\/facebook.com\/vinomatos\" \/>\n<meta property=\"article:modified_time\" content=\"2025-07-11T15:36:00+00:00\" \/>\n<meta property=\"og:image\" content=\"https:\/\/clone.vinomatos.com\/wp-content\/uploads\/2025\/06\/plantacao-de-olival-1.jpg\" \/>\n\t<meta property=\"og:image:width\" content=\"1080\" \/>\n\t<meta property=\"og:image:height\" content=\"620\" \/>\n\t<meta property=\"og:image:type\" content=\"image\/jpeg\" \/>\n<meta name=\"twitter:card\" content=\"summary_large_image\" \/>\n<meta name=\"twitter:site\" content=\"@vinomatos\" \/>\n<meta name=\"twitter:label1\" content=\"Tiempo de lectura\" \/>\n\t<meta name=\"twitter:data1\" content=\"1 minuto\" \/>\n<script type=\"application\/ld+json\" class=\"yoast-schema-graph\">{\"@context\":\"https:\/\/schema.org\",\"@graph\":[{\"@type\":\"WebPage\",\"@id\":\"https:\/\/clone.vinomatos.com\/es\/plantacion-de-olivos\/\",\"url\":\"https:\/\/clone.vinomatos.com\/es\/plantacion-de-olivos\/\",\"name\":\"Plantaci\u00f3n de Olivos - Vinomatos \u00ae L\u00edder Mundial em Planta\u00e7\u00e3o Mecanizada por GPS\",\"isPartOf\":{\"@id\":\"https:\/\/clone.vinomatos.com\/es\/#website\"},\"primaryImageOfPage\":{\"@id\":\"https:\/\/clone.vinomatos.com\/es\/plantacion-de-olivos\/#primaryimage\"},\"image\":{\"@id\":\"https:\/\/clone.vinomatos.com\/es\/plantacion-de-olivos\/#primaryimage\"},\"thumbnailUrl\":\"https:\/\/clone.vinomatos.com\/wp-content\/uploads\/2025\/06\/plantacao-de-olival-1.jpg\",\"datePublished\":\"2025-06-12T14:57:53+00:00\",\"dateModified\":\"2025-07-11T15:36:00+00:00\",\"breadcrumb\":{\"@id\":\"https:\/\/clone.vinomatos.com\/es\/plantacion-de-olivos\/#breadcrumb\"},\"inLanguage\":\"es\",\"potentialAction\":[{\"@type\":\"ReadAction\",\"target\":[\"https:\/\/clone.vinomatos.com\/es\/plantacion-de-olivos\/\"]}]},{\"@type\":\"ImageObject\",\"inLanguage\":\"es\",\"@id\":\"https:\/\/clone.vinomatos.com\/es\/plantacion-de-olivos\/#primaryimage\",\"url\":\"https:\/\/clone.vinomatos.com\/wp-content\/uploads\/2025\/06\/plantacao-de-olival-1.jpg\",\"contentUrl\":\"https:\/\/clone.vinomatos.com\/wp-content\/uploads\/2025\/06\/plantacao-de-olival-1.jpg\",\"width\":1080,\"height\":620},{\"@type\":\"BreadcrumbList\",\"@id\":\"https:\/\/clone.vinomatos.com\/es\/plantacion-de-olivos\/#breadcrumb\",\"itemListElement\":[{\"@type\":\"ListItem\",\"position\":1,\"name\":\"Home\",\"item\":\"https:\/\/clone.vinomatos.com\/es\/comenzar\/\"},{\"@type\":\"ListItem\",\"position\":2,\"name\":\"Plantaci\u00f3n de Olivos\"}]},{\"@type\":\"WebSite\",\"@id\":\"https:\/\/clone.vinomatos.com\/es\/#website\",\"url\":\"https:\/\/clone.vinomatos.com\/es\/\",\"name\":\"Vinomatos \u00ae L\u00edder Mundial em Planta\u00e7\u00e3o Mecanizada por GPS\",\"description\":\"\",\"publisher\":{\"@id\":\"https:\/\/clone.vinomatos.com\/es\/#organization\"},\"potentialAction\":[{\"@type\":\"SearchAction\",\"target\":{\"@type\":\"EntryPoint\",\"urlTemplate\":\"https:\/\/clone.vinomatos.com\/es\/?s={search_term_string}\"},\"query-input\":{\"@type\":\"PropertyValueSpecification\",\"valueRequired\":true,\"valueName\":\"search_term_string\"}}],\"inLanguage\":\"es\"},{\"@type\":\"Organization\",\"@id\":\"https:\/\/clone.vinomatos.com\/es\/#organization\",\"name\":\"Vinomatos - L\u00edder Mundial em Planta\u00e7\u00e3o Mecanizada por GPS\",\"url\":\"https:\/\/clone.vinomatos.com\/es\/\",\"logo\":{\"@type\":\"ImageObject\",\"inLanguage\":\"es\",\"@id\":\"https:\/\/clone.vinomatos.com\/es\/#\/schema\/logo\/image\/\",\"url\":\"https:\/\/clone.vinomatos.com\/wp-content\/uploads\/2025\/07\/V-Logo.png\",\"contentUrl\":\"https:\/\/clone.vinomatos.com\/wp-content\/uploads\/2025\/07\/V-Logo.png\",\"width\":711,\"height\":247,\"caption\":\"Vinomatos - L\u00edder Mundial em Planta\u00e7\u00e3o Mecanizada por GPS\"},\"image\":{\"@id\":\"https:\/\/clone.vinomatos.com\/es\/#\/schema\/logo\/image\/\"},\"sameAs\":[\"https:\/\/facebook.com\/vinomatos\",\"https:\/\/x.com\/vinomatos\",\"https:\/\/instagram.com\/vinomatos\",\"https:\/\/linkedin.com\/company\/vinomatos\"]}]}<\/script>\n<!-- \/ Yoast SEO plugin. -->","yoast_head_json":{"title":"Plantaci\u00f3n de Olivos - Vinomatos \u00ae L\u00edder Mundial em Planta\u00e7\u00e3o Mecanizada por GPS","robots":{"index":"index","follow":"follow","max-snippet":"max-snippet:-1","max-image-preview":"max-image-preview:large","max-video-preview":"max-video-preview:-1"},"canonical":"https:\/\/clone.vinomatos.com\/es\/plantacion-de-olivos\/","og_locale":"es_ES","og_type":"article","og_title":"Plantaci\u00f3n de Olivos - Vinomatos \u00ae L\u00edder Mundial em Planta\u00e7\u00e3o Mecanizada por GPS","og_description":"Vinomatos se especializa en programas de plantaci\u00f3n de olivares. Somos l\u00edderes mundiales en la fabricaci\u00f3n de maquinaria de plantaci\u00f3n y plantaci\u00f3n mecanizada guiada por GPS. Nuestras m\u00e1quinas OLIVA y R\u00c9VOLUTION se han utilizado en diversos terrenos en todo el mundo. Disponemos de m\u00e1s de 30 m\u00e1quinas para la plantaci\u00f3n de olivos. Nuestros olivares en varios&hellip;","og_url":"https:\/\/clone.vinomatos.com\/es\/plantacion-de-olivos\/","og_site_name":"Vinomatos \u00ae L\u00edder Mundial em Planta\u00e7\u00e3o Mecanizada por GPS","article_publisher":"https:\/\/facebook.com\/vinomatos","article_modified_time":"2025-07-11T15:36:00+00:00","og_image":[{"width":1080,"height":620,"url":"https:\/\/clone.vinomatos.com\/wp-content\/uploads\/2025\/06\/plantacao-de-olival-1.jpg","type":"image\/jpeg"}],"twitter_card":"summary_large_image","twitter_site":"@vinomatos","twitter_misc":{"Tiempo de lectura":"1 minuto"},"schema":{"@context":"https:\/\/schema.org","@graph":[{"@type":"WebPage","@id":"https:\/\/clone.vinomatos.com\/es\/plantacion-de-olivos\/","url":"https:\/\/clone.vinomatos.com\/es\/plantacion-de-olivos\/","name":"Plantaci\u00f3n de Olivos - Vinomatos \u00ae L\u00edder Mundial em Planta\u00e7\u00e3o Mecanizada por GPS","isPartOf":{"@id":"https:\/\/clone.vinomatos.com\/es\/#website"},"primaryImageOfPage":{"@id":"https:\/\/clone.vinomatos.com\/es\/plantacion-de-olivos\/#primaryimage"},"image":{"@id":"https:\/\/clone.vinomatos.com\/es\/plantacion-de-olivos\/#primaryimage"},"thumbnailUrl":"https:\/\/clone.vinomatos.com\/wp-content\/uploads\/2025\/06\/plantacao-de-olival-1.jpg","datePublished":"2025-06-12T14:57:53+00:00","dateModified":"2025-07-11T15:36:00+00:00","breadcrumb":{"@id":"https:\/\/clone.vinomatos.com\/es\/plantacion-de-olivos\/#breadcrumb"},"inLanguage":"es","potentialAction":[{"@type":"ReadAction","target":["https:\/\/clone.vinomatos.com\/es\/plantacion-de-olivos\/"]}]},{"@type":"ImageObject","inLanguage":"es","@id":"https:\/\/clone.vinomatos.com\/es\/plantacion-de-olivos\/#primaryimage","url":"https:\/\/clone.vinomatos.com\/wp-content\/uploads\/2025\/06\/plantacao-de-olival-1.jpg","contentUrl":"https:\/\/clone.vinomatos.com\/wp-content\/uploads\/2025\/06\/plantacao-de-olival-1.jpg","width":1080,"height":620},{"@type":"BreadcrumbList","@id":"https:\/\/clone.vinomatos.com\/es\/plantacion-de-olivos\/#breadcrumb","itemListElement":[{"@type":"ListItem","position":1,"name":"Home","item":"https:\/\/clone.vinomatos.com\/es\/comenzar\/"},{"@type":"ListItem","position":2,"name":"Plantaci\u00f3n de Olivos"}]},{"@type":"WebSite","@id":"https:\/\/clone.vinomatos.com\/es\/#website","url":"https:\/\/clone.vinomatos.com\/es\/","name":"Vinomatos \u00ae L\u00edder Mundial em Planta\u00e7\u00e3o Mecanizada por GPS","description":"","publisher":{"@id":"https:\/\/clone.vinomatos.com\/es\/#organization"},"potentialAction":[{"@type":"SearchAction","target":{"@type":"EntryPoint","urlTemplate":"https:\/\/clone.vinomatos.com\/es\/?s={search_term_string}"},"query-input":{"@type":"PropertyValueSpecification","valueRequired":true,"valueName":"search_term_string"}}],"inLanguage":"es"},{"@type":"Organization","@id":"https:\/\/clone.vinomatos.com\/es\/#organization","name":"Vinomatos - L\u00edder Mundial em Planta\u00e7\u00e3o Mecanizada por GPS","url":"https:\/\/clone.vinomatos.com\/es\/","logo":{"@type":"ImageObject","inLanguage":"es","@id":"https:\/\/clone.vinomatos.com\/es\/#\/schema\/logo\/image\/","url":"https:\/\/clone.vinomatos.com\/wp-content\/uploads\/2025\/07\/V-Logo.png","contentUrl":"https:\/\/clone.vinomatos.com\/wp-content\/uploads\/2025\/07\/V-Logo.png","width":711,"height":247,"caption":"Vinomatos - L\u00edder Mundial em Planta\u00e7\u00e3o Mecanizada por GPS"},"image":{"@id":"https:\/\/clone.vinomatos.com\/es\/#\/schema\/logo\/image\/"},"sameAs":["https:\/\/facebook.com\/vinomatos","https:\/\/x.com\/vinomatos","https:\/\/instagram.com\/vinomatos","https:\/\/linkedin.com\/company\/vinomatos"]}]}},"_links":{"self":[{"href":"https:\/\/clone.vinomatos.com\/es\/wp-json\/wp\/v2\/pages\/15465","targetHints":{"allow":["GET"]}}],"collection":[{"href":"https:\/\/clone.vinomatos.com\/es\/wp-json\/wp\/v2\/pages"}],"about":[{"href":"https:\/\/clone.vinomatos.com\/es\/wp-json\/wp\/v2\/types\/page"}],"author":[{"embeddable":true,"href":"https:\/\/clone.vinomatos.com\/es\/wp-json\/wp\/v2\/users\/1"}],"replies":[{"embeddable":true,"href":"https:\/\/clone.vinomatos.com\/es\/wp-json\/wp\/v2\/comments?post=15465"}],"version-history":[{"count":1,"href":"https:\/\/clone.vinomatos.com\/es\/wp-json\/wp\/v2\/pages\/15465\/revisions"}],"predecessor-version":[{"id":15466,"href":"https:\/\/clone.vinomatos.com\/es\/wp-json\/wp\/v2\/pages\/15465\/revisions\/15466"}],"wp:featuredmedia":[{"embeddable":true,"href":"https:\/\/clone.vinomatos.com\/es\/wp-json\/wp\/v2\/media\/14139"}],"wp:attachment":[{"href":"https:\/\/clone.vinomatos.com\/es\/wp-json\/wp\/v2\/media?parent=15465"}],"curies":[{"name":"wp","href":"https:\/\/api.w.org\/{rel}","templated":true}]}}