{"id":15291,"date":"2025-06-12T15:38:10","date_gmt":"2025-06-12T15:38:10","guid":{"rendered":"https:\/\/clone.vinomatos.com\/maquina-para-plantar-aceitunas-i\/"},"modified":"2025-07-15T14:08:36","modified_gmt":"2025-07-15T14:08:36","slug":"maquina-para-plantar-aceitunas-i","status":"publish","type":"page","link":"https:\/\/clone.vinomatos.com\/es\/maquina-para-plantar-aceitunas-i\/","title":{"rendered":"M\u00e1quina \u00abOliva I\u00bb"},"content":{"rendered":"\t\t<div data-elementor-type=\"wp-page\" data-elementor-id=\"15291\" class=\"elementor elementor-15291 elementor-11139\" data-elementor-settings=\"{&quot;ha_cmc_init_switcher&quot;:&quot;no&quot;}\" data-elementor-post-type=\"page\">\n\t\t\t\t<div class=\"elementor-element elementor-element-d20fde3 e-flex e-con-boxed e-con e-parent\" data-id=\"d20fde3\" data-element_type=\"container\" data-e-type=\"container\" data-settings=\"{&quot;_ha_eqh_enable&quot;:false}\">\n\t\t\t\t\t<div class=\"e-con-inner\">\n\t\t\t\t<div class=\"elementor-element elementor-element-d8cf0f1 elementor-widget elementor-widget-text-editor\" data-id=\"d8cf0f1\" data-element_type=\"widget\" data-e-type=\"widget\" data-widget_type=\"text-editor.default\">\n\t\t\t\t<div class=\"elementor-widget-container\">\n\t\t\t\t\t\t\t\t\t<h4><strong>Plantadora \u201cOLIVA I\u201d<\/strong><\/h4><p>La plantadora \u00abOLIVA I\u00bb garantiza la fiabilidad y robustez que se espera de una aceituna. Esta versi\u00f3n es la versi\u00f3n est\u00e1ndar de nuestra plantadora. \u00a1Con este sistema, se superan los problemas causados \u200b\u200bpor el crecimiento irregular del cultivo! Con la plantadora \u00abOLIVA I\u00bb de nuestra fabricaci\u00f3n, la planta y su tutor correspondiente se colocan en la ubicaci\u00f3n precisa definida por GPS, con un margen de error m\u00ednimo. La experiencia demuestra que la plantadora guiada por GPS ofrece un rendimiento muy superior al de cualquier otra m\u00e1quina, e incluso al de la plantaci\u00f3n manual.   <\/p>\t\t\t\t\t\t\t\t<\/div>\n\t\t\t\t<\/div>\n\t\t\t\t\t<\/div>\n\t\t\t\t<\/div>\n\t\t<div class=\"elementor-element elementor-element-3e7a477 e-flex e-con-boxed e-con e-parent\" data-id=\"3e7a477\" data-element_type=\"container\" data-e-type=\"container\" data-settings=\"{&quot;_ha_eqh_enable&quot;:false}\">\n\t\t\t\t\t<div class=\"e-con-inner\">\n\t\t\t\t<div class=\"elementor-element elementor-element-46e147f preserve-img-ratio-fill elementor-widget elementor-widget-the7-image-ticker-widget\" data-id=\"46e147f\" data-element_type=\"widget\" data-e-type=\"widget\" data-settings=\"{&quot;ticker_transition_speed&quot;:30}\" data-widget_type=\"the7-image-ticker-widget.default\">\n\t\t\t\t<div class=\"elementor-widget-container\">\n\t\t\t\t\t<div class=\"the7-ticker\"><div class=\"the7-ticker-content\"><div class=\"the7-image-wrapper post-thumbnail-rollover layzr-bg img-css-resize-wrapper\"><img fetchpriority=\"high\" decoding=\"async\" width=\"500\" height=\"375\" src=\"data:image\/svg+xml,%3Csvg%20xmlns%3D&#039;http%3A%2F%2Fwww.w3.org%2F2000%2Fsvg&#039;%20viewBox%3D&#039;0%200%201%201&#039;%2F%3E\" class=\"attachment- size- preload-me aspect lazy lazy-load\" alt=\"\" sizes=\"(max-width: 500px) 100vw, 500px\" data-src=\"https:\/\/clone.vinomatos.com\/wp-content\/uploads\/2025\/06\/Oliva1_1.png\" loading=\"eager\" data-srcset=\"https:\/\/clone.vinomatos.com\/wp-content\/uploads\/2025\/06\/Oliva1_1.png 500w, https:\/\/clone.vinomatos.com\/wp-content\/uploads\/2025\/06\/Oliva1_1-300x225.png 300w\" \/><\/div><div class=\"the7-image-wrapper post-thumbnail-rollover layzr-bg img-css-resize-wrapper\"><img decoding=\"async\" width=\"500\" height=\"375\" src=\"data:image\/svg+xml,%3Csvg%20xmlns%3D&#039;http%3A%2F%2Fwww.w3.org%2F2000%2Fsvg&#039;%20viewBox%3D&#039;0%200%201%201&#039;%2F%3E\" class=\"attachment- size- preload-me aspect lazy lazy-load\" alt=\"\" sizes=\"(max-width: 500px) 100vw, 500px\" data-src=\"https:\/\/clone.vinomatos.com\/wp-content\/uploads\/2025\/06\/Oliva1_3.png\" loading=\"eager\" data-srcset=\"https:\/\/clone.vinomatos.com\/wp-content\/uploads\/2025\/06\/Oliva1_3.png 500w, https:\/\/clone.vinomatos.com\/wp-content\/uploads\/2025\/06\/Oliva1_3-300x225.png 300w\" \/><\/div><div class=\"the7-image-wrapper post-thumbnail-rollover layzr-bg img-css-resize-wrapper\"><img decoding=\"async\" width=\"276\" height=\"182\" src=\"data:image\/svg+xml,%3Csvg%20xmlns%3D&#039;http%3A%2F%2Fwww.w3.org%2F2000%2Fsvg&#039;%20viewBox%3D&#039;0%200%201%201&#039;%2F%3E\" class=\"attachment- size- preload-me aspect lazy lazy-load\" alt=\"\" data-src=\"https:\/\/clone.vinomatos.com\/wp-content\/uploads\/2025\/06\/transferir-12.jpeg\" loading=\"eager\" \/><\/div><\/div><\/div>\t\t\t\t<\/div>\n\t\t\t\t<\/div>\n\t\t\t\t\t<\/div>\n\t\t\t\t<\/div>\n\t\t<div class=\"elementor-element elementor-element-405c248 e-flex e-con-boxed e-con e-parent\" data-id=\"405c248\" data-element_type=\"container\" data-e-type=\"container\" data-settings=\"{&quot;_ha_eqh_enable&quot;:false}\">\n\t\t\t\t\t<div class=\"e-con-inner\">\n\t\t\t\t<div class=\"elementor-element elementor-element-950ffe7 elementor-align-center elementor-widget elementor-widget-button\" data-id=\"950ffe7\" data-element_type=\"widget\" data-e-type=\"widget\" data-widget_type=\"button.default\">\n\t\t\t\t<div class=\"elementor-widget-container\">\n\t\t\t\t\t\t\t\t\t<div class=\"elementor-button-wrapper\">\n\t\t\t\t\t<a class=\"elementor-button elementor-button-link elementor-size-sm\" href=\"#m\u00e3is-infromacoes-olivai\">\n\t\t\t\t\t\t<span class=\"elementor-button-content-wrapper\">\n\t\t\t\t\t\t\t\t\t<span class=\"elementor-button-text\">Solicitar m\u00e1s informaci\u00f3n<\/span>\n\t\t\t\t\t<\/span>\n\t\t\t\t\t<\/a>\n\t\t\t\t<\/div>\n\t\t\t\t\t\t\t\t<\/div>\n\t\t\t\t<\/div>\n\t\t\t\t\t<\/div>\n\t\t\t\t<\/div>\n\t\t<div class=\"elementor-element elementor-element-dc526f9 e-flex e-con-boxed e-con e-parent\" data-id=\"dc526f9\" data-element_type=\"container\" data-e-type=\"container\" data-settings=\"{&quot;_ha_eqh_enable&quot;:false}\">\n\t\t\t\t\t<div class=\"e-con-inner\">\n\t\t\t\t<div class=\"elementor-element elementor-element-a1d9541 elementor-widget elementor-widget-text-editor\" data-id=\"a1d9541\" data-element_type=\"widget\" data-e-type=\"widget\" data-widget_type=\"text-editor.default\">\n\t\t\t\t<div class=\"elementor-widget-container\">\n\t\t\t\t\t\t\t\t\t<p><strong>\u2013 Caracter\u00edsticas generales:<\/strong><\/p><p>La plantadora \u00abOLIVA I\u00bb garantiza una eficiencia inigualable en plantaciones superintensivas, asegurando el \u00e9xito de sus vi\u00f1edos, olivares y diversos tipos de frutales. Vinomatos fue pionera en este tipo de plantaci\u00f3n. Las plantaciones realizadas con nuestra plantadora son mucho m\u00e1s precisas que con cualquier otro m\u00e9todo. Cuanto m\u00e1s precisa y rigurosa sea la plantaci\u00f3n, m\u00e1s f\u00e1cil ser\u00e1 trabajar en esa parcela, lo que se traduce en una mayor rentabilidad.   <\/p>\t\t\t\t\t\t\t\t<\/div>\n\t\t\t\t<\/div>\n\t\t\t\t\t<\/div>\n\t\t\t\t<\/div>\n\t\t<div class=\"elementor-element elementor-element-3b1c3d3 e-flex e-con-boxed e-con e-parent\" data-id=\"3b1c3d3\" data-element_type=\"container\" data-e-type=\"container\" data-settings=\"{&quot;_ha_eqh_enable&quot;:false}\">\n\t\t\t\t\t<div class=\"e-con-inner\">\n\t\t\t\t<div class=\"elementor-element elementor-element-0aca264 elementor-widget-divider--view-line elementor-widget elementor-widget-divider\" data-id=\"0aca264\" data-element_type=\"widget\" data-e-type=\"widget\" data-widget_type=\"divider.default\">\n\t\t\t\t<div class=\"elementor-widget-container\">\n\t\t\t\t\t\t\t<div class=\"elementor-divider\">\n\t\t\t<span class=\"elementor-divider-separator\">\n\t\t\t\t\t\t<\/span>\n\t\t<\/div>\n\t\t\t\t\t\t<\/div>\n\t\t\t\t<\/div>\n\t\t\t\t\t<\/div>\n\t\t\t\t<\/div>\n\t\t<div class=\"elementor-element elementor-element-42c738b e-flex e-con-boxed e-con e-parent\" data-id=\"42c738b\" data-element_type=\"container\" data-e-type=\"container\" data-settings=\"{&quot;_ha_eqh_enable&quot;:false}\">\n\t\t\t\t\t<div class=\"e-con-inner\">\n\t\t\t\t<div class=\"elementor-element elementor-element-bb9d860 elementor-widget elementor-widget-text-editor\" data-id=\"bb9d860\" data-element_type=\"widget\" data-e-type=\"widget\" id=\"m\u00e3is-infromacoes-olivai\" data-widget_type=\"text-editor.default\">\n\t\t\t\t<div class=\"elementor-widget-container\">\n\t\t\t\t\t\t\t\t\t<div class=\"rte\"><div class=\"col-lg-12\"><p><strong>Caracter\u00edsticas t\u00e9cnicas:<\/strong><\/p><p>\u00bfC\u00f3mo funciona nuestra plantadora \u00abOliva I\u00bb? Es una m\u00e1quina vers\u00e1til que planta tutores de 0,60 a 2,60 m en hileras, planta las plantas y las riega simult\u00e1neamente. Est\u00e1 equipada con un sistema de guiado y posicionamiento por sat\u00e9lite, un cargador lateral, una plantadora de tutores con compensaci\u00f3n avanzada y una bomba de riego para quienes desean un riego localizado durante la plantaci\u00f3n.   <\/p><p><strong>Nota: <\/strong>Contamos con d\u00e9cadas de experiencia en la realizaci\u00f3n de trabajos de plantaci\u00f3n y fabricaci\u00f3n de m\u00e1quinas plantadoras.<\/p><\/div><\/div>\t\t\t\t\t\t\t\t<\/div>\n\t\t\t\t<\/div>\n\t\t\t\t\t<\/div>\n\t\t\t\t<\/div>\n\t\t<div class=\"elementor-element elementor-element-c056722 e-grid e-con-full e-con e-child\" data-id=\"c056722\" data-element_type=\"container\" data-e-type=\"container\" data-settings=\"{&quot;_ha_eqh_enable&quot;:false}\">\n\t\t\t\t<div class=\"elementor-element elementor-element-10c3277 elementor-widget__width-initial elementor-align-center elementor-widget elementor-widget-button\" data-id=\"10c3277\" data-element_type=\"widget\" data-e-type=\"widget\" data-widget_type=\"button.default\">\n\t\t\t\t<div class=\"elementor-widget-container\">\n\t\t\t\t\t\t\t\t\t<div class=\"elementor-button-wrapper\">\n\t\t\t\t\t<a class=\"elementor-button elementor-button-link elementor-size-sm\" href=\"\">\n\t\t\t\t\t\t<span class=\"elementor-button-content-wrapper\">\n\t\t\t\t\t\t\t\t\t<span class=\"elementor-button-text\">| Ficha t\u00e9cnica | M\u00e1s informaci\u00f3n<\/span>\n\t\t\t\t\t<\/span>\n\t\t\t\t\t<\/a>\n\t\t\t\t<\/div>\n\t\t\t\t\t\t\t\t<\/div>\n\t\t\t\t<\/div>\n\t\t\t\t<div class=\"elementor-element elementor-element-7455434 elementor-widget__width-initial elementor-align-center elementor-widget elementor-widget-button\" data-id=\"7455434\" data-element_type=\"widget\" data-e-type=\"widget\" data-widget_type=\"button.default\">\n\t\t\t\t<div class=\"elementor-widget-container\">\n\t\t\t\t\t\t\t\t\t<div class=\"elementor-button-wrapper\">\n\t\t\t\t\t<a class=\"elementor-button elementor-button-link elementor-size-sm\" href=\"\">\n\t\t\t\t\t\t<span class=\"elementor-button-content-wrapper\">\n\t\t\t\t\t\t\t\t\t<span class=\"elementor-button-text\">Descubre m\u00e1s productos en nuestra Tienda Online<\/span>\n\t\t\t\t\t<\/span>\n\t\t\t\t\t<\/a>\n\t\t\t\t<\/div>\n\t\t\t\t\t\t\t\t<\/div>\n\t\t\t\t<\/div>\n\t\t\t\t<\/div>\n\t\t<div class=\"elementor-element elementor-element-d97c537 e-flex e-con-boxed e-con e-parent\" data-id=\"d97c537\" data-element_type=\"container\" data-e-type=\"container\" data-settings=\"{&quot;_ha_eqh_enable&quot;:false}\">\n\t\t\t\t\t<div class=\"e-con-inner\">\n\t\t\t\t<div class=\"elementor-element elementor-element-dc619d9 elementor-widget-divider--view-line elementor-widget elementor-widget-divider\" data-id=\"dc619d9\" data-element_type=\"widget\" data-e-type=\"widget\" data-widget_type=\"divider.default\">\n\t\t\t\t<div class=\"elementor-widget-container\">\n\t\t\t\t\t\t\t<div class=\"elementor-divider\">\n\t\t\t<span class=\"elementor-divider-separator\">\n\t\t\t\t\t\t<\/span>\n\t\t<\/div>\n\t\t\t\t\t\t<\/div>\n\t\t\t\t<\/div>\n\t\t\t\t\t<\/div>\n\t\t\t\t<\/div>\n\t\t<div class=\"elementor-element elementor-element-10b3037 e-con-full e-flex e-con e-child\" data-id=\"10b3037\" data-element_type=\"container\" data-e-type=\"container\" data-settings=\"{&quot;_ha_eqh_enable&quot;:false}\">\n\t\t\t\t<div class=\"elementor-element elementor-element-9b2ccff elementor-widget elementor-widget-heading\" data-id=\"9b2ccff\" data-element_type=\"widget\" data-e-type=\"widget\" data-widget_type=\"heading.default\">\n\t\t\t\t<div class=\"elementor-widget-container\">\n\t\t\t\t\t<h2 class=\"elementor-heading-title elementor-size-default\">Solicitar m\u00e1s informaci\u00f3n<\/h2>\t\t\t\t<\/div>\n\t\t\t\t<\/div>\n\t\t\t\t<\/div>\n\t\t<div class=\"elementor-element elementor-element-d07bb4a e-flex e-con-boxed e-con e-parent\" data-id=\"d07bb4a\" data-element_type=\"container\" data-e-type=\"container\" data-settings=\"{&quot;_ha_eqh_enable&quot;:false}\">\n\t\t\t\t\t<div class=\"e-con-inner\">\n\t\t\t\t<div class=\"elementor-element elementor-element-c86eef8 elementor-widget elementor-widget-spacer\" data-id=\"c86eef8\" data-element_type=\"widget\" data-e-type=\"widget\" data-widget_type=\"spacer.default\">\n\t\t\t\t<div class=\"elementor-widget-container\">\n\t\t\t\t\t\t\t<div class=\"elementor-spacer\">\n\t\t\t<div class=\"elementor-spacer-inner\"><\/div>\n\t\t<\/div>\n\t\t\t\t\t\t<\/div>\n\t\t\t\t<\/div>\n\t\t\t\t<div class=\"elementor-element elementor-element-a077270 elementor-widget elementor-widget-html\" data-id=\"a077270\" data-element_type=\"widget\" data-e-type=\"widget\" data-widget_type=\"html.default\">\n\t\t\t\t<div class=\"elementor-widget-container\">\n\t\t\t\t\t<script charset=\"utf-8\" type=\"text\/javascript\" src=\"\/\/js-eu1.hsforms.net\/forms\/embed\/v2.js\"><\/script><script>hbspt.forms.create({\r\n    portalId: \"27059144\",\r\n    formId: \"b4af4282-9ddb-447d-9bf5-08066b9055cf\",\r\n    region: \"eu1\"\r\n  });\r\n<\/script>\t\t\t\t<\/div>\n\t\t\t\t<\/div>\n\t\t\t\t<div class=\"elementor-element elementor-element-d9bb4da elementor-widget elementor-widget-spacer\" data-id=\"d9bb4da\" data-element_type=\"widget\" data-e-type=\"widget\" data-widget_type=\"spacer.default\">\n\t\t\t\t<div class=\"elementor-widget-container\">\n\t\t\t\t\t\t\t<div class=\"elementor-spacer\">\n\t\t\t<div class=\"elementor-spacer-inner\"><\/div>\n\t\t<\/div>\n\t\t\t\t\t\t<\/div>\n\t\t\t\t<\/div>\n\t\t\t\t\t<\/div>\n\t\t\t\t<\/div>\n\t\t\t\t<\/div>\n\t\t","protected":false},"excerpt":{"rendered":"<p>Plantadora \u201cOLIVA I\u201d La plantadora \u00abOLIVA I\u00bb garantiza la fiabilidad y robustez que se espera de una aceituna. Esta versi\u00f3n es la versi\u00f3n est\u00e1ndar de nuestra plantadora. \u00a1Con este sistema, se superan los problemas causados \u200b\u200bpor el crecimiento irregular del cultivo! Con la plantadora \u00abOLIVA I\u00bb de nuestra fabricaci\u00f3n, la planta y su tutor correspondiente&hellip;<\/p>\n","protected":false},"author":1,"featured_media":14472,"parent":0,"menu_order":0,"comment_status":"closed","ping_status":"closed","template":"","meta":{"_monsterinsights_skip_tracking":false,"_monsterinsights_sitenote_active":false,"_monsterinsights_sitenote_note":"","_monsterinsights_sitenote_category":0,"footnotes":""},"class_list":["post-15291","page","type-page","status-publish","has-post-thumbnail","hentry"],"yoast_head":"<!-- This site is optimized with the Yoast SEO plugin v27.2 - https:\/\/yoast.com\/product\/yoast-seo-wordpress\/ -->\n<title>M\u00e1quina &quot;Oliva I&quot; - Vinomatos \u00ae L\u00edder Mundial em Planta\u00e7\u00e3o Mecanizada por GPS<\/title>\n<meta name=\"robots\" content=\"index, follow, max-snippet:-1, max-image-preview:large, max-video-preview:-1\" \/>\n<link rel=\"canonical\" href=\"https:\/\/clone.vinomatos.com\/es\/maquina-para-plantar-aceitunas-i\/\" \/>\n<meta property=\"og:locale\" content=\"es_ES\" \/>\n<meta property=\"og:type\" content=\"article\" \/>\n<meta property=\"og:title\" content=\"M\u00e1quina &quot;Oliva I&quot; - Vinomatos \u00ae L\u00edder Mundial em Planta\u00e7\u00e3o Mecanizada por GPS\" \/>\n<meta property=\"og:description\" content=\"Plantadora \u201cOLIVA I\u201d La plantadora \u00abOLIVA I\u00bb garantiza la fiabilidad y robustez que se espera de una aceituna. Esta versi\u00f3n es la versi\u00f3n est\u00e1ndar de nuestra plantadora. \u00a1Con este sistema, se superan los problemas causados \u200b\u200bpor el crecimiento irregular del cultivo! Con la plantadora \u00abOLIVA I\u00bb de nuestra fabricaci\u00f3n, la planta y su tutor correspondiente&hellip;\" \/>\n<meta property=\"og:url\" content=\"https:\/\/clone.vinomatos.com\/es\/maquina-para-plantar-aceitunas-i\/\" \/>\n<meta property=\"og:site_name\" content=\"Vinomatos \u00ae L\u00edder Mundial em Planta\u00e7\u00e3o Mecanizada por GPS\" \/>\n<meta property=\"article:publisher\" content=\"https:\/\/facebook.com\/vinomatos\" \/>\n<meta property=\"article:modified_time\" content=\"2025-07-15T14:08:36+00:00\" \/>\n<meta property=\"og:image\" content=\"https:\/\/clone.vinomatos.com\/wp-content\/uploads\/2025\/06\/465669807_8990918454304854_7759166626803646179_n.jpg\" \/>\n\t<meta property=\"og:image:width\" content=\"2048\" \/>\n\t<meta property=\"og:image:height\" content=\"1536\" \/>\n\t<meta property=\"og:image:type\" content=\"image\/jpeg\" \/>\n<meta name=\"twitter:card\" content=\"summary_large_image\" \/>\n<meta name=\"twitter:site\" content=\"@vinomatos\" \/>\n<meta name=\"twitter:label1\" content=\"Tiempo de lectura\" \/>\n\t<meta name=\"twitter:data1\" content=\"2 minutos\" \/>\n<script type=\"application\/ld+json\" class=\"yoast-schema-graph\">{\"@context\":\"https:\/\/schema.org\",\"@graph\":[{\"@type\":\"WebPage\",\"@id\":\"https:\/\/clone.vinomatos.com\/es\/maquina-para-plantar-aceitunas-i\/\",\"url\":\"https:\/\/clone.vinomatos.com\/es\/maquina-para-plantar-aceitunas-i\/\",\"name\":\"M\u00e1quina \\\"Oliva I\\\" - Vinomatos \u00ae L\u00edder Mundial em Planta\u00e7\u00e3o Mecanizada por GPS\",\"isPartOf\":{\"@id\":\"https:\/\/clone.vinomatos.com\/es\/#website\"},\"primaryImageOfPage\":{\"@id\":\"https:\/\/clone.vinomatos.com\/es\/maquina-para-plantar-aceitunas-i\/#primaryimage\"},\"image\":{\"@id\":\"https:\/\/clone.vinomatos.com\/es\/maquina-para-plantar-aceitunas-i\/#primaryimage\"},\"thumbnailUrl\":\"https:\/\/clone.vinomatos.com\/wp-content\/uploads\/2025\/06\/465669807_8990918454304854_7759166626803646179_n.jpg\",\"datePublished\":\"2025-06-12T15:38:10+00:00\",\"dateModified\":\"2025-07-15T14:08:36+00:00\",\"breadcrumb\":{\"@id\":\"https:\/\/clone.vinomatos.com\/es\/maquina-para-plantar-aceitunas-i\/#breadcrumb\"},\"inLanguage\":\"es\",\"potentialAction\":[{\"@type\":\"ReadAction\",\"target\":[\"https:\/\/clone.vinomatos.com\/es\/maquina-para-plantar-aceitunas-i\/\"]}]},{\"@type\":\"ImageObject\",\"inLanguage\":\"es\",\"@id\":\"https:\/\/clone.vinomatos.com\/es\/maquina-para-plantar-aceitunas-i\/#primaryimage\",\"url\":\"https:\/\/clone.vinomatos.com\/wp-content\/uploads\/2025\/06\/465669807_8990918454304854_7759166626803646179_n.jpg\",\"contentUrl\":\"https:\/\/clone.vinomatos.com\/wp-content\/uploads\/2025\/06\/465669807_8990918454304854_7759166626803646179_n.jpg\",\"width\":2048,\"height\":1536},{\"@type\":\"BreadcrumbList\",\"@id\":\"https:\/\/clone.vinomatos.com\/es\/maquina-para-plantar-aceitunas-i\/#breadcrumb\",\"itemListElement\":[{\"@type\":\"ListItem\",\"position\":1,\"name\":\"Home\",\"item\":\"https:\/\/clone.vinomatos.com\/es\/comenzar\/\"},{\"@type\":\"ListItem\",\"position\":2,\"name\":\"M\u00e1quina &#8220;Oliva I&#8221;\"}]},{\"@type\":\"WebSite\",\"@id\":\"https:\/\/clone.vinomatos.com\/es\/#website\",\"url\":\"https:\/\/clone.vinomatos.com\/es\/\",\"name\":\"Vinomatos \u00ae L\u00edder Mundial em Planta\u00e7\u00e3o Mecanizada por GPS\",\"description\":\"\",\"publisher\":{\"@id\":\"https:\/\/clone.vinomatos.com\/es\/#organization\"},\"potentialAction\":[{\"@type\":\"SearchAction\",\"target\":{\"@type\":\"EntryPoint\",\"urlTemplate\":\"https:\/\/clone.vinomatos.com\/es\/?s={search_term_string}\"},\"query-input\":{\"@type\":\"PropertyValueSpecification\",\"valueRequired\":true,\"valueName\":\"search_term_string\"}}],\"inLanguage\":\"es\"},{\"@type\":\"Organization\",\"@id\":\"https:\/\/clone.vinomatos.com\/es\/#organization\",\"name\":\"Vinomatos - L\u00edder Mundial em Planta\u00e7\u00e3o Mecanizada por GPS\",\"url\":\"https:\/\/clone.vinomatos.com\/es\/\",\"logo\":{\"@type\":\"ImageObject\",\"inLanguage\":\"es\",\"@id\":\"https:\/\/clone.vinomatos.com\/es\/#\/schema\/logo\/image\/\",\"url\":\"https:\/\/clone.vinomatos.com\/wp-content\/uploads\/2025\/07\/V-Logo.png\",\"contentUrl\":\"https:\/\/clone.vinomatos.com\/wp-content\/uploads\/2025\/07\/V-Logo.png\",\"width\":711,\"height\":247,\"caption\":\"Vinomatos - L\u00edder Mundial em Planta\u00e7\u00e3o Mecanizada por GPS\"},\"image\":{\"@id\":\"https:\/\/clone.vinomatos.com\/es\/#\/schema\/logo\/image\/\"},\"sameAs\":[\"https:\/\/facebook.com\/vinomatos\",\"https:\/\/x.com\/vinomatos\",\"https:\/\/instagram.com\/vinomatos\",\"https:\/\/linkedin.com\/company\/vinomatos\"]}]}<\/script>\n<!-- \/ Yoast SEO plugin. -->","yoast_head_json":{"title":"M\u00e1quina \"Oliva I\" - Vinomatos \u00ae L\u00edder Mundial em Planta\u00e7\u00e3o Mecanizada por GPS","robots":{"index":"index","follow":"follow","max-snippet":"max-snippet:-1","max-image-preview":"max-image-preview:large","max-video-preview":"max-video-preview:-1"},"canonical":"https:\/\/clone.vinomatos.com\/es\/maquina-para-plantar-aceitunas-i\/","og_locale":"es_ES","og_type":"article","og_title":"M\u00e1quina \"Oliva I\" - Vinomatos \u00ae L\u00edder Mundial em Planta\u00e7\u00e3o Mecanizada por GPS","og_description":"Plantadora \u201cOLIVA I\u201d La plantadora \u00abOLIVA I\u00bb garantiza la fiabilidad y robustez que se espera de una aceituna. Esta versi\u00f3n es la versi\u00f3n est\u00e1ndar de nuestra plantadora. \u00a1Con este sistema, se superan los problemas causados \u200b\u200bpor el crecimiento irregular del cultivo! Con la plantadora \u00abOLIVA I\u00bb de nuestra fabricaci\u00f3n, la planta y su tutor correspondiente&hellip;","og_url":"https:\/\/clone.vinomatos.com\/es\/maquina-para-plantar-aceitunas-i\/","og_site_name":"Vinomatos \u00ae L\u00edder Mundial em Planta\u00e7\u00e3o Mecanizada por GPS","article_publisher":"https:\/\/facebook.com\/vinomatos","article_modified_time":"2025-07-15T14:08:36+00:00","og_image":[{"width":2048,"height":1536,"url":"https:\/\/clone.vinomatos.com\/wp-content\/uploads\/2025\/06\/465669807_8990918454304854_7759166626803646179_n.jpg","type":"image\/jpeg"}],"twitter_card":"summary_large_image","twitter_site":"@vinomatos","twitter_misc":{"Tiempo de lectura":"2 minutos"},"schema":{"@context":"https:\/\/schema.org","@graph":[{"@type":"WebPage","@id":"https:\/\/clone.vinomatos.com\/es\/maquina-para-plantar-aceitunas-i\/","url":"https:\/\/clone.vinomatos.com\/es\/maquina-para-plantar-aceitunas-i\/","name":"M\u00e1quina \"Oliva I\" - Vinomatos \u00ae L\u00edder Mundial em Planta\u00e7\u00e3o Mecanizada por GPS","isPartOf":{"@id":"https:\/\/clone.vinomatos.com\/es\/#website"},"primaryImageOfPage":{"@id":"https:\/\/clone.vinomatos.com\/es\/maquina-para-plantar-aceitunas-i\/#primaryimage"},"image":{"@id":"https:\/\/clone.vinomatos.com\/es\/maquina-para-plantar-aceitunas-i\/#primaryimage"},"thumbnailUrl":"https:\/\/clone.vinomatos.com\/wp-content\/uploads\/2025\/06\/465669807_8990918454304854_7759166626803646179_n.jpg","datePublished":"2025-06-12T15:38:10+00:00","dateModified":"2025-07-15T14:08:36+00:00","breadcrumb":{"@id":"https:\/\/clone.vinomatos.com\/es\/maquina-para-plantar-aceitunas-i\/#breadcrumb"},"inLanguage":"es","potentialAction":[{"@type":"ReadAction","target":["https:\/\/clone.vinomatos.com\/es\/maquina-para-plantar-aceitunas-i\/"]}]},{"@type":"ImageObject","inLanguage":"es","@id":"https:\/\/clone.vinomatos.com\/es\/maquina-para-plantar-aceitunas-i\/#primaryimage","url":"https:\/\/clone.vinomatos.com\/wp-content\/uploads\/2025\/06\/465669807_8990918454304854_7759166626803646179_n.jpg","contentUrl":"https:\/\/clone.vinomatos.com\/wp-content\/uploads\/2025\/06\/465669807_8990918454304854_7759166626803646179_n.jpg","width":2048,"height":1536},{"@type":"BreadcrumbList","@id":"https:\/\/clone.vinomatos.com\/es\/maquina-para-plantar-aceitunas-i\/#breadcrumb","itemListElement":[{"@type":"ListItem","position":1,"name":"Home","item":"https:\/\/clone.vinomatos.com\/es\/comenzar\/"},{"@type":"ListItem","position":2,"name":"M\u00e1quina &#8220;Oliva I&#8221;"}]},{"@type":"WebSite","@id":"https:\/\/clone.vinomatos.com\/es\/#website","url":"https:\/\/clone.vinomatos.com\/es\/","name":"Vinomatos \u00ae L\u00edder Mundial em Planta\u00e7\u00e3o Mecanizada por GPS","description":"","publisher":{"@id":"https:\/\/clone.vinomatos.com\/es\/#organization"},"potentialAction":[{"@type":"SearchAction","target":{"@type":"EntryPoint","urlTemplate":"https:\/\/clone.vinomatos.com\/es\/?s={search_term_string}"},"query-input":{"@type":"PropertyValueSpecification","valueRequired":true,"valueName":"search_term_string"}}],"inLanguage":"es"},{"@type":"Organization","@id":"https:\/\/clone.vinomatos.com\/es\/#organization","name":"Vinomatos - L\u00edder Mundial em Planta\u00e7\u00e3o Mecanizada por GPS","url":"https:\/\/clone.vinomatos.com\/es\/","logo":{"@type":"ImageObject","inLanguage":"es","@id":"https:\/\/clone.vinomatos.com\/es\/#\/schema\/logo\/image\/","url":"https:\/\/clone.vinomatos.com\/wp-content\/uploads\/2025\/07\/V-Logo.png","contentUrl":"https:\/\/clone.vinomatos.com\/wp-content\/uploads\/2025\/07\/V-Logo.png","width":711,"height":247,"caption":"Vinomatos - L\u00edder Mundial em Planta\u00e7\u00e3o Mecanizada por GPS"},"image":{"@id":"https:\/\/clone.vinomatos.com\/es\/#\/schema\/logo\/image\/"},"sameAs":["https:\/\/facebook.com\/vinomatos","https:\/\/x.com\/vinomatos","https:\/\/instagram.com\/vinomatos","https:\/\/linkedin.com\/company\/vinomatos"]}]}},"_links":{"self":[{"href":"https:\/\/clone.vinomatos.com\/es\/wp-json\/wp\/v2\/pages\/15291","targetHints":{"allow":["GET"]}}],"collection":[{"href":"https:\/\/clone.vinomatos.com\/es\/wp-json\/wp\/v2\/pages"}],"about":[{"href":"https:\/\/clone.vinomatos.com\/es\/wp-json\/wp\/v2\/types\/page"}],"author":[{"embeddable":true,"href":"https:\/\/clone.vinomatos.com\/es\/wp-json\/wp\/v2\/users\/1"}],"replies":[{"embeddable":true,"href":"https:\/\/clone.vinomatos.com\/es\/wp-json\/wp\/v2\/comments?post=15291"}],"version-history":[{"count":3,"href":"https:\/\/clone.vinomatos.com\/es\/wp-json\/wp\/v2\/pages\/15291\/revisions"}],"predecessor-version":[{"id":18865,"href":"https:\/\/clone.vinomatos.com\/es\/wp-json\/wp\/v2\/pages\/15291\/revisions\/18865"}],"wp:featuredmedia":[{"embeddable":true,"href":"https:\/\/clone.vinomatos.com\/es\/wp-json\/wp\/v2\/media\/14472"}],"wp:attachment":[{"href":"https:\/\/clone.vinomatos.com\/es\/wp-json\/wp\/v2\/media?parent=15291"}],"curies":[{"name":"wp","href":"https:\/\/api.w.org\/{rel}","templated":true}]}}