{"id":14962,"date":"2022-03-13T13:40:25","date_gmt":"2022-03-13T13:40:25","guid":{"rendered":"https:\/\/clone.vinomatos.com\/vinomatos-lda-cookies-policy\/"},"modified":"2025-07-10T10:36:00","modified_gmt":"2025-07-10T10:36:00","slug":"vinomatos-lda-cookies-policy","status":"publish","type":"page","link":"https:\/\/clone.vinomatos.com\/en\/vinomatos-lda-cookies-policy\/","title":{"rendered":"Vinomatos, LDA Cookies Policy"},"content":{"rendered":"\t\t<div data-elementor-type=\"wp-page\" data-elementor-id=\"14962\" class=\"elementor elementor-14962 elementor-5396\" data-elementor-settings=\"{&quot;ha_cmc_init_switcher&quot;:&quot;no&quot;}\" data-elementor-post-type=\"page\">\n\t\t\t\t<div class=\"elementor-element elementor-element-319aa93 e-flex e-con-boxed e-con e-parent\" data-id=\"319aa93\" data-element_type=\"container\" data-e-type=\"container\" data-settings=\"{&quot;_ha_eqh_enable&quot;:false}\">\n\t\t\t\t\t<div class=\"e-con-inner\">\n\t\t\t\t<div class=\"elementor-element elementor-element-841a63b elementor-widget elementor-widget-text-editor\" data-id=\"841a63b\" data-element_type=\"widget\" data-e-type=\"widget\" data-widget_type=\"text-editor.default\">\n\t\t\t\t<div class=\"elementor-widget-container\">\n\t\t\t\t\t\t\t\t\t<p><strong>Vinomatos, LDA Cookies Policy<\/strong><\/p><p><strong>What are cookies?<\/strong><\/p><p>As is common practice with almost all professional websites, this site uses cookies, which are tiny files that are downloaded to your computer, to improve your experience. This page describes what information they gather, how we use it, and why we sometimes need to store these cookies. We will also share how you can prevent these cookies from being stored; however, this may downgrade or &#8216;break&#8217; certain elements of the site&#8217;s functionality.  <\/p><p><strong>How do we use cookies?<\/strong><\/p><p>We use cookies for a variety of reasons, detailed below. Unfortunately, in most cases, there are no industry-standard options for disabling cookies without completely disabling the functionality and features they add to this site. It is recommended that you leave on all cookies if you are not sure whether you need them or not in case they are used to provide a service that you use.  <\/p><p><strong>Disable cookies<\/strong><\/p><p>You can prevent cookies from being set by adjusting your browser settings (see your browser Help for how to do this). Be aware that disabling cookies will affect the functionality of this and many other websites you visit. Disabling cookies will usually result in also disabling certain functionality and features of this site. Therefore, it is recommended that you do not disable cookies.   <\/p><p><strong>Cookies we set<\/strong><\/p><ul><li>Account-related cookies<br><br>If you create an account with us then we will use cookies for the management of the signup process and general administration. These cookies will usually be deleted when you log out however in some cases they may remain afterwards to remember your site preferences when logged out. <br><br><\/li><li>Login related cookies<br><br>We use cookies when you are logged in so that we can remember this fact. This prevents you from having to log in every single time you visit a new page. These cookies are typically removed or cleared when you log out to ensure that you can only access restricted features and areas when logged in.  <br><br><\/li><li>Email Newsletter-Related Cookies<br><br>This site offers newsletter or email subscription services, and cookies may be used to remember if you are already registered and whether to show certain notifications that might only be valid to subscribed\/unsubscribed users.<br><br><\/li><li>Order Processing Related Cookies<br><br>This website offers e-commerce or payment features, and some cookies are essential to ensure that your order is remembered between pages so we can process it properly.<br><br><\/li><li>Research related cookies<br><br>We periodically offer surveys and questionnaires to provide interesting insights, helpful tools, or to better understand our user base. These surveys may use cookies to remember who has already taken part in a survey or to provide accurate results after you change pages. <br><br><\/li><li>Form-Related Cookies<br><br>When you submit data through a form, such as those found on contact pages or comment forms, cookies may be set to remember your user details for future correspondence.<\/li><li>Site preference cookies<br><br>In order to provide you with a great experience on this site, we provide the functionality to set your preferences for how this site runs when you use it. In order to remember your preferences, we need to set cookies so that this information can be called whenever you interact with a page is affected by your preferences. <\/li><\/ul><p><strong>Third-Party Cookies<\/strong><\/p><p>In some special cases, we also use cookies provided by trusted third parties. The following section details which third-party cookies you might encounter through this website. <\/p><ul><li>This site uses Google Analytics which is one of the most widespread and trusted analytics solution on the web for helping us to understand how you use the site and ways that we can improve your experience. These cookies may track things such as how long you spend on the site and the pages that you visit so we can continue to produce engaging content. <\/li><\/ul><p>For more information about Google Analytics cookies, see the official Google Analytics page.<\/p><ul><li>Third party analytics are used to track and measure usage of this site so that we can continue to produce engaging content. These cookies may track things such as how long you spend on the site or the pages you visit which helps us to understand how we can improve the site for you. <\/li><li>We periodically test new features and make subtle changes to the way the site is delivered. When we are still testing new features, these cookies may be used to ensure that you receive a consistent experience while on the site, while we understand which optimizations our users appreciate most. <\/li><li>As we sell products, it&#8217;s important for us to understand statistics about how many of our site&#8217;s visitors actually make a purchase, and as such, this is the kind of data these cookies will track. This is important to you as it means we can make accurate business predictions that allow us to monitor our advertising and product costs to ensure the best possible price. <\/li><li>The Google AdSense service we use to serve advertising uses a DoubleClick cookie to serve more relevant ads across the web and limit the number of times that a given ad is shown to you.<br>For more information about Google AdSense, see the official Google AdSense Privacy FAQs.<\/li><li>We use adverts to offset the costs of running this site and provide funding for further development. The behavioural advertising cookies used by this site are designed to ensure that we provide you with the most relevant adverts where possible by anonymously tracking your interests and presenting similar things that may be of interest. <\/li><li>Several partners advertise on our behalf, and affiliate tracking cookies simply allow us to see if our customers have come to the site through one of our partner sites so that we can credit them appropriately and, where applicable, allow our affiliate partners to provide any incentive they may provide you for making a purchase.<\/li><\/ul><p><strong>User Commitment<\/strong><\/p><p>The user undertakes to make appropriate use of the content and information that Vinomatos, LDA &#8211; World Leaders in Mechanized Planting offers on the website and with an enunciative but not limiting nature:<\/p><ul><li>A) Not to engage in activities that are illegal or contrary to good faith and public order;<\/li><li>B) Do not disseminate content or propaganda of a racist, xenophobic nature, <a href=\"https:\/\/ondeapostar.pt\/\">online betting houses,<\/a> illegal pornography, in support of terrorism or against human rights;<\/li><li>C) Not to cause damage to the physical (hardware) and logical (software) systems of Vinomatos, LDA &#8211; World Leaders in Mechanized Planting, its suppliers or third parties, to introduce or disseminate computer viruses or any other hardware or software systems that are capable of causing the aforementioned damage.<\/li><\/ul><p><strong>More information<\/strong><\/p><p>Hopefully that has clarified things for you and as was previously mentioned if there is something that you aren&#8217;t sure whether you need or not it&#8217;s usually safer to leave cookies enabled in case it does interact with one of the features you use on our site.<\/p><p>This policy is effective as of <strong>January <\/strong><strong>2020<\/strong>.<\/p>\t\t\t\t\t\t\t\t<\/div>\n\t\t\t\t<\/div>\n\t\t\t\t\t<\/div>\n\t\t\t\t<\/div>\n\t\t\t\t<\/div>\n\t\t","protected":false},"excerpt":{"rendered":"<p>Vinomatos, LDA Cookies Policy What are cookies? As is common practice with almost all professional websites, this site uses cookies, which are tiny files that are downloaded to your computer, to improve your experience. This page describes what information they gather, how we use it, and why we sometimes need to store these cookies. We&hellip;<\/p>\n","protected":false},"author":1,"featured_media":14563,"parent":0,"menu_order":990,"comment_status":"closed","ping_status":"closed","template":"","meta":{"_monsterinsights_skip_tracking":false,"_monsterinsights_sitenote_active":false,"_monsterinsights_sitenote_note":"","_monsterinsights_sitenote_category":0,"footnotes":""},"class_list":["post-14962","page","type-page","status-publish","has-post-thumbnail","hentry"],"yoast_head":"<!-- This site is optimized with the Yoast SEO plugin v27.2 - https:\/\/yoast.com\/product\/yoast-seo-wordpress\/ -->\n<title>Vinomatos, LDA Cookies Policy - Vinomatos \u00ae L\u00edder Mundial em Planta\u00e7\u00e3o Mecanizada por GPS<\/title>\n<meta name=\"robots\" content=\"index, follow, max-snippet:-1, max-image-preview:large, max-video-preview:-1\" \/>\n<link rel=\"canonical\" href=\"https:\/\/clone.vinomatos.com\/en\/vinomatos-lda-cookies-policy\/\" \/>\n<meta property=\"og:locale\" content=\"en_US\" \/>\n<meta property=\"og:type\" content=\"article\" \/>\n<meta property=\"og:title\" content=\"Vinomatos, LDA Cookies Policy - Vinomatos \u00ae L\u00edder Mundial em Planta\u00e7\u00e3o Mecanizada por GPS\" \/>\n<meta property=\"og:description\" content=\"Vinomatos, LDA Cookies Policy What are cookies? As is common practice with almost all professional websites, this site uses cookies, which are tiny files that are downloaded to your computer, to improve your experience. This page describes what information they gather, how we use it, and why we sometimes need to store these cookies. We&hellip;\" \/>\n<meta property=\"og:url\" content=\"https:\/\/clone.vinomatos.com\/en\/vinomatos-lda-cookies-policy\/\" \/>\n<meta property=\"og:site_name\" content=\"Vinomatos \u00ae L\u00edder Mundial em Planta\u00e7\u00e3o Mecanizada por GPS\" \/>\n<meta property=\"article:publisher\" content=\"https:\/\/facebook.com\/vinomatos\" \/>\n<meta property=\"article:modified_time\" content=\"2025-07-10T10:36:00+00:00\" \/>\n<meta property=\"og:image\" content=\"https:\/\/clone.vinomatos.com\/wp-content\/uploads\/2025\/06\/campo_portugues_foco_empresa_v2-1024x683.png\" \/>\n\t<meta property=\"og:image:width\" content=\"1024\" \/>\n\t<meta property=\"og:image:height\" content=\"683\" \/>\n\t<meta property=\"og:image:type\" content=\"image\/png\" \/>\n<meta name=\"twitter:card\" content=\"summary_large_image\" \/>\n<meta name=\"twitter:site\" content=\"@vinomatos\" \/>\n<meta name=\"twitter:label1\" content=\"Est. reading time\" \/>\n\t<meta name=\"twitter:data1\" content=\"6 minutes\" \/>\n<script type=\"application\/ld+json\" class=\"yoast-schema-graph\">{\"@context\":\"https:\/\/schema.org\",\"@graph\":[{\"@type\":\"WebPage\",\"@id\":\"https:\/\/clone.vinomatos.com\/en\/vinomatos-lda-cookies-policy\/\",\"url\":\"https:\/\/clone.vinomatos.com\/en\/vinomatos-lda-cookies-policy\/\",\"name\":\"Vinomatos, LDA Cookies Policy - Vinomatos \u00ae L\u00edder Mundial em Planta\u00e7\u00e3o Mecanizada por GPS\",\"isPartOf\":{\"@id\":\"https:\/\/clone.vinomatos.com\/en\/#website\"},\"primaryImageOfPage\":{\"@id\":\"https:\/\/clone.vinomatos.com\/en\/vinomatos-lda-cookies-policy\/#primaryimage\"},\"image\":{\"@id\":\"https:\/\/clone.vinomatos.com\/en\/vinomatos-lda-cookies-policy\/#primaryimage\"},\"thumbnailUrl\":\"https:\/\/clone.vinomatos.com\/wp-content\/uploads\/2025\/06\/campo_portugues_foco_empresa_v2.png\",\"datePublished\":\"2022-03-13T13:40:25+00:00\",\"dateModified\":\"2025-07-10T10:36:00+00:00\",\"breadcrumb\":{\"@id\":\"https:\/\/clone.vinomatos.com\/en\/vinomatos-lda-cookies-policy\/#breadcrumb\"},\"inLanguage\":\"en-US\",\"potentialAction\":[{\"@type\":\"ReadAction\",\"target\":[\"https:\/\/clone.vinomatos.com\/en\/vinomatos-lda-cookies-policy\/\"]}]},{\"@type\":\"ImageObject\",\"inLanguage\":\"en-US\",\"@id\":\"https:\/\/clone.vinomatos.com\/en\/vinomatos-lda-cookies-policy\/#primaryimage\",\"url\":\"https:\/\/clone.vinomatos.com\/wp-content\/uploads\/2025\/06\/campo_portugues_foco_empresa_v2.png\",\"contentUrl\":\"https:\/\/clone.vinomatos.com\/wp-content\/uploads\/2025\/06\/campo_portugues_foco_empresa_v2.png\",\"width\":1536,\"height\":1024},{\"@type\":\"BreadcrumbList\",\"@id\":\"https:\/\/clone.vinomatos.com\/en\/vinomatos-lda-cookies-policy\/#breadcrumb\",\"itemListElement\":[{\"@type\":\"ListItem\",\"position\":1,\"name\":\"Home\",\"item\":\"https:\/\/clone.vinomatos.com\/en\/beginning\/\"},{\"@type\":\"ListItem\",\"position\":2,\"name\":\"Vinomatos, LDA Cookies Policy\"}]},{\"@type\":\"WebSite\",\"@id\":\"https:\/\/clone.vinomatos.com\/en\/#website\",\"url\":\"https:\/\/clone.vinomatos.com\/en\/\",\"name\":\"Vinomatos \u00ae L\u00edder Mundial em Planta\u00e7\u00e3o Mecanizada por GPS\",\"description\":\"\",\"publisher\":{\"@id\":\"https:\/\/clone.vinomatos.com\/en\/#organization\"},\"potentialAction\":[{\"@type\":\"SearchAction\",\"target\":{\"@type\":\"EntryPoint\",\"urlTemplate\":\"https:\/\/clone.vinomatos.com\/en\/?s={search_term_string}\"},\"query-input\":{\"@type\":\"PropertyValueSpecification\",\"valueRequired\":true,\"valueName\":\"search_term_string\"}}],\"inLanguage\":\"en-US\"},{\"@type\":\"Organization\",\"@id\":\"https:\/\/clone.vinomatos.com\/en\/#organization\",\"name\":\"Vinomatos - L\u00edder Mundial em Planta\u00e7\u00e3o Mecanizada por GPS\",\"url\":\"https:\/\/clone.vinomatos.com\/en\/\",\"logo\":{\"@type\":\"ImageObject\",\"inLanguage\":\"en-US\",\"@id\":\"https:\/\/clone.vinomatos.com\/en\/#\/schema\/logo\/image\/\",\"url\":\"https:\/\/clone.vinomatos.com\/wp-content\/uploads\/2025\/07\/V-Logo.png\",\"contentUrl\":\"https:\/\/clone.vinomatos.com\/wp-content\/uploads\/2025\/07\/V-Logo.png\",\"width\":711,\"height\":247,\"caption\":\"Vinomatos - L\u00edder Mundial em Planta\u00e7\u00e3o Mecanizada por GPS\"},\"image\":{\"@id\":\"https:\/\/clone.vinomatos.com\/en\/#\/schema\/logo\/image\/\"},\"sameAs\":[\"https:\/\/facebook.com\/vinomatos\",\"https:\/\/x.com\/vinomatos\",\"https:\/\/instagram.com\/vinomatos\",\"https:\/\/linkedin.com\/company\/vinomatos\"]}]}<\/script>\n<!-- \/ Yoast SEO plugin. -->","yoast_head_json":{"title":"Vinomatos, LDA Cookies Policy - Vinomatos \u00ae L\u00edder Mundial em Planta\u00e7\u00e3o Mecanizada por GPS","robots":{"index":"index","follow":"follow","max-snippet":"max-snippet:-1","max-image-preview":"max-image-preview:large","max-video-preview":"max-video-preview:-1"},"canonical":"https:\/\/clone.vinomatos.com\/en\/vinomatos-lda-cookies-policy\/","og_locale":"en_US","og_type":"article","og_title":"Vinomatos, LDA Cookies Policy - Vinomatos \u00ae L\u00edder Mundial em Planta\u00e7\u00e3o Mecanizada por GPS","og_description":"Vinomatos, LDA Cookies Policy What are cookies? As is common practice with almost all professional websites, this site uses cookies, which are tiny files that are downloaded to your computer, to improve your experience. This page describes what information they gather, how we use it, and why we sometimes need to store these cookies. We&hellip;","og_url":"https:\/\/clone.vinomatos.com\/en\/vinomatos-lda-cookies-policy\/","og_site_name":"Vinomatos \u00ae L\u00edder Mundial em Planta\u00e7\u00e3o Mecanizada por GPS","article_publisher":"https:\/\/facebook.com\/vinomatos","article_modified_time":"2025-07-10T10:36:00+00:00","og_image":[{"width":1024,"height":683,"url":"https:\/\/clone.vinomatos.com\/wp-content\/uploads\/2025\/06\/campo_portugues_foco_empresa_v2-1024x683.png","type":"image\/png"}],"twitter_card":"summary_large_image","twitter_site":"@vinomatos","twitter_misc":{"Est. reading time":"6 minutes"},"schema":{"@context":"https:\/\/schema.org","@graph":[{"@type":"WebPage","@id":"https:\/\/clone.vinomatos.com\/en\/vinomatos-lda-cookies-policy\/","url":"https:\/\/clone.vinomatos.com\/en\/vinomatos-lda-cookies-policy\/","name":"Vinomatos, LDA Cookies Policy - Vinomatos \u00ae L\u00edder Mundial em Planta\u00e7\u00e3o Mecanizada por GPS","isPartOf":{"@id":"https:\/\/clone.vinomatos.com\/en\/#website"},"primaryImageOfPage":{"@id":"https:\/\/clone.vinomatos.com\/en\/vinomatos-lda-cookies-policy\/#primaryimage"},"image":{"@id":"https:\/\/clone.vinomatos.com\/en\/vinomatos-lda-cookies-policy\/#primaryimage"},"thumbnailUrl":"https:\/\/clone.vinomatos.com\/wp-content\/uploads\/2025\/06\/campo_portugues_foco_empresa_v2.png","datePublished":"2022-03-13T13:40:25+00:00","dateModified":"2025-07-10T10:36:00+00:00","breadcrumb":{"@id":"https:\/\/clone.vinomatos.com\/en\/vinomatos-lda-cookies-policy\/#breadcrumb"},"inLanguage":"en-US","potentialAction":[{"@type":"ReadAction","target":["https:\/\/clone.vinomatos.com\/en\/vinomatos-lda-cookies-policy\/"]}]},{"@type":"ImageObject","inLanguage":"en-US","@id":"https:\/\/clone.vinomatos.com\/en\/vinomatos-lda-cookies-policy\/#primaryimage","url":"https:\/\/clone.vinomatos.com\/wp-content\/uploads\/2025\/06\/campo_portugues_foco_empresa_v2.png","contentUrl":"https:\/\/clone.vinomatos.com\/wp-content\/uploads\/2025\/06\/campo_portugues_foco_empresa_v2.png","width":1536,"height":1024},{"@type":"BreadcrumbList","@id":"https:\/\/clone.vinomatos.com\/en\/vinomatos-lda-cookies-policy\/#breadcrumb","itemListElement":[{"@type":"ListItem","position":1,"name":"Home","item":"https:\/\/clone.vinomatos.com\/en\/beginning\/"},{"@type":"ListItem","position":2,"name":"Vinomatos, LDA Cookies Policy"}]},{"@type":"WebSite","@id":"https:\/\/clone.vinomatos.com\/en\/#website","url":"https:\/\/clone.vinomatos.com\/en\/","name":"Vinomatos \u00ae L\u00edder Mundial em Planta\u00e7\u00e3o Mecanizada por GPS","description":"","publisher":{"@id":"https:\/\/clone.vinomatos.com\/en\/#organization"},"potentialAction":[{"@type":"SearchAction","target":{"@type":"EntryPoint","urlTemplate":"https:\/\/clone.vinomatos.com\/en\/?s={search_term_string}"},"query-input":{"@type":"PropertyValueSpecification","valueRequired":true,"valueName":"search_term_string"}}],"inLanguage":"en-US"},{"@type":"Organization","@id":"https:\/\/clone.vinomatos.com\/en\/#organization","name":"Vinomatos - L\u00edder Mundial em Planta\u00e7\u00e3o Mecanizada por GPS","url":"https:\/\/clone.vinomatos.com\/en\/","logo":{"@type":"ImageObject","inLanguage":"en-US","@id":"https:\/\/clone.vinomatos.com\/en\/#\/schema\/logo\/image\/","url":"https:\/\/clone.vinomatos.com\/wp-content\/uploads\/2025\/07\/V-Logo.png","contentUrl":"https:\/\/clone.vinomatos.com\/wp-content\/uploads\/2025\/07\/V-Logo.png","width":711,"height":247,"caption":"Vinomatos - L\u00edder Mundial em Planta\u00e7\u00e3o Mecanizada por GPS"},"image":{"@id":"https:\/\/clone.vinomatos.com\/en\/#\/schema\/logo\/image\/"},"sameAs":["https:\/\/facebook.com\/vinomatos","https:\/\/x.com\/vinomatos","https:\/\/instagram.com\/vinomatos","https:\/\/linkedin.com\/company\/vinomatos"]}]}},"_links":{"self":[{"href":"https:\/\/clone.vinomatos.com\/en\/wp-json\/wp\/v2\/pages\/14962","targetHints":{"allow":["GET"]}}],"collection":[{"href":"https:\/\/clone.vinomatos.com\/en\/wp-json\/wp\/v2\/pages"}],"about":[{"href":"https:\/\/clone.vinomatos.com\/en\/wp-json\/wp\/v2\/types\/page"}],"author":[{"embeddable":true,"href":"https:\/\/clone.vinomatos.com\/en\/wp-json\/wp\/v2\/users\/1"}],"replies":[{"embeddable":true,"href":"https:\/\/clone.vinomatos.com\/en\/wp-json\/wp\/v2\/comments?post=14962"}],"version-history":[{"count":1,"href":"https:\/\/clone.vinomatos.com\/en\/wp-json\/wp\/v2\/pages\/14962\/revisions"}],"predecessor-version":[{"id":14963,"href":"https:\/\/clone.vinomatos.com\/en\/wp-json\/wp\/v2\/pages\/14962\/revisions\/14963"}],"wp:featuredmedia":[{"embeddable":true,"href":"https:\/\/clone.vinomatos.com\/en\/wp-json\/wp\/v2\/media\/14563"}],"wp:attachment":[{"href":"https:\/\/clone.vinomatos.com\/en\/wp-json\/wp\/v2\/media?parent=14962"}],"curies":[{"name":"wp","href":"https:\/\/api.w.org\/{rel}","templated":true}]}}