{"id":14863,"date":"2025-06-16T13:57:59","date_gmt":"2025-06-16T13:57:59","guid":{"rendered":"https:\/\/clone.vinomatos.com\/digital-catalogs\/"},"modified":"2025-07-24T15:31:37","modified_gmt":"2025-07-24T15:31:37","slug":"digital-catalogs","status":"publish","type":"page","link":"https:\/\/clone.vinomatos.com\/en\/digital-catalogs\/","title":{"rendered":"Digital Catalogs"},"content":{"rendered":"\t\t<div data-elementor-type=\"wp-page\" data-elementor-id=\"14863\" class=\"elementor elementor-14863 elementor-11488\" data-elementor-settings=\"{&quot;ha_cmc_init_switcher&quot;:&quot;no&quot;}\" data-elementor-post-type=\"page\">\n\t\t\t\t<div class=\"elementor-element elementor-element-e8a488d e-flex e-con-boxed e-con e-parent\" data-id=\"e8a488d\" data-element_type=\"container\" data-e-type=\"container\" data-settings=\"{&quot;_ha_eqh_enable&quot;:false}\">\n\t\t\t\t\t<div class=\"e-con-inner\">\n\t\t\t\t<div class=\"elementor-element elementor-element-b810cad elementor-widget elementor-widget-text-editor\" data-id=\"b810cad\" data-element_type=\"widget\" data-e-type=\"widget\" data-widget_type=\"text-editor.default\">\n\t\t\t\t<div class=\"elementor-widget-container\">\n\t\t\t\t\t\t\t\t\t<p>Click to view the catalog<\/p>\t\t\t\t\t\t\t\t<\/div>\n\t\t\t\t<\/div>\n\t\t\t\t\t<\/div>\n\t\t\t\t<\/div>\n\t\t<div class=\"elementor-element elementor-element-9ec06ce e-flex e-con-boxed e-con e-parent\" data-id=\"9ec06ce\" data-element_type=\"container\" data-e-type=\"container\" data-settings=\"{&quot;_ha_eqh_enable&quot;:false}\">\n\t\t\t\t\t<div class=\"e-con-inner\">\n\t\t\t\t<div class=\"elementor-element elementor-element-a86b4b4 elementor-widget elementor-widget-spacer\" data-id=\"a86b4b4\" data-element_type=\"widget\" data-e-type=\"widget\" data-widget_type=\"spacer.default\">\n\t\t\t\t<div class=\"elementor-widget-container\">\n\t\t\t\t\t\t\t<div class=\"elementor-spacer\">\n\t\t\t<div class=\"elementor-spacer-inner\"><\/div>\n\t\t<\/div>\n\t\t\t\t\t\t<\/div>\n\t\t\t\t<\/div>\n\t\t\t\t<div class=\"elementor-element elementor-element-dca7c87 elementor-widget elementor-widget-text-editor\" data-id=\"dca7c87\" data-element_type=\"widget\" data-e-type=\"widget\" data-widget_type=\"text-editor.default\">\n\t\t\t\t<div class=\"elementor-widget-container\">\n\t\t\t\t\t\t\t\t\t<p>Lorem ipsum dolor sit amet, consectetur adipiscing elit. Ut elit tellus, luctus nec ullamcorper mattis, pulvinar dapibus leo.<\/p>\t\t\t\t\t\t\t\t<\/div>\n\t\t\t\t<\/div>\n\t\t\t\t\t<\/div>\n\t\t\t\t<\/div>\n\t\t<div class=\"elementor-element elementor-element-97e4d9c e-grid e-con-boxed e-con e-parent\" data-id=\"97e4d9c\" data-element_type=\"container\" data-e-type=\"container\" data-settings=\"{&quot;_ha_eqh_enable&quot;:false}\">\n\t\t\t\t\t<div class=\"e-con-inner\">\n\t\t\t\t<div class=\"elementor-element elementor-element-c9aec9d elementor-widget elementor-widget-ha-pdf-view happy-addon ha-pdf-view\" data-id=\"c9aec9d\" data-element_type=\"widget\" data-e-type=\"widget\" data-widget_type=\"ha-pdf-view.default\">\n\t\t\t\t<div class=\"elementor-widget-container\">\n\t\t\t\t\t        <div class=\"pdf_viewer_container\">\n            <div class=\"pdf_viewer_options viewer-c9aec9d\" data-pdf-settings=\"{&quot;unique_id&quot;:&quot;viewer-c9aec9d&quot;,&quot;pdf_url&quot;:&quot;https:\\\/\\\/www.vinomatos.com\\\/catalogos\\\/1-apresentacao-vinomatos-2025.pdf&quot;,&quot;file_type&quot;:&quot;url&quot;,&quot;page_number&quot;:&quot;1&quot;,&quot;width&quot;:&quot;100%&quot;,&quot;height&quot;:&quot;600px&quot;}\">\n\t\t\t\t<span class=\"ha-title-flex\">\n\t\t\t\t\t<span class=\"pdf-icon\">\n\t\t\t\t\t\t<i aria-hidden=\"true\" class=\"fas fa-file-pdf\"><\/i>\t\t\t\t\t<\/span>\n\t\t\t\t\t<h2 class=\"ha-pdf-title\">Vinomatos 2025 Presentation<\/h2>\t\t\t\t<\/span>\n\t\t\t\t                <div class=\"pdf-button\">\n                <a href=\"https:\/\/www.vinomatos.com\/catalogos\/1-apresentacao-vinomatos-2025.pdf\" class=\"ha-btn\" download title=\"Vinomatos 2025 Presentation\">Download<\/a>                <\/div>\n            <\/div>\n\n\t\t\t<div>\n\t\t\t\t<div id=\"viewer-c9aec9d\"><\/div>\n\t\t\t<\/div>\n\n        <\/div>\n        \t\t\t\t<\/div>\n\t\t\t\t<\/div>\n\t\t\t\t<div class=\"elementor-element elementor-element-d9424fb elementor-widget elementor-widget-ha-pdf-view happy-addon ha-pdf-view\" data-id=\"d9424fb\" data-element_type=\"widget\" data-e-type=\"widget\" data-widget_type=\"ha-pdf-view.default\">\n\t\t\t\t<div class=\"elementor-widget-container\">\n\t\t\t\t\t        <div class=\"pdf_viewer_container\">\n            <div class=\"pdf_viewer_options viewer-d9424fb\" data-pdf-settings=\"{&quot;unique_id&quot;:&quot;viewer-d9424fb&quot;,&quot;pdf_url&quot;:&quot;https:\\\/\\\/www.vinomatos.com\\\/catalogos\\\/2-apresentacao-revolution-2025.pdf&quot;,&quot;file_type&quot;:&quot;url&quot;,&quot;page_number&quot;:&quot;1&quot;,&quot;width&quot;:&quot;100%&quot;,&quot;height&quot;:&quot;600px&quot;}\">\n\t\t\t\t<span class=\"ha-title-flex\">\n\t\t\t\t\t<span class=\"pdf-icon\">\n\t\t\t\t\t\t<i aria-hidden=\"true\" class=\"fas fa-file-pdf\"><\/i>\t\t\t\t\t<\/span>\n\t\t\t\t\t<h2 class=\"ha-pdf-title\">Machine Revolution Presentation<\/h2>\t\t\t\t<\/span>\n\t\t\t\t                <div class=\"pdf-button\">\n                <a href=\"https:\/\/www.vinomatos.com\/catalogos\/2-apresentacao-revolution-2025.pdf\" class=\"ha-btn\" download title=\"Machine Revolution Presentation\">Download<\/a>                <\/div>\n            <\/div>\n\n\t\t\t<div>\n\t\t\t\t<div id=\"viewer-d9424fb\"><\/div>\n\t\t\t<\/div>\n\n        <\/div>\n        \t\t\t\t<\/div>\n\t\t\t\t<\/div>\n\t\t\t\t<div class=\"elementor-element elementor-element-c5b5f68 elementor-widget elementor-widget-ha-pdf-view happy-addon ha-pdf-view\" data-id=\"c5b5f68\" data-element_type=\"widget\" data-e-type=\"widget\" data-widget_type=\"ha-pdf-view.default\">\n\t\t\t\t<div class=\"elementor-widget-container\">\n\t\t\t\t\t        <div class=\"pdf_viewer_container\">\n            <div class=\"pdf_viewer_options viewer-c5b5f68\" data-pdf-settings=\"{&quot;unique_id&quot;:&quot;viewer-c5b5f68&quot;,&quot;pdf_url&quot;:&quot;https:\\\/\\\/www.vinomatos.com\\\/catalogos\\\/3-catalogo-vinomatos-2025.pdf&quot;,&quot;file_type&quot;:&quot;url&quot;,&quot;page_number&quot;:&quot;1&quot;,&quot;width&quot;:&quot;100%&quot;,&quot;height&quot;:&quot;600px&quot;}\">\n\t\t\t\t<span class=\"ha-title-flex\">\n\t\t\t\t\t<span class=\"pdf-icon\">\n\t\t\t\t\t\t<i aria-hidden=\"true\" class=\"fas fa-file-pdf\"><\/i>\t\t\t\t\t<\/span>\n\t\t\t\t\t<h2 class=\"ha-pdf-title\">Vinomatos Catalog 2025<\/h2>\t\t\t\t<\/span>\n\t\t\t\t                <div class=\"pdf-button\">\n                <a href=\"https:\/\/www.vinomatos.com\/catalogos\/3-catalogo-vinomatos-2025.pdf\" class=\"ha-btn\" download title=\"Vinomatos Catalog 2025\">Download<\/a>                <\/div>\n            <\/div>\n\n\t\t\t<div>\n\t\t\t\t<div id=\"viewer-c5b5f68\"><\/div>\n\t\t\t<\/div>\n\n        <\/div>\n        \t\t\t\t<\/div>\n\t\t\t\t<\/div>\n\t\t\t\t\t<\/div>\n\t\t\t\t<\/div>\n\t\t<div class=\"elementor-element elementor-element-3cad3f5 e-flex e-con-boxed e-con e-parent\" data-id=\"3cad3f5\" data-element_type=\"container\" data-e-type=\"container\" data-settings=\"{&quot;_ha_eqh_enable&quot;:false}\">\n\t\t\t\t\t<div class=\"e-con-inner\">\n\t\t\t\t<div class=\"elementor-element elementor-element-cc1f7ae elementor-widget elementor-widget-spacer\" data-id=\"cc1f7ae\" data-element_type=\"widget\" data-e-type=\"widget\" data-widget_type=\"spacer.default\">\n\t\t\t\t<div class=\"elementor-widget-container\">\n\t\t\t\t\t\t\t<div class=\"elementor-spacer\">\n\t\t\t<div class=\"elementor-spacer-inner\"><\/div>\n\t\t<\/div>\n\t\t\t\t\t\t<\/div>\n\t\t\t\t<\/div>\n\t\t\t\t<div class=\"elementor-element elementor-element-a2be47f elementor-widget-divider--view-line elementor-widget elementor-widget-divider\" data-id=\"a2be47f\" data-element_type=\"widget\" data-e-type=\"widget\" data-widget_type=\"divider.default\">\n\t\t\t\t<div class=\"elementor-widget-container\">\n\t\t\t\t\t\t\t<div class=\"elementor-divider\">\n\t\t\t<span class=\"elementor-divider-separator\">\n\t\t\t\t\t\t<\/span>\n\t\t<\/div>\n\t\t\t\t\t\t<\/div>\n\t\t\t\t<\/div>\n\t\t\t\t<div class=\"elementor-element elementor-element-4dcd7c6 elementor-widget elementor-widget-spacer\" data-id=\"4dcd7c6\" data-element_type=\"widget\" data-e-type=\"widget\" data-widget_type=\"spacer.default\">\n\t\t\t\t<div class=\"elementor-widget-container\">\n\t\t\t\t\t\t\t<div class=\"elementor-spacer\">\n\t\t\t<div class=\"elementor-spacer-inner\"><\/div>\n\t\t<\/div>\n\t\t\t\t\t\t<\/div>\n\t\t\t\t<\/div>\n\t\t\t\t\t<\/div>\n\t\t\t\t<\/div>\n\t\t<div class=\"elementor-element elementor-element-743a301 e-grid e-con-boxed e-con e-parent\" data-id=\"743a301\" data-element_type=\"container\" data-e-type=\"container\" data-settings=\"{&quot;_ha_eqh_enable&quot;:false}\">\n\t\t\t\t\t<div class=\"e-con-inner\">\n\t\t\t\t<div class=\"elementor-element elementor-element-2fb6f26 elementor-widget elementor-widget-ha-pdf-view happy-addon ha-pdf-view\" data-id=\"2fb6f26\" data-element_type=\"widget\" data-e-type=\"widget\" data-widget_type=\"ha-pdf-view.default\">\n\t\t\t\t<div class=\"elementor-widget-container\">\n\t\t\t\t\t        <div class=\"pdf_viewer_container\">\n            <div class=\"pdf_viewer_options viewer-2fb6f26\" data-pdf-settings=\"{&quot;unique_id&quot;:&quot;viewer-2fb6f26&quot;,&quot;pdf_url&quot;:&quot;https:\\\/\\\/www.vinomatos.com\\\/catalogos\\\/5-flyer-maquina-revolution-2025.pdf&quot;,&quot;file_type&quot;:&quot;url&quot;,&quot;page_number&quot;:&quot;1&quot;,&quot;width&quot;:&quot;100%&quot;,&quot;height&quot;:&quot;600px&quot;}\">\n\t\t\t\t<span class=\"ha-title-flex\">\n\t\t\t\t\t<span class=\"pdf-icon\">\n\t\t\t\t\t\t<i aria-hidden=\"true\" class=\"fas fa-file-pdf\"><\/i>\t\t\t\t\t<\/span>\n\t\t\t\t\t<h2 class=\"ha-pdf-title\">R\u00e9volution Machine - Flyer 2025 -<\/h2>\t\t\t\t<\/span>\n\t\t\t\t                <div class=\"pdf-button\">\n                <a href=\"https:\/\/www.vinomatos.com\/catalogos\/5-flyer-maquina-revolution-2025.pdf\" class=\"ha-btn\" download title=\"R\u00e9volution Machine - Flyer 2025 -\">Download<\/a>                <\/div>\n            <\/div>\n\n\t\t\t<div>\n\t\t\t\t<div id=\"viewer-2fb6f26\"><\/div>\n\t\t\t<\/div>\n\n        <\/div>\n        \t\t\t\t<\/div>\n\t\t\t\t<\/div>\n\t\t\t\t<div class=\"elementor-element elementor-element-d1b586e elementor-widget elementor-widget-ha-pdf-view happy-addon ha-pdf-view\" data-id=\"d1b586e\" data-element_type=\"widget\" data-e-type=\"widget\" data-widget_type=\"ha-pdf-view.default\">\n\t\t\t\t<div class=\"elementor-widget-container\">\n\t\t\t\t\t        <div class=\"pdf_viewer_container\">\n            <div class=\"pdf_viewer_options viewer-d1b586e\" data-pdf-settings=\"{&quot;unique_id&quot;:&quot;viewer-d1b586e&quot;,&quot;pdf_url&quot;:&quot;https:\\\/\\\/www.vinomatos.com\\\/catalogos\\\/4-catalogo-postes-metalicos-2025.pdf&quot;,&quot;file_type&quot;:&quot;url&quot;,&quot;page_number&quot;:&quot;1&quot;,&quot;width&quot;:&quot;100%&quot;,&quot;height&quot;:&quot;600px&quot;}\">\n\t\t\t\t<span class=\"ha-title-flex\">\n\t\t\t\t\t<span class=\"pdf-icon\">\n\t\t\t\t\t\t<i aria-hidden=\"true\" class=\"fas fa-file-pdf\"><\/i>\t\t\t\t\t<\/span>\n\t\t\t\t\t<h2 class=\"ha-pdf-title\">Metal Poles Catalog 2025<\/h2>\t\t\t\t<\/span>\n\t\t\t\t                <div class=\"pdf-button\">\n                <a href=\"https:\/\/www.vinomatos.com\/catalogos\/4-catalogo-postes-metalicos-2025.pdf\" class=\"ha-btn\" download title=\"Metal Poles Catalog 2025\">Download<\/a>                <\/div>\n            <\/div>\n\n\t\t\t<div>\n\t\t\t\t<div id=\"viewer-d1b586e\"><\/div>\n\t\t\t<\/div>\n\n        <\/div>\n        \t\t\t\t<\/div>\n\t\t\t\t<\/div>\n\t\t\t\t<div class=\"elementor-element elementor-element-cbcd7cc elementor-widget elementor-widget-ha-pdf-view happy-addon ha-pdf-view\" data-id=\"cbcd7cc\" data-element_type=\"widget\" data-e-type=\"widget\" data-widget_type=\"ha-pdf-view.default\">\n\t\t\t\t<div class=\"elementor-widget-container\">\n\t\t\t\t\t        <div class=\"pdf_viewer_container\">\n            <div class=\"pdf_viewer_options viewer-cbcd7cc\" data-pdf-settings=\"{&quot;unique_id&quot;:&quot;viewer-cbcd7cc&quot;,&quot;pdf_url&quot;:&quot;https:\\\/\\\/www.vinomatos.com\\\/catalogos\\\/6-plantacao-mecanizada-oliva-revolution.pdf&quot;,&quot;file_type&quot;:&quot;url&quot;,&quot;page_number&quot;:&quot;1&quot;,&quot;width&quot;:&quot;100%&quot;,&quot;height&quot;:&quot;600px&quot;}\">\n\t\t\t\t<span class=\"ha-title-flex\">\n\t\t\t\t\t<span class=\"pdf-icon\">\n\t\t\t\t\t\t<i aria-hidden=\"true\" class=\"fas fa-file-pdf\"><\/i>\t\t\t\t\t<\/span>\n\t\t\t\t\t<h2 class=\"ha-pdf-title\">Mechanized Planting<\/h2>\t\t\t\t<\/span>\n\t\t\t\t                <div class=\"pdf-button\">\n                <a href=\"https:\/\/www.vinomatos.com\/catalogos\/6-plantacao-mecanizada-oliva-revolution.pdf\" class=\"ha-btn\" download title=\"Mechanized Planting\">Download<\/a>                <\/div>\n            <\/div>\n\n\t\t\t<div>\n\t\t\t\t<div id=\"viewer-cbcd7cc\"><\/div>\n\t\t\t<\/div>\n\n        <\/div>\n        \t\t\t\t<\/div>\n\t\t\t\t<\/div>\n\t\t\t\t\t<\/div>\n\t\t\t\t<\/div>\n\t\t\t\t<\/div>\n\t\t","protected":false},"excerpt":{"rendered":"<p>Click to view the catalog Lorem ipsum dolor sit amet, consectetur adipiscing elit. Ut elit tellus, luctus nec ullamcorper mattis, pulvinar dapibus leo. Vinomatos 2025 Presentation Download Machine Revolution Presentation Download Vinomatos Catalog 2025 Download R\u00e9volution Machine &#8211; Flyer 2025 &#8211; Download Metal Poles Catalog 2025 Download Mechanized Planting Download<\/p>\n","protected":false},"author":1,"featured_media":20865,"parent":0,"menu_order":0,"comment_status":"closed","ping_status":"closed","template":"","meta":{"_monsterinsights_skip_tracking":false,"_monsterinsights_sitenote_active":false,"_monsterinsights_sitenote_note":"","_monsterinsights_sitenote_category":0,"footnotes":""},"class_list":["post-14863","page","type-page","status-publish","has-post-thumbnail","hentry"],"yoast_head":"<!-- This site is optimized with the Yoast SEO plugin v27.2 - https:\/\/yoast.com\/product\/yoast-seo-wordpress\/ -->\n<title>Digital Catalogs - Vinomatos \u00ae L\u00edder Mundial em Planta\u00e7\u00e3o Mecanizada por GPS<\/title>\n<meta name=\"robots\" content=\"index, follow, max-snippet:-1, max-image-preview:large, max-video-preview:-1\" \/>\n<link rel=\"canonical\" href=\"https:\/\/clone.vinomatos.com\/en\/digital-catalogs\/\" \/>\n<meta property=\"og:locale\" content=\"en_US\" \/>\n<meta property=\"og:type\" content=\"article\" \/>\n<meta property=\"og:title\" content=\"Digital Catalogs - Vinomatos \u00ae L\u00edder Mundial em Planta\u00e7\u00e3o Mecanizada por GPS\" \/>\n<meta property=\"og:description\" content=\"Click to view the catalog Lorem ipsum dolor sit amet, consectetur adipiscing elit. Ut elit tellus, luctus nec ullamcorper mattis, pulvinar dapibus leo. Vinomatos 2025 Presentation Download Machine Revolution Presentation Download Vinomatos Catalog 2025 Download R\u00e9volution Machine &#8211; Flyer 2025 &#8211; Download Metal Poles Catalog 2025 Download Mechanized Planting Download\" \/>\n<meta property=\"og:url\" content=\"https:\/\/clone.vinomatos.com\/en\/digital-catalogs\/\" \/>\n<meta property=\"og:site_name\" content=\"Vinomatos \u00ae L\u00edder Mundial em Planta\u00e7\u00e3o Mecanizada por GPS\" \/>\n<meta property=\"article:publisher\" content=\"https:\/\/facebook.com\/vinomatos\" \/>\n<meta property=\"article:modified_time\" content=\"2025-07-24T15:31:37+00:00\" \/>\n<meta property=\"og:image\" content=\"https:\/\/clone.vinomatos.com\/wp-content\/uploads\/2025\/07\/Saugon-Blay-4400-plants.jpg\" \/>\n\t<meta property=\"og:image:width\" content=\"1334\" \/>\n\t<meta property=\"og:image:height\" content=\"1000\" \/>\n\t<meta property=\"og:image:type\" content=\"image\/jpeg\" \/>\n<meta name=\"twitter:card\" content=\"summary_large_image\" \/>\n<meta name=\"twitter:site\" content=\"@vinomatos\" \/>\n<script type=\"application\/ld+json\" class=\"yoast-schema-graph\">{\"@context\":\"https:\/\/schema.org\",\"@graph\":[{\"@type\":\"WebPage\",\"@id\":\"https:\/\/clone.vinomatos.com\/en\/digital-catalogs\/\",\"url\":\"https:\/\/clone.vinomatos.com\/en\/digital-catalogs\/\",\"name\":\"Digital Catalogs - Vinomatos \u00ae L\u00edder Mundial em Planta\u00e7\u00e3o Mecanizada por GPS\",\"isPartOf\":{\"@id\":\"https:\/\/clone.vinomatos.com\/en\/#website\"},\"primaryImageOfPage\":{\"@id\":\"https:\/\/clone.vinomatos.com\/en\/digital-catalogs\/#primaryimage\"},\"image\":{\"@id\":\"https:\/\/clone.vinomatos.com\/en\/digital-catalogs\/#primaryimage\"},\"thumbnailUrl\":\"https:\/\/clone.vinomatos.com\/wp-content\/uploads\/2025\/07\/Saugon-Blay-4400-plants.jpg\",\"datePublished\":\"2025-06-16T13:57:59+00:00\",\"dateModified\":\"2025-07-24T15:31:37+00:00\",\"breadcrumb\":{\"@id\":\"https:\/\/clone.vinomatos.com\/en\/digital-catalogs\/#breadcrumb\"},\"inLanguage\":\"en-US\",\"potentialAction\":[{\"@type\":\"ReadAction\",\"target\":[\"https:\/\/clone.vinomatos.com\/en\/digital-catalogs\/\"]}]},{\"@type\":\"ImageObject\",\"inLanguage\":\"en-US\",\"@id\":\"https:\/\/clone.vinomatos.com\/en\/digital-catalogs\/#primaryimage\",\"url\":\"https:\/\/clone.vinomatos.com\/wp-content\/uploads\/2025\/07\/Saugon-Blay-4400-plants.jpg\",\"contentUrl\":\"https:\/\/clone.vinomatos.com\/wp-content\/uploads\/2025\/07\/Saugon-Blay-4400-plants.jpg\",\"width\":1334,\"height\":1000},{\"@type\":\"BreadcrumbList\",\"@id\":\"https:\/\/clone.vinomatos.com\/en\/digital-catalogs\/#breadcrumb\",\"itemListElement\":[{\"@type\":\"ListItem\",\"position\":1,\"name\":\"Home\",\"item\":\"https:\/\/clone.vinomatos.com\/en\/beginning\/\"},{\"@type\":\"ListItem\",\"position\":2,\"name\":\"Digital Catalogs\"}]},{\"@type\":\"WebSite\",\"@id\":\"https:\/\/clone.vinomatos.com\/en\/#website\",\"url\":\"https:\/\/clone.vinomatos.com\/en\/\",\"name\":\"Vinomatos \u00ae L\u00edder Mundial em Planta\u00e7\u00e3o Mecanizada por GPS\",\"description\":\"\",\"publisher\":{\"@id\":\"https:\/\/clone.vinomatos.com\/en\/#organization\"},\"potentialAction\":[{\"@type\":\"SearchAction\",\"target\":{\"@type\":\"EntryPoint\",\"urlTemplate\":\"https:\/\/clone.vinomatos.com\/en\/?s={search_term_string}\"},\"query-input\":{\"@type\":\"PropertyValueSpecification\",\"valueRequired\":true,\"valueName\":\"search_term_string\"}}],\"inLanguage\":\"en-US\"},{\"@type\":\"Organization\",\"@id\":\"https:\/\/clone.vinomatos.com\/en\/#organization\",\"name\":\"Vinomatos - L\u00edder Mundial em Planta\u00e7\u00e3o Mecanizada por GPS\",\"url\":\"https:\/\/clone.vinomatos.com\/en\/\",\"logo\":{\"@type\":\"ImageObject\",\"inLanguage\":\"en-US\",\"@id\":\"https:\/\/clone.vinomatos.com\/en\/#\/schema\/logo\/image\/\",\"url\":\"https:\/\/clone.vinomatos.com\/wp-content\/uploads\/2025\/07\/V-Logo.png\",\"contentUrl\":\"https:\/\/clone.vinomatos.com\/wp-content\/uploads\/2025\/07\/V-Logo.png\",\"width\":711,\"height\":247,\"caption\":\"Vinomatos - L\u00edder Mundial em Planta\u00e7\u00e3o Mecanizada por GPS\"},\"image\":{\"@id\":\"https:\/\/clone.vinomatos.com\/en\/#\/schema\/logo\/image\/\"},\"sameAs\":[\"https:\/\/facebook.com\/vinomatos\",\"https:\/\/x.com\/vinomatos\",\"https:\/\/instagram.com\/vinomatos\",\"https:\/\/linkedin.com\/company\/vinomatos\"]}]}<\/script>\n<!-- \/ Yoast SEO plugin. -->","yoast_head_json":{"title":"Digital Catalogs - Vinomatos \u00ae L\u00edder Mundial em Planta\u00e7\u00e3o Mecanizada por GPS","robots":{"index":"index","follow":"follow","max-snippet":"max-snippet:-1","max-image-preview":"max-image-preview:large","max-video-preview":"max-video-preview:-1"},"canonical":"https:\/\/clone.vinomatos.com\/en\/digital-catalogs\/","og_locale":"en_US","og_type":"article","og_title":"Digital Catalogs - Vinomatos \u00ae L\u00edder Mundial em Planta\u00e7\u00e3o Mecanizada por GPS","og_description":"Click to view the catalog Lorem ipsum dolor sit amet, consectetur adipiscing elit. Ut elit tellus, luctus nec ullamcorper mattis, pulvinar dapibus leo. Vinomatos 2025 Presentation Download Machine Revolution Presentation Download Vinomatos Catalog 2025 Download R\u00e9volution Machine &#8211; Flyer 2025 &#8211; Download Metal Poles Catalog 2025 Download Mechanized Planting Download","og_url":"https:\/\/clone.vinomatos.com\/en\/digital-catalogs\/","og_site_name":"Vinomatos \u00ae L\u00edder Mundial em Planta\u00e7\u00e3o Mecanizada por GPS","article_publisher":"https:\/\/facebook.com\/vinomatos","article_modified_time":"2025-07-24T15:31:37+00:00","og_image":[{"width":1334,"height":1000,"url":"https:\/\/clone.vinomatos.com\/wp-content\/uploads\/2025\/07\/Saugon-Blay-4400-plants.jpg","type":"image\/jpeg"}],"twitter_card":"summary_large_image","twitter_site":"@vinomatos","schema":{"@context":"https:\/\/schema.org","@graph":[{"@type":"WebPage","@id":"https:\/\/clone.vinomatos.com\/en\/digital-catalogs\/","url":"https:\/\/clone.vinomatos.com\/en\/digital-catalogs\/","name":"Digital Catalogs - Vinomatos \u00ae L\u00edder Mundial em Planta\u00e7\u00e3o Mecanizada por GPS","isPartOf":{"@id":"https:\/\/clone.vinomatos.com\/en\/#website"},"primaryImageOfPage":{"@id":"https:\/\/clone.vinomatos.com\/en\/digital-catalogs\/#primaryimage"},"image":{"@id":"https:\/\/clone.vinomatos.com\/en\/digital-catalogs\/#primaryimage"},"thumbnailUrl":"https:\/\/clone.vinomatos.com\/wp-content\/uploads\/2025\/07\/Saugon-Blay-4400-plants.jpg","datePublished":"2025-06-16T13:57:59+00:00","dateModified":"2025-07-24T15:31:37+00:00","breadcrumb":{"@id":"https:\/\/clone.vinomatos.com\/en\/digital-catalogs\/#breadcrumb"},"inLanguage":"en-US","potentialAction":[{"@type":"ReadAction","target":["https:\/\/clone.vinomatos.com\/en\/digital-catalogs\/"]}]},{"@type":"ImageObject","inLanguage":"en-US","@id":"https:\/\/clone.vinomatos.com\/en\/digital-catalogs\/#primaryimage","url":"https:\/\/clone.vinomatos.com\/wp-content\/uploads\/2025\/07\/Saugon-Blay-4400-plants.jpg","contentUrl":"https:\/\/clone.vinomatos.com\/wp-content\/uploads\/2025\/07\/Saugon-Blay-4400-plants.jpg","width":1334,"height":1000},{"@type":"BreadcrumbList","@id":"https:\/\/clone.vinomatos.com\/en\/digital-catalogs\/#breadcrumb","itemListElement":[{"@type":"ListItem","position":1,"name":"Home","item":"https:\/\/clone.vinomatos.com\/en\/beginning\/"},{"@type":"ListItem","position":2,"name":"Digital Catalogs"}]},{"@type":"WebSite","@id":"https:\/\/clone.vinomatos.com\/en\/#website","url":"https:\/\/clone.vinomatos.com\/en\/","name":"Vinomatos \u00ae L\u00edder Mundial em Planta\u00e7\u00e3o Mecanizada por GPS","description":"","publisher":{"@id":"https:\/\/clone.vinomatos.com\/en\/#organization"},"potentialAction":[{"@type":"SearchAction","target":{"@type":"EntryPoint","urlTemplate":"https:\/\/clone.vinomatos.com\/en\/?s={search_term_string}"},"query-input":{"@type":"PropertyValueSpecification","valueRequired":true,"valueName":"search_term_string"}}],"inLanguage":"en-US"},{"@type":"Organization","@id":"https:\/\/clone.vinomatos.com\/en\/#organization","name":"Vinomatos - L\u00edder Mundial em Planta\u00e7\u00e3o Mecanizada por GPS","url":"https:\/\/clone.vinomatos.com\/en\/","logo":{"@type":"ImageObject","inLanguage":"en-US","@id":"https:\/\/clone.vinomatos.com\/en\/#\/schema\/logo\/image\/","url":"https:\/\/clone.vinomatos.com\/wp-content\/uploads\/2025\/07\/V-Logo.png","contentUrl":"https:\/\/clone.vinomatos.com\/wp-content\/uploads\/2025\/07\/V-Logo.png","width":711,"height":247,"caption":"Vinomatos - L\u00edder Mundial em Planta\u00e7\u00e3o Mecanizada por GPS"},"image":{"@id":"https:\/\/clone.vinomatos.com\/en\/#\/schema\/logo\/image\/"},"sameAs":["https:\/\/facebook.com\/vinomatos","https:\/\/x.com\/vinomatos","https:\/\/instagram.com\/vinomatos","https:\/\/linkedin.com\/company\/vinomatos"]}]}},"_links":{"self":[{"href":"https:\/\/clone.vinomatos.com\/en\/wp-json\/wp\/v2\/pages\/14863","targetHints":{"allow":["GET"]}}],"collection":[{"href":"https:\/\/clone.vinomatos.com\/en\/wp-json\/wp\/v2\/pages"}],"about":[{"href":"https:\/\/clone.vinomatos.com\/en\/wp-json\/wp\/v2\/types\/page"}],"author":[{"embeddable":true,"href":"https:\/\/clone.vinomatos.com\/en\/wp-json\/wp\/v2\/users\/1"}],"replies":[{"embeddable":true,"href":"https:\/\/clone.vinomatos.com\/en\/wp-json\/wp\/v2\/comments?post=14863"}],"version-history":[{"count":2,"href":"https:\/\/clone.vinomatos.com\/en\/wp-json\/wp\/v2\/pages\/14863\/revisions"}],"predecessor-version":[{"id":21391,"href":"https:\/\/clone.vinomatos.com\/en\/wp-json\/wp\/v2\/pages\/14863\/revisions\/21391"}],"wp:featuredmedia":[{"embeddable":true,"href":"https:\/\/clone.vinomatos.com\/en\/wp-json\/wp\/v2\/media\/20865"}],"wp:attachment":[{"href":"https:\/\/clone.vinomatos.com\/en\/wp-json\/wp\/v2\/media?parent=14863"}],"curies":[{"name":"wp","href":"https:\/\/api.w.org\/{rel}","templated":true}]}}